{"id":7504,"date":"2024-07-12T07:06:04","date_gmt":"2024-07-12T07:06:04","guid":{"rendered":"https:\/\/codico.io\/buchen-sie-ein-15-minuetiges-zoom-gespraech-mit-unserem-experten\/"},"modified":"2025-12-09T09:33:33","modified_gmt":"2025-12-09T09:33:33","slug":"buchen-sie-ein-15-minuetiges-zoom-gespraech-mit-unserem-experten","status":"publish","type":"page","link":"https:\/\/codico.io\/de\/buchen-sie-ein-15-minuetiges-zoom-gespraech-mit-unserem-experten\/","title":{"rendered":"Buchen Sie ein 15-min\u00fctiges Zoom-Gespr\u00e4ch mit unserem Experten"},"content":{"rendered":"\t\t<div data-elementor-type=\"wp-page\" data-elementor-id=\"7504\" class=\"elementor elementor-7504 elementor-4085\">\n\t\t\t\t\t\t<section class=\"elementor-section elementor-top-section elementor-element elementor-element-4df5b201 elementor-section-boxed elementor-section-height-default elementor-section-height-default false\" data-id=\"4df5b201\" data-element_type=\"section\">\n\t\t\t\t\t\t<div class=\"elementor-container elementor-column-gap-default\">\n\t\t\t\t\t<div class=\"elementor-column elementor-col-100 elementor-top-column elementor-element elementor-element-279c7d28\" data-id=\"279c7d28\" data-element_type=\"column\">\n\t\t\t<div class=\"elementor-widget-wrap elementor-element-populated\">\n\t\t\t\t\r\n\t\t<div class=\"elementor-element elementor-element-c61c8ae elementor-widget elementor-widget-text-editor\" data-id=\"c61c8ae\" data-element_type=\"widget\" data-widget_type=\"text-editor.default\">\n\t\t\t\t<div class=\"elementor-widget-container\">\n\t\t\t\t\t\t\t<h1 style=\"text-align: center; font-weight: bold; font-size: 32px !important; line-height: 40px !important; color: #273044; margin-bottom: 16px !important; margin-top: 32px !important;\">Buchen Sie einen 15-min\u00fctigen Zoom-Anruf mit unserem Experten<\/h1>\n<p style=\"text-align: center; font-weight: 400; font-size: 18px; line-height: 26px; color: #7d838f; margin-bottom: 28px;\">Buchen Sie eine Live-Demo der CodiCo Dispatch Software und sehen Sie, wie unsere L\u00f6sung Ihnen hilft, Fahrten, Buchungen, Fahrzeuge, Fahrer, Kunden und Zahlungen in einem einfachen System f\u00fcr Flughafen- und Taxiunternehmen zu verwalten.<\/p>\n\t\t\t\t\t\t<\/div>\n\t\t\t\t<\/div>\n\t\t\t\t<div class=\"elementor-element elementor-element-3d69eb0d elementor-widget elementor-widget-text-editor\" data-id=\"3d69eb0d\" data-element_type=\"widget\" data-widget_type=\"text-editor.default\">\n\t\t\t\t<div class=\"elementor-widget-container\">\n\t\t\t\t\t\t\t\n\n<div class=\"calendly-inline-widget\" data-url=\"https:\/\/calendly.com\/codico\/15min\" style=\"min-width:320px;height:700px;\"><\/div>\n<script type=\"text\/javascript\" src=\"https:\/\/assets.calendly.com\/assets\/external\/widget.js\" async=\"\"><\/script>\n\n\t\t\t\t\t\t<\/div>\n\t\t\t\t<\/div>\n\t\t\t\t\t<\/div>\n\t\t<\/div>\n\t\t\t\t\t<\/div>\n\t\t<\/section>\n\t\t\t\t<\/div>\n\t\t","protected":false},"excerpt":{"rendered":"<p>Buchen Sie einen 15-min\u00fctigen Zoom-Anruf mit unserem Experten Buchen Sie eine Live-Demo der CodiCo Dispatch Software und sehen Sie, wie unsere L\u00f6sung Ihnen hilft, Fahrten, Buchungen, Fahrzeuge, Fahrer, Kunden und Zahlungen in einem einfachen System f\u00fcr Flughafen- und Taxiunternehmen zu verwalten.<\/p>\n","protected":false},"author":1,"featured_media":0,"parent":0,"menu_order":0,"comment_status":"closed","ping_status":"closed","template":"templates\/landing.php","meta":{"footnotes":""},"class_list":["post-7504","page","type-page","status-publish","hentry"],"aioseo_notices":[],"_links":{"self":[{"href":"https:\/\/codico.io\/de\/wp-json\/wp\/v2\/pages\/7504","targetHints":{"allow":["GET"]}}],"collection":[{"href":"https:\/\/codico.io\/de\/wp-json\/wp\/v2\/pages"}],"about":[{"href":"https:\/\/codico.io\/de\/wp-json\/wp\/v2\/types\/page"}],"author":[{"embeddable":true,"href":"https:\/\/codico.io\/de\/wp-json\/wp\/v2\/users\/1"}],"replies":[{"embeddable":true,"href":"https:\/\/codico.io\/de\/wp-json\/wp\/v2\/comments?post=7504"}],"version-history":[{"count":0,"href":"https:\/\/codico.io\/de\/wp-json\/wp\/v2\/pages\/7504\/revisions"}],"wp:attachment":[{"href":"https:\/\/codico.io\/de\/wp-json\/wp\/v2\/media?parent=7504"}],"curies":[{"name":"wp","href":"https:\/\/api.w.org\/{rel}","templated":true}]}}