{"id":7509,"date":"2021-03-04T10:42:18","date_gmt":"2021-03-04T10:42:18","guid":{"rendered":"https:\/\/codico.io\/angebot-einholen\/"},"modified":"2025-10-06T06:53:12","modified_gmt":"2025-10-06T06:53:12","slug":"angebot-einholen","status":"publish","type":"page","link":"https:\/\/codico.io\/de\/angebot-einholen\/","title":{"rendered":"Kontakt"},"content":{"rendered":"\t\t<div data-elementor-type=\"wp-page\" data-elementor-id=\"7509\" class=\"elementor elementor-7509 elementor-1069\">\n\t\t\t\t\t\t<section class=\"elementor-section elementor-top-section elementor-element elementor-element-33e6553 elementor-section-boxed elementor-section-height-default elementor-section-height-default false\" data-id=\"33e6553\" data-element_type=\"section\" data-settings=\"{&quot;background_background&quot;:&quot;classic&quot;}\">\n\t\t\t\t\t\t<div class=\"elementor-container elementor-column-gap-default\">\n\t\t\t\t\t<div class=\"elementor-column elementor-col-50 elementor-top-column elementor-element elementor-element-03cbe99\" data-id=\"03cbe99\" data-element_type=\"column\">\n\t\t\t<div class=\"elementor-widget-wrap elementor-element-populated\">\n\t\t\t\t\r\n\t\t<div class=\"elementor-element elementor-element-29c3654 false elementor-widget elementor-widget-heading\" data-id=\"29c3654\" data-element_type=\"widget\" data-widget_type=\"heading.default\">\n\t\t\t\t<div class=\"elementor-widget-container\">\n\t\t\t<h2 class=\"elementor-heading-title elementor-size-default\">Erhalten Sie eine kostenlose Sch\u00e4tzung<\/h2>\t\t<\/div>\n\t\t\t\t<\/div>\n\t\t\t\t<div class=\"elementor-element elementor-element-a210290 elementor-widget elementor-widget-text-editor\" data-id=\"a210290\" data-element_type=\"widget\" data-widget_type=\"text-editor.default\">\n\t\t\t\t<div class=\"elementor-widget-container\">\n\t\t\t\t\t\t\t<p><span style=\"color: #000000;\">W\u00e4hlen Sie die Kommunikationsmethode, die f\u00fcr Sie am bequemsten ist.<\/span><\/p>\n\t\t\t\t\t\t<\/div>\n\t\t\t\t<\/div>\n\t\t\t\t<div class=\"elementor-element elementor-element-bec216a none none false false none-data-animation false elementor-widget elementor-widget-image\" data-id=\"bec216a\" data-element_type=\"widget\" data-widget_type=\"image.default\">\n\t\t\t\t<div class=\"elementor-widget-container\">\n\t\t\t\t\t\t\t\t\t\t\t\t\t<img fetchpriority=\"high\" decoding=\"async\" width=\"941\" height=\"403\" src=\"https:\/\/codico.io\/wp-content\/uploads\/2024\/07\/get-free-quote.png\" class=\"attachment-full size-full wp-image-5005\" alt=\"Get Free Quote\" srcset=\"https:\/\/codico.io\/wp-content\/uploads\/2024\/07\/get-free-quote.png 941w, https:\/\/codico.io\/wp-content\/uploads\/2024\/07\/get-free-quote-300x128.png 300w, https:\/\/codico.io\/wp-content\/uploads\/2024\/07\/get-free-quote-768x329.png 768w, https:\/\/codico.io\/wp-content\/uploads\/2024\/07\/get-free-quote-600x257.png 600w\" sizes=\"(max-width: 941px) 100vw, 941px\" \/>\t\t\t\t\t\t\t\t\t\t\t\t\t<\/div>\n\t\t\t\t<\/div>\n\t\t\t\t<div class=\"elementor-element elementor-element-7ba27c9 hide-mobile elementor-widget elementor-widget-text-editor\" data-id=\"7ba27c9\" data-element_type=\"widget\" data-widget_type=\"text-editor.default\">\n\t\t\t\t<div class=\"elementor-widget-container\">\n\t\t\t\t\t\t\tM\u00f6chten Sie Ihr Projekt pers\u00f6nlich mit unserem Experten besprechen?\n\nKein Problem! Vereinbaren Sie ein <a title=\"Buchen Sie ein 15-min\u00fctiges Zoom-Meeting\" href=\"https:\/\/codico.io\/de\/buchen-sie-ein-15-minuetiges-zoom-gespraech-mit-unserem-experten\/\" target=\"_blank\" rel=\"noopener\"><span style=\"color: #9358fe;\">15-min\u00fctiges Zoom-Gespr\u00e4ch<\/span><\/a>\t\t\t\t\t\t<\/div>\n\t\t\t\t<\/div>\n\t\t\t\t\t<\/div>\n\t\t<\/div>\n\t\t\t\t<div class=\"elementor-column elementor-col-50 elementor-top-column elementor-element elementor-element-c5de27e\" data-id=\"c5de27e\" data-element_type=\"column\">\n\t\t\t<div class=\"elementor-widget-wrap elementor-element-populated\">\n\t\t\t\t\t\t<div class=\"elementor-element elementor-element-672b958 false elementor-widget elementor-widget-heading\" data-id=\"672b958\" data-element_type=\"widget\" data-widget_type=\"heading.default\">\n\t\t\t\t<div class=\"elementor-widget-container\">\n\t\t\t<h2 class=\"elementor-heading-title elementor-size-default\">Bitte f\u00fcllen Sie das Formular aus, damit wir Ihnen weiterhelfen k\u00f6nnen.<\/h2>\t\t<\/div>\n\t\t\t\t<\/div>\n\t\t\t\t<div class=\"elementor-element elementor-element-a7ecd19 elementor-widget elementor-widget-shortcode\" data-id=\"a7ecd19\" data-element_type=\"widget\" data-widget_type=\"shortcode.default\">\n\t\t\t\t<div class=\"elementor-widget-container\">\n\t\t\t\t\t<div class=\"elementor-shortcode\">\n<div class=\"wpcf7 no-js\" id=\"wpcf7-f6471-o1\" lang=\"en-US\" dir=\"ltr\" data-wpcf7-id=\"6471\">\n<div class=\"screen-reader-response\"><p role=\"status\" aria-live=\"polite\" aria-atomic=\"true\"><\/p> <ul><\/ul><\/div>\n<form action=\"\/de\/wp-json\/wp\/v2\/pages\/7509#wpcf7-f6471-o1\" method=\"post\" class=\"wpcf7-form init\" aria-label=\"Contact form\" novalidate=\"novalidate\" data-status=\"init\">\n<fieldset class=\"hidden-fields-container\"><input type=\"hidden\" name=\"_wpcf7\" value=\"6471\" \/><input type=\"hidden\" name=\"_wpcf7_version\" value=\"6.1.5\" \/><input type=\"hidden\" name=\"_wpcf7_locale\" value=\"en_US\" \/><input type=\"hidden\" name=\"_wpcf7_unit_tag\" value=\"wpcf7-f6471-o1\" \/><input type=\"hidden\" name=\"_wpcf7_container_post\" value=\"0\" \/><input type=\"hidden\" name=\"_wpcf7_posted_data_hash\" value=\"\" \/><input type=\"hidden\" name=\"_wpcf7_recaptcha_response\" value=\"\" \/>\n<\/fieldset>\n<div class=\"contact-form-19\">\n\t<p><span class=\"wpcf7-form-control-wrap\" data-name=\"name-886\"><input size=\"40\" maxlength=\"400\" class=\"wpcf7-form-control wpcf7-text wpcf7-validates-as-required\" aria-required=\"true\" aria-invalid=\"false\" placeholder=\"Ihr Name*\" value=\"\" type=\"text\" name=\"name-886\" \/><\/span>\n\t<\/p>\n\t<p><span class=\"wpcf7-form-control-wrap\" data-name=\"email-831\"><input size=\"40\" maxlength=\"400\" class=\"wpcf7-form-control wpcf7-email wpcf7-validates-as-required wpcf7-text wpcf7-validates-as-email\" aria-required=\"true\" aria-invalid=\"false\" placeholder=\"Ihre E-Mail*\" value=\"\" type=\"email\" name=\"email-831\" \/><\/span>\n\t<\/p>\n\t<p><span class=\"wpcf7-form-control-wrap\" data-name=\"tel-225\"><input size=\"40\" maxlength=\"400\" class=\"wpcf7-form-control wpcf7-tel wpcf7-text wpcf7-validates-as-tel get-quote-fields\" aria-invalid=\"false\" placeholder=\"Ihre Telefonnummer\" value=\"\" type=\"tel\" name=\"tel-225\" \/><\/span>\n\t<\/p>\n\t<p><span class=\"wpcf7-form-control-wrap\" data-name=\"service-list-menu-468\"><select class=\"wpcf7-form-control wpcf7-select wpcf7-validates-as-required get-quote-fields\" aria-required=\"true\" aria-invalid=\"false\" name=\"service-list-menu-468\"><option value=\"Taxi-Dispatch-Software\">Taxi-Dispatch-Software<\/option><option value=\"Website-Entwicklung\">Website-Entwicklung<\/option><option value=\"WordPress-Anpassung\">WordPress-Anpassung<\/option><option value=\"Website-Pflege\">Website-Pflege<\/option><option value=\"UI\/UX-Design\">UI\/UX-Design<\/option><option value=\"Mobile App\">Mobile App<\/option><option value=\"CRM-System-Entwicklung\">CRM-System-Entwicklung<\/option><option value=\"KI-Integration\">KI-Integration<\/option><option value=\"Google Ads\">Google Ads<\/option><option value=\"Vorverkaufsfragen\">Vorverkaufsfragen<\/option><option value=\"Sonstiges\">Sonstiges<\/option><\/select><\/span>\n\t<\/p>\n\t<p><span class=\"wpcf7-form-control-wrap\" data-name=\"description-textarea-16\"><textarea cols=\"40\" rows=\"10\" maxlength=\"2000\" class=\"wpcf7-form-control wpcf7-textarea get-quote-area-fields\" aria-invalid=\"false\" placeholder=\"Beschreibung\" name=\"description-textarea-16\"><\/textarea><\/span>\n\t<\/p>\n\t<p><span class=\"wpcf7-form-control-wrap\" data-name=\"website-url-107\"><input size=\"40\" maxlength=\"400\" class=\"wpcf7-form-control wpcf7-url wpcf7-text wpcf7-validates-as-url get-quote-fields\" aria-invalid=\"false\" placeholder=\"Website-URL\" value=\"\" type=\"url\" name=\"website-url-107\" \/><\/span>\n\t<\/p>\n\t<p><span class=\"wpcf7-form-control-wrap\" data-name=\"coupon-code-text-309\"><input size=\"40\" maxlength=\"400\" class=\"wpcf7-form-control wpcf7-text get-quote-fields\" aria-invalid=\"false\" placeholder=\"Gutscheincode\" value=\"\" type=\"text\" name=\"coupon-code-text-309\" \/><\/span>\n\t<\/p>\n\t<p><span class=\"get-estimate-form\">Durch Klicken auf die Schaltfl\u00e4che \"Anfrage senden\" unten best\u00e4tigen Sie, dass Sie allen unseren <a href=\"https:\/\/codico.io\/de\/allgemeine-geschaeftsbedingungen\/\" target=\"_blank\" style=\"color: #9358fe;\" title=\"Allgemeine Gesch\u00e4ftsbedingungen\">AGB<\/a>, der <a href=\"https:\/\/codico.io\/de\/datenschutzrichtlinie\/\" target=\"_blank\" style=\"color: #9358fe;\" title=\"Datenschutzrichtlinie\">Datenschutzrichtlinie<\/a> und der <a href=\"https:\/\/codico.io\/de\/rueckerstattungsrichtlinie\/\" target=\"_blank\" style=\"color: #9358fe;\" title=\"R\u00fcckerstattungsrichtlinie\">R\u00fcckerstattungsrichtlinie<\/a> zustimmen.<\/span>\n\t<\/p>\n\t<p><span class=\"contact-submit-19\"><input class=\"wpcf7-form-control wpcf7-submit has-spinner\" type=\"submit\" value=\"Anfrage senden\" \/><\/span>\n\t<\/p>\n<\/div><div class=\"wpcf7-response-output\" aria-hidden=\"true\"><\/div>\n<\/form>\n<\/div>\n<\/div>\n\t\t\t\t<\/div>\n\t\t\t\t<\/div>\n\t\t\t\t<div class=\"elementor-element elementor-element-f449b5b show-mobile elementor-widget elementor-widget-text-editor\" data-id=\"f449b5b\" data-element_type=\"widget\" data-widget_type=\"text-editor.default\">\n\t\t\t\t<div class=\"elementor-widget-container\">\n\t\t\t\t\t\t\t<p>M\u00f6chten Sie Ihr Projekt pers\u00f6nlich mit unserem Experten besprechen?<\/p>\n<\/p>\n<p>Kein Problem! Vereinbaren Sie ein <a title=\"Buchen Sie ein 15-min\u00fctiges Zoom-Meeting\" href=\"https:\/\/codico.io\/de\/buchen-sie-ein-15-minuetiges-zoom-gespraech-mit-unserem-experten\/\" target=\"_blank\" rel=\"noopener\"><span style=\"color: #9358fe;\">15-min\u00fctiges Zoom-Gespr\u00e4ch<\/span><\/a> <\/p><\/p>\n\t\t\t\t\t\t<\/div>\n\t\t\t\t<\/div>\n\t\t\t\t\t<\/div>\n\t\t<\/div>\n\t\t\t\t\t<\/div>\n\t\t<\/section>\n\t\t\t\t<\/div>\n\t\t","protected":false},"excerpt":{"rendered":"<p>Erhalten Sie eine kostenlose Sch\u00e4tzung W\u00e4hlen Sie die Kommunikationsmethode, die f\u00fcr Sie am bequemsten ist. M\u00f6chten Sie Ihr Projekt pers\u00f6nlich mit unserem Experten besprechen? Kein Problem! Vereinbaren Sie ein 15-min\u00fctiges Zoom-Gespr\u00e4ch Bitte f\u00fcllen Sie das Formular aus, damit wir Ihnen weiterhelfen k\u00f6nnen. M\u00f6chten Sie Ihr Projekt pers\u00f6nlich mit unserem Experten besprechen? Kein Problem! Vereinbaren Sie [&hellip;]<\/p>\n","protected":false},"author":1,"featured_media":0,"parent":0,"menu_order":0,"comment_status":"closed","ping_status":"closed","template":"","meta":{"footnotes":""},"class_list":["post-7509","page","type-page","status-publish","hentry"],"aioseo_notices":[],"_links":{"self":[{"href":"https:\/\/codico.io\/de\/wp-json\/wp\/v2\/pages\/7509","targetHints":{"allow":["GET"]}}],"collection":[{"href":"https:\/\/codico.io\/de\/wp-json\/wp\/v2\/pages"}],"about":[{"href":"https:\/\/codico.io\/de\/wp-json\/wp\/v2\/types\/page"}],"author":[{"embeddable":true,"href":"https:\/\/codico.io\/de\/wp-json\/wp\/v2\/users\/1"}],"replies":[{"embeddable":true,"href":"https:\/\/codico.io\/de\/wp-json\/wp\/v2\/comments?post=7509"}],"version-history":[{"count":0,"href":"https:\/\/codico.io\/de\/wp-json\/wp\/v2\/pages\/7509\/revisions"}],"wp:attachment":[{"href":"https:\/\/codico.io\/de\/wp-json\/wp\/v2\/media?parent=7509"}],"curies":[{"name":"wp","href":"https:\/\/api.w.org\/{rel}","templated":true}]}}