{"id":7534,"date":"2023-01-22T17:21:00","date_gmt":"2023-01-22T17:21:00","guid":{"rendered":"https:\/\/codico.io\/datenschutzrichtlinie\/"},"modified":"2025-01-30T10:49:03","modified_gmt":"2025-01-30T10:49:03","slug":"datenschutzrichtlinie","status":"publish","type":"page","link":"https:\/\/codico.io\/de\/datenschutzrichtlinie\/","title":{"rendered":"Datenschutzrichtlinie"},"content":{"rendered":"\t\t<div data-elementor-type=\"wp-page\" data-elementor-id=\"7534\" class=\"elementor elementor-7534 elementor-3\">\n\t\t\t\t\t\t<section class=\"elementor-section elementor-top-section elementor-element elementor-element-56b1599c elementor-section-boxed elementor-section-height-default elementor-section-height-default false\" data-id=\"56b1599c\" data-element_type=\"section\">\n\t\t\t\t\t\t<div class=\"elementor-container elementor-column-gap-default\">\n\t\t\t\t\t<div class=\"elementor-column elementor-col-100 elementor-top-column elementor-element elementor-element-3a797e68\" data-id=\"3a797e68\" data-element_type=\"column\">\n\t\t\t<div class=\"elementor-widget-wrap elementor-element-populated\">\n\t\t\t\t\r\n\t\t<div class=\"elementor-element elementor-element-5f03b5f1 elementor-widget elementor-widget-text-editor\" data-id=\"5f03b5f1\" data-element_type=\"widget\" data-widget_type=\"text-editor.default\">\n\t\t\t\t<div class=\"elementor-widget-container\">\n\t\t\t\t\t\t\t<p><em><strong><span style=\"color: #212529;\">Letzte Aktualisierung: [25.06.2024]<\/span><\/strong><\/em><\/p><p>\u00a0<\/p><p><span style=\"color: #212529;\"><strong>CodiCo<\/strong> respektiert Ihre Privatsph\u00e4re und verpflichtet sich, die pers\u00f6nlichen Informationen, die Sie mit uns teilen, zu sch\u00fctzen. Diese Datenschutzrichtlinie beschreibt, wie wir Ihre Informationen sammeln, verwenden, offenlegen und sch\u00fctzen, wenn Sie unsere Website besuchen oder unsere Webentwicklungsdienste nutzen (zusammenfassend als &#8220;Dienste&#8221; bezeichnet).<\/span><\/p><p>\u00a0<\/p><h3><span style=\"color: #212529;\">1. Informationen, die wir sammeln<\/span><\/h3><p><span style=\"color: #212529;\">Wir k\u00f6nnen die folgenden Informationen \u00fcber Sie sammeln und verarbeiten:<\/span><\/p><p>\u00a0<\/p><ul class=\"custom-li\"><li><span style=\"color: #212529;\"><strong>Pers\u00f6nliche Informationen:<\/strong> Name, E-Mail-Adresse, Telefonnummer, Postanschrift und andere Kontaktinformationen.<\/span><\/li><li><span style=\"color: #212529;\"><strong>Technische Daten:<\/strong> IP-Adresse, Browsertyp und -version, Zeitzoneneinstellung, Browser-Plug-in-Typen und -Versionen, Betriebssystem und Plattform.<\/span><\/li><li><span style=\"color: #212529;\"><strong>Verwendungsdaten:<\/strong> Informationen dar\u00fcber, wie Sie unsere Website und Dienste nutzen.<\/span><\/li><li><span style=\"color: #212529;\"><strong>Marketing- und Kommunikationsdaten:<\/strong> Ihre Pr\u00e4ferenzen hinsichtlich des Empfangs von Marketingkommunikationen von uns und Ihre Kommunikationspr\u00e4ferenzen.<\/span><\/li><\/ul><p>\u00a0<\/p><h3><span style=\"color: #212529;\">2. Wie wir Ihre Informationen verwenden<\/span><\/h3><p><span style=\"color: #212529;\">Wir verwenden die gesammelten Informationen f\u00fcr folgende Zwecke:<\/span><\/p><p>\u00a0<\/p><ul class=\"custom-li\"><li><span style=\"color: #212529;\">Um unsere Dienste bereitzustellen, zu betreiben und zu pflegen.<\/span><\/li><li><span style=\"color: #212529;\">Um mit Ihnen zu kommunizieren, einschlie\u00dflich der Beantwortung Ihrer Anfragen und der Bereitstellung von Kundensupport.<\/span><\/li><li><span style=\"color: #212529;\">Um Ihre Erfahrung zu personalisieren und Inhalte sowie Produktangebote zu liefern, die f\u00fcr Ihre Interessen relevant sind.<\/span><\/li><li><span style=\"color: #212529;\">Um unsere Website und Dienste zu verbessern und neue Produkte und Funktionen zu entwickeln.<\/span><\/li><li><span style=\"color: #212529;\">Um gesetzlichen Verpflichtungen nachzukommen und unsere Allgemeinen Gesch\u00e4ftsbedingungen durchzusetzen.<\/span><\/li><\/ul><p>\u00a0<\/p><h3><span style=\"color: #212529;\">3. Weitergabe Ihrer Informationen<\/span><\/h3><p><span style=\"color: #212529;\">Wir verkaufen, handeln oder \u00fcbermitteln Ihre pers\u00f6nlichen Informationen nicht an Dritte, es sei denn, wir informieren Sie im Voraus. Dies gilt nicht f\u00fcr Website-Hosting-Partner und andere Parteien, die uns bei der Verwaltung unserer Website, der Durchf\u00fchrung unseres Gesch\u00e4fts oder der Bedienung unserer Nutzer unterst\u00fctzen, solange diese Parteien zustimmen, diese Informationen vertraulich zu behandeln.<\/span><\/p><p>\u00a0<\/p><h3><span style=\"color: #212529;\">4. Sicherheit Ihrer Informationen<\/span><\/h3><p><span style=\"color: #212529;\">Wir implementieren verschiedene Sicherheitsma\u00dfnahmen, um die Sicherheit Ihrer pers\u00f6nlichen Informationen zu gew\u00e4hrleisten, wenn Sie diese eingeben, \u00fcbermitteln oder darauf zugreifen.<br \/><br \/><\/span><\/p><h3><span style=\"color: #212529;\">5. Ihre Rechte<\/span><\/h3><p><span style=\"color: #212529;\">Sie haben das Recht auf:<\/span><\/p><p>\u00a0<\/p><ul class=\"custom-li\"><li><span style=\"color: #212529;\">Zugang zu den pers\u00f6nlichen Informationen, die wir \u00fcber Sie speichern.<\/span><\/li><li><span style=\"color: #212529;\">Korrektur der pers\u00f6nlichen Informationen, die wir \u00fcber Sie speichern.<\/span><\/li><li><span style=\"color: #212529;\">L\u00f6schung Ihrer pers\u00f6nlichen Informationen zu verlangen.<\/span><\/li><li><span style=\"color: #212529;\">Widerspruch gegen die Verarbeitung Ihrer pers\u00f6nlichen Informationen.<\/span><\/li><li><span style=\"color: #212529;\">Einschr\u00e4nkung der Verarbeitung Ihrer pers\u00f6nlichen Informationen zu verlangen.<\/span><\/li><li><span style=\"color: #212529;\">\u00dcbertragung Ihrer pers\u00f6nlichen Informationen zu verlangen.<\/span><\/li><\/ul><p>\u00a0<\/p><h3><span style=\"color: #212529;\">6. \u00c4nderungen dieser Datenschutzrichtlinie<\/span><\/h3><p><span style=\"color: #212529;\">CodiCo beh\u00e4lt sich das Recht vor, diese Datenschutzrichtlinie jederzeit zu aktualisieren oder zu \u00e4ndern. Wir werden die aktualisierte Richtlinie auf dieser Seite mit einem aktualisierten Datum der letzten Aktualisierung ver\u00f6ffentlichen.<\/span><\/p><p>\u00a0<\/p><h3><span style=\"color: #212529;\">7. Kontaktieren Sie uns<\/span><\/h3><p><span style=\"color: #212529;\">Wenn Sie Fragen zu dieser Datenschutzrichtlinie haben, kontaktieren Sie uns bitte unter:<\/span><\/p><p>\u00a0<\/p><p><span style=\"color: #212529;\"><strong>BILTO GROUP LLC<\/strong><br \/>Conrad Business Center, 1004 B\u00fcro, 10. Etage, Sheikh Zayed Rd \u2013 Trade Centre \u2013 Trade Centre 1, Dubai, Vereinigte Arabische Emirate.<\/span><\/p><p>\u00a0<\/p><p><span style=\"color: #0000ff;\"><a style=\"color: #0000ff;\" href=\"mailto:info@codico.io\">info@codico.io<\/a><\/span><\/p><p>\u00a0<\/p><p><span style=\"color: #212529;\">Durch die Nutzung unserer Website und Dienste stimmen Sie unserer Datenschutzrichtlinie zu.<\/span><\/p><p>\u00a0<\/p><p><span style=\"color: #212529;\">Vielen Dank, dass Sie sich f\u00fcr CodiCo f\u00fcr Ihre Webentwicklungsbed\u00fcrfnisse entschieden haben.<\/span><\/p>\t\t\t\t\t\t<\/div>\n\t\t\t\t<\/div>\n\t\t\t\t\t<\/div>\n\t\t<\/div>\n\t\t\t\t\t<\/div>\n\t\t<\/section>\n\t\t\t\t<\/div>\n\t\t","protected":false},"excerpt":{"rendered":"<p>Letzte Aktualisierung: [25.06.2024] \u00a0 CodiCo respektiert Ihre Privatsph\u00e4re und verpflichtet sich, die pers\u00f6nlichen Informationen, die Sie mit uns teilen, zu sch\u00fctzen. Diese Datenschutzrichtlinie beschreibt, wie wir Ihre Informationen sammeln, verwenden, offenlegen und sch\u00fctzen, wenn Sie unsere Website besuchen oder unsere Webentwicklungsdienste nutzen (zusammenfassend als &#8220;Dienste&#8221; bezeichnet). \u00a0 1. Informationen, die wir sammeln Wir k\u00f6nnen die [&hellip;]<\/p>\n","protected":false},"author":1,"featured_media":0,"parent":0,"menu_order":0,"comment_status":"closed","ping_status":"open","template":"","meta":{"footnotes":""},"class_list":["post-7534","page","type-page","status-publish","hentry"],"aioseo_notices":[],"_links":{"self":[{"href":"https:\/\/codico.io\/de\/wp-json\/wp\/v2\/pages\/7534","targetHints":{"allow":["GET"]}}],"collection":[{"href":"https:\/\/codico.io\/de\/wp-json\/wp\/v2\/pages"}],"about":[{"href":"https:\/\/codico.io\/de\/wp-json\/wp\/v2\/types\/page"}],"author":[{"embeddable":true,"href":"https:\/\/codico.io\/de\/wp-json\/wp\/v2\/users\/1"}],"replies":[{"embeddable":true,"href":"https:\/\/codico.io\/de\/wp-json\/wp\/v2\/comments?post=7534"}],"version-history":[{"count":0,"href":"https:\/\/codico.io\/de\/wp-json\/wp\/v2\/pages\/7534\/revisions"}],"wp:attachment":[{"href":"https:\/\/codico.io\/de\/wp-json\/wp\/v2\/media?parent=7534"}],"curies":[{"name":"wp","href":"https:\/\/api.w.org\/{rel}","templated":true}]}}