{"id":7545,"date":"2024-07-05T06:25:11","date_gmt":"2024-07-05T06:25:11","guid":{"rendered":"https:\/\/codico.io\/rueckerstattungs-und-rueckgaberechtslinie\/"},"modified":"2025-01-30T11:08:28","modified_gmt":"2025-01-30T11:08:28","slug":"rueckerstattungsrichtlinie","status":"publish","type":"page","link":"https:\/\/codico.io\/de\/rueckerstattungsrichtlinie\/","title":{"rendered":"R\u00fcckerstattungsrichtlinie"},"content":{"rendered":"\t\t<div data-elementor-type=\"wp-page\" data-elementor-id=\"7545\" class=\"elementor elementor-7545 elementor-3422\">\n\t\t\t\t\t\t<section class=\"elementor-section elementor-top-section elementor-element elementor-element-7db2cf0 elementor-section-boxed elementor-section-height-default elementor-section-height-default false\" data-id=\"7db2cf0\" data-element_type=\"section\">\n\t\t\t\t\t\t<div class=\"elementor-container elementor-column-gap-default\">\n\t\t\t\t\t<div class=\"elementor-column elementor-col-33 elementor-top-column elementor-element elementor-element-9dcde4b\" data-id=\"9dcde4b\" data-element_type=\"column\">\n\t\t\t<div class=\"elementor-widget-wrap\">\n\t\t\t\t\t\t\t<\/div>\n\t\t<\/div>\n\t\t\t\t<div class=\"elementor-column elementor-col-33 elementor-top-column elementor-element elementor-element-40dfdb4\" data-id=\"40dfdb4\" data-element_type=\"column\">\n\t\t\t<div class=\"elementor-widget-wrap elementor-element-populated\">\n\t\t\t\t\r\n\t\t<div class=\"elementor-element elementor-element-cb039c7 elementor-widget elementor-widget-text-editor\" data-id=\"cb039c7\" data-element_type=\"widget\" data-widget_type=\"text-editor.default\">\n\t\t\t\t<div class=\"elementor-widget-container\">\n\t\t\t\t\t\t\t<p><em><strong><span style=\"color: #212529;\"><em>Letzte Aktualisierung: [25.06.2024]<\/em><\/span><\/strong><\/em><\/p><p><br \/><span style=\"color: #212529;\">Bei <strong>CodiCo<\/strong> bem\u00fchen wir uns, unseren Kunden die besten Webentwicklungsdienste anzubieten. Wir verstehen jedoch, dass manchmal nicht alles wie geplant verl\u00e4uft. Diese R\u00fcckerstattungs- und R\u00fcckgaberechtslinie beschreibt die Bedingungen, unter denen R\u00fcckerstattungen und R\u00fcckgaben f\u00fcr unsere Dienstleistungen angeboten werden.<\/span><\/p><p>\u00a0<\/p><h3><span style=\"color: #212529;\"><strong>Anspruch auf R\u00fcckerstattungen<\/strong><\/span><\/h3><p><span style=\"color: #212529;\">R\u00fcckerstattungen werden unter den folgenden Umst\u00e4nden gew\u00e4hrt:<\/span><\/p><h6>\u00a0<\/h6><ul class=\"custom-li\"><li><span style=\"color: #212529;\"><strong>Nicht gelieferte Dienstleistung:<\/strong> Wenn die vereinbarten Dienstleistungen nicht innerhalb des festgelegten Zeitrahmens geliefert wurden und keine alternativen Vereinbarungen getroffen wurden.<\/span><\/li><li><span style=\"color: #212529;\"><strong>Projektstornierung:<\/strong> Wenn das Projekt von CodiCo vor der Fertigstellung der vereinbarten Meilensteine storniert wird.<\/span><\/li><li><span style=\"color: #212529;\"><strong>Unzufriedenstellende Dienstleistung:<\/strong> Wenn die gelieferten Dienstleistungen als unzufriedenstellend angesehen werden, kann nach einer gr\u00fcndlichen \u00dcberpr\u00fcfung eine R\u00fcckerstattung in Betracht gezogen werden.<\/span>\u00a0<\/li><\/ul><p>\u00a0<\/p><h3><span style=\"color: #212529;\"><strong>Nicht erstattungsf\u00e4hige Situationen<\/strong><\/span><\/h3><p><span style=\"color: #212529;\">R\u00fcckerstattungen werden in folgenden Situationen nicht gew\u00e4hrt:<\/span><\/p><p>\u00a0<\/p><ul class=\"custom-li\"><li><span style=\"color: #212529;\"><strong>Meinungs\u00e4nderung:<\/strong> Wenn Sie sich entscheiden, die Dienstleistungen nach deren Beginn oder Abschluss nicht zu nutzen.<\/span><\/li><li><span style=\"color: #212529;\"><strong>\u00c4nderungen des Umfangs:<\/strong> Wenn \u00c4nderungen des Projektumfangs oder der Anforderungen nach Beginn des Projekts vorgenommen werden.<\/span><\/li><li><span style=\"color: #212529;\"><strong>Drittanbieter-Probleme:<\/strong> Wenn Probleme durch Drittanbieterdienste oder -produkte verursacht werden, die in das Projekt integriert wurden.<\/span>\u00a0<\/li><\/ul><p>\u00a0<\/p><h3><span style=\"color: #212529;\"><strong>R\u00fcckerstattung anfordern<\/strong><\/span><\/h3><p><span style=\"color: #212529;\">Um eine R\u00fcckerstattung anzufordern, folgen Sie bitte diesen Schritten:<\/span><\/p><p>\u00a0<\/p><ul class=\"custom-li\"><li><span style=\"color: #212529;\"><strong>Kontaktieren Sie uns:<\/strong> Senden Sie uns eine E-Mail an <span style=\"color: #0000ff;\"><a style=\"color: #0000ff;\" href=\"mailto:info@codico.io\">info@codico.io<\/a><\/span> innerhalb von 14 Tagen nach dem Lieferdatum der Dienstleistung und geben Sie Ihre Projektdetails sowie den Grund f\u00fcr Ihre R\u00fcckerstattungsanfrage an.<\/span><\/li><li><span style=\"color: #212529;\"><strong>\u00dcberpr\u00fcfungsprozess:<\/strong> Unser Team wird Ihre Anfrage \u00fcberpr\u00fcfen und m\u00f6glicherweise um zus\u00e4tzliche Informationen oder Klarstellungen bitten.<\/span><\/li><li><span style=\"color: #212529;\"><strong>Entscheidung:<\/strong> Sie werden innerhalb von 7 Werktagen \u00fcber die Entscheidung informiert. Wenn die R\u00fcckerstattung genehmigt wird, erfolgt die R\u00fcckzahlung innerhalb von 14 Werktagen.<\/span>\u00a0<\/li><\/ul><p>\u00a0<\/p><h3><span style=\"color: #212529;\"><strong>Teilweise R\u00fcckerstattungen<\/strong><\/span><\/h3><p><span style=\"color: #212529;\">In einigen F\u00e4llen kann eine teilweise R\u00fcckerstattung gew\u00e4hrt werden, wenn ein Teil der Dienstleistung zufriedenstellend erbracht wurde. Der Betrag wird basierend auf der geleisteten Arbeit und den Gr\u00fcnden f\u00fcr die R\u00fcckerstattungsanfrage bestimmt.<\/span><\/p><p>\u00a0<\/p><h3><span style=\"color: #212529;\"><strong>R\u00fcckgaberechtslinie f\u00fcr digitale Produkte<\/strong><\/span><\/h3><p><span style=\"color: #212529;\">Da CodiCo haupts\u00e4chlich Dienstleistungen anbietet, gilt das Konzept der R\u00fcckgabe nicht. F\u00fcr digitale Produkte wie Vorlagen, Plugins oder Software, die von CodiCo gekauft wurden, k\u00f6nnen R\u00fcckgaben oder Umtausch im Einzelfall in Betracht gezogen werden, wenn Defekte oder Probleme vorliegen, die verhindern, dass das Produkt wie vorgesehen funktioniert.<\/span><\/p><p>\u00a0<\/p><h3><span style=\"color: #212529;\"><strong>Kontaktieren Sie uns<\/strong><\/span><\/h3><p><span style=\"color: #212529;\">Wenn Sie Fragen haben oder weitere Hilfe zu unserer R\u00fcckerstattungs- und R\u00fcckgaberechtslinie ben\u00f6tigen, kontaktieren Sie uns bitte unter <a href=\"mailto:info@codico.io\"><span style=\"color: #0000ff;\">info@codico.io<\/span><\/a>. Wir sind hier, um zu helfen und sicherzustellen, dass Sie eine positive Erfahrung mit CodiCo machen.<\/span><\/p><p>\u00a0<\/p><h3><span style=\"color: #212529;\"><strong>\u00c4nderungen dieser Richtlinie<\/strong><\/span><\/h3><p><span style=\"color: #212529;\">CodiCo beh\u00e4lt sich das Recht vor, diese R\u00fcckerstattungs- und R\u00fcckgaberechtslinie jederzeit zu \u00e4ndern. Alle \u00c4nderungen treten sofort nach der Ver\u00f6ffentlichung auf unserer Website in Kraft. Wir empfehlen Ihnen, diese Richtlinie regelm\u00e4\u00dfig zu \u00fcberpr\u00fcfen, um \u00fcber unsere R\u00fcckerstattungs- und R\u00fcckgabeverfahren informiert zu bleiben.<\/span><\/p><p>\u00a0<\/p><h3><span style=\"color: #212529;\"><strong>Abschluss<\/strong><\/span><\/h3><p><span style=\"color: #212529;\">Vielen Dank, dass Sie sich f\u00fcr CodiCo f\u00fcr Ihre Webentwicklungsbed\u00fcrfnisse entschieden haben. Wir sch\u00e4tzen Ihr Gesch\u00e4ft und setzen uns daf\u00fcr ein, qualitativ hochwertige Dienstleistungen und Unterst\u00fctzung anzubieten. Wenn Sie Bedenken haben oder Unterst\u00fctzung ben\u00f6tigen, z\u00f6gern Sie bitte nicht, sich an unser Team zu wenden.<\/span><\/p><p>\u00a0<\/p>\t\t\t\t\t\t<\/div>\n\t\t\t\t<\/div>\n\t\t\t\t\t<\/div>\n\t\t<\/div>\n\t\t\t\t<div class=\"elementor-column elementor-col-33 elementor-top-column elementor-element elementor-element-7f0c8da\" data-id=\"7f0c8da\" data-element_type=\"column\">\n\t\t\t<div class=\"elementor-widget-wrap\">\n\t\t\t\t\t\t\t<\/div>\n\t\t<\/div>\n\t\t\t\t\t<\/div>\n\t\t<\/section>\n\t\t\t\t<\/div>\n\t\t","protected":false},"excerpt":{"rendered":"<p>Last Updated: [25 .06.2024] At CodiCo, we strive to provide the best possible web development services to our clients. However, we understand that sometimes things don&#8217;t go as planned. This Refund and Returns Policy outlines the terms and conditions under which refunds and returns are provided for our services. Eligibility for Refunds Refunds are granted [&hellip;]<\/p>\n","protected":false},"author":1,"featured_media":0,"parent":0,"menu_order":0,"comment_status":"closed","ping_status":"closed","template":"","meta":{"footnotes":""},"class_list":["post-7545","page","type-page","status-publish","hentry"],"aioseo_notices":[],"_links":{"self":[{"href":"https:\/\/codico.io\/de\/wp-json\/wp\/v2\/pages\/7545","targetHints":{"allow":["GET"]}}],"collection":[{"href":"https:\/\/codico.io\/de\/wp-json\/wp\/v2\/pages"}],"about":[{"href":"https:\/\/codico.io\/de\/wp-json\/wp\/v2\/types\/page"}],"author":[{"embeddable":true,"href":"https:\/\/codico.io\/de\/wp-json\/wp\/v2\/users\/1"}],"replies":[{"embeddable":true,"href":"https:\/\/codico.io\/de\/wp-json\/wp\/v2\/comments?post=7545"}],"version-history":[{"count":0,"href":"https:\/\/codico.io\/de\/wp-json\/wp\/v2\/pages\/7545\/revisions"}],"wp:attachment":[{"href":"https:\/\/codico.io\/de\/wp-json\/wp\/v2\/media?parent=7545"}],"curies":[{"name":"wp","href":"https:\/\/api.w.org\/{rel}","templated":true}]}}