{"id":7555,"date":"2021-02-28T12:19:33","date_gmt":"2021-02-28T12:19:33","guid":{"rendered":"https:\/\/codico.io\/allgemeine-geschaeftsbedingungen\/"},"modified":"2025-01-30T11:29:26","modified_gmt":"2025-01-30T11:29:26","slug":"allgemeine-geschaeftsbedingungen","status":"publish","type":"page","link":"https:\/\/codico.io\/de\/allgemeine-geschaeftsbedingungen\/","title":{"rendered":"Allgemeine Gesch\u00e4ftsbedingungen"},"content":{"rendered":"\t\t<div data-elementor-type=\"wp-page\" data-elementor-id=\"7555\" class=\"elementor elementor-7555 elementor-930\">\n\t\t\t\t\t\t<section class=\"elementor-section elementor-top-section elementor-element elementor-element-7db2cf0 elementor-section-boxed elementor-section-height-default elementor-section-height-default false\" data-id=\"7db2cf0\" data-element_type=\"section\">\n\t\t\t\t\t\t<div class=\"elementor-container elementor-column-gap-default\">\n\t\t\t\t\t<div class=\"elementor-column elementor-col-33 elementor-top-column elementor-element elementor-element-9dcde4b\" data-id=\"9dcde4b\" data-element_type=\"column\">\n\t\t\t<div class=\"elementor-widget-wrap\">\n\t\t\t\t\t\t\t<\/div>\n\t\t<\/div>\n\t\t\t\t<div class=\"elementor-column elementor-col-33 elementor-top-column elementor-element elementor-element-40dfdb4\" data-id=\"40dfdb4\" data-element_type=\"column\">\n\t\t\t<div class=\"elementor-widget-wrap elementor-element-populated\">\n\t\t\t\t\r\n\t\t<div class=\"elementor-element elementor-element-cb039c7 elementor-widget elementor-widget-text-editor\" data-id=\"cb039c7\" data-element_type=\"widget\" data-widget_type=\"text-editor.default\">\n\t\t\t\t<div class=\"elementor-widget-container\">\n\t\t\t\t\t\t\t<p><em><span style=\"color: #212529;\"><em><b>Zuletzt aktualisiert: [25.06.2024]<\/b><\/em><\/span><\/em><\/p><p><br \/><span style=\"font-weight: 400; color: #212529;\">Willkommen bei <strong>CodiCo<\/strong>! Diese Allgemeinen Gesch\u00e4ftsbedingungen (&#8220;AGB&#8221;) regeln die Nutzung unserer Website und Dienste. Durch den Zugriff auf oder die Nutzung der CodiCo.io-Website (die &#8220;Website&#8221;) und unserer Webentwicklungsdienste (zusammen die &#8220;Dienste&#8221;) stimmen Sie zu, diese AGB zu befolgen und sich daran zu halten. Bitte lesen Sie diese sorgf\u00e4ltig.<\/span><\/p><p>\u00a0<\/p><h3><span style=\"color: #212529;\"><b>1. Annahme der AGB<\/b><\/span><\/h3><p><span style=\"font-weight: 400; color: #212529;\">Durch den Zugriff auf und die Nutzung unserer Dienste erkennen Sie an, dass Sie diese AGB sowie alle geltenden Gesetze und Vorschriften gelesen, verstanden und akzeptiert haben. Wenn Sie mit einem Teil dieser AGB nicht einverstanden sind, d\u00fcrfen Sie unsere Dienste nicht nutzen.<\/span><\/p><p>\u00a0<\/p><h3><span style=\"color: #212529;\"><b>2. \u00c4nderungen der AGB<\/b><\/span><\/h3><p><span style=\"font-weight: 400; color: #212529;\">CodiCo beh\u00e4lt sich das Recht vor, diese AGB jederzeit ohne vorherige Ank\u00fcndigung zu \u00e4ndern oder zu aktualisieren. Ihre fortgesetzte Nutzung der Dienste nach \u00c4nderungen stellt die Annahme dieser \u00c4nderungen dar. Es liegt in Ihrer Verantwortung, diese AGB regelm\u00e4\u00dfig zu \u00fcberpr\u00fcfen.<\/span><\/p><p>\u00a0<\/p><h3><span style=\"color: #212529;\"><b>3. Dienste<\/b><\/span><\/h3><p><span style=\"font-weight: 400; color: #212529;\">CodiCo bietet Webentwicklungsdienste an, einschlie\u00dflich, aber nicht beschr\u00e4nkt auf Webdesign, Webentwicklung, mobile Entwicklung, Wartung von Websites und Hosting. F\u00fcr bestimmte Dienste k\u00f6nnen zus\u00e4tzliche spezifische Bedingungen gelten, die gegebenenfalls in einer separaten Vereinbarung festgelegt werden.<\/span><\/p><p>\u00a0<\/p><h3><span style=\"color: #212529;\"><b>4. Nutzung der Website<\/b><\/span><\/h3><p><span style=\"font-weight: 400; color: #212529;\">Sie stimmen zu, die Website nur f\u00fcr rechtm\u00e4\u00dfige Zwecke zu nutzen und in einer Weise, die die Rechte anderer nicht beeintr\u00e4chtigt, einschr\u00e4nkt oder deren Nutzung und Genuss der Website beeintr\u00e4chtigt. Unzul\u00e4ssiges Verhalten umfasst das Bel\u00e4stigen oder Verursachen von Stress oder Unannehmlichkeiten f\u00fcr andere Nutzer, das \u00dcbertragen obsz\u00f6ner oder anst\u00f6\u00dfiger Inhalte oder das St\u00f6ren des normalen Dialogflusses auf der Website.<\/span><\/p><p>\u00a0<\/p><h3><span style=\"color: #212529;\"><b>5. Geistiges Eigentum<\/b><\/span><\/h3><p><span style=\"font-weight: 400; color: #212529;\">Alle Inhalte, Designs, Grafiken, Logos und andere Materialien auf der Website sind geistiges Eigentum von CodiCo oder seinen Lizenzgebern und unterliegen dem Urheberrecht, Markenschutzrecht und anderen Gesetzen zum Schutz geistigen Eigentums. Sie d\u00fcrfen keine Inhalte von der Website ohne ausdr\u00fcckliche schriftliche Genehmigung von CodiCo reproduzieren, verbreiten oder abgeleitete Werke daraus erstellen.<\/span><\/p><p>\u00a0<\/p><h3><span style=\"color: #212529;\"><b>6. Nutzerinhalte<\/b><\/span><\/h3><p><span style=\"font-weight: 400; color: #212529;\">Jegliche Inhalte, die Sie CodiCo \u00fcbermitteln, einschlie\u00dflich, aber nicht beschr\u00e4nkt auf Feedback, Kommentare und Vorschl\u00e4ge, werden als nicht vertraulich und nicht propriet\u00e4r betrachtet. Durch die \u00dcbermittlung solcher Inhalte gew\u00e4hren Sie CodiCo eine lizenzfreie, unbefristete, unwiderrufliche und weltweite Lizenz zur Nutzung, Reproduktion, \u00c4nderung, Anpassung, Ver\u00f6ffentlichung, \u00dcbersetzung, Erstellung abgeleiteter Werke, Verbreitung und Anzeige dieser Inhalte.<\/span><\/p><p>\u00a0<\/p><h3><span style=\"color: #212529;\"><b>7. Datenschutz<\/b><\/span><\/h3><p><span style=\"font-weight: 400; color: #212529;\">Ihr Datenschutz ist uns wichtig. Bitte lesen Sie unsere Datenschutzerkl\u00e4rung, die erkl\u00e4rt, wie wir Informationen sammeln, verwenden und offenlegen, die Ihre Privatsph\u00e4re betreffen. Durch die Nutzung unserer Dienste stimmen Sie der Sammlung und Nutzung Ihrer personenbezogenen Daten gem\u00e4\u00df der Datenschutzerkl\u00e4rung zu.<\/span><\/p><p>\u00a0<\/p><h3><span style=\"color: #212529;\"><b>8. Zahlungsbedingungen<\/b><\/span><\/h3><p><span style=\"font-weight: 400; color: #212529;\">Alle Geb\u00fchren f\u00fcr die Dienste sind gem\u00e4\u00df den Bedingungen der spezifischen Dienstleistungsvereinbarung oder Rechnung f\u00e4llig. Zahlungen m\u00fcssen umgehend und in voller H\u00f6he erfolgen. CodiCo beh\u00e4lt sich das Recht vor, die Dienste auszusetzen oder zu beenden, wenn die Zahlung nicht rechtzeitig erfolgt.<\/span><\/p><p>\u00a0<\/p><h3><span style=\"color: #212529;\"><b>9. Wartungsdienst<\/b><\/span><\/h3><p><strong><span style=\"color: #212529;\">Entwicklungsstunden im Wartungsplan:<\/span><\/strong><\/p><p><span style=\"font-weight: 400; color: #212529;\">Entwicklungsstunden, die im Wartungsplan enthalten sind, werden monatlich zugewiesen.<\/span><\/p><p>\u00a0<\/p><p><strong><span style=\"color: #212529;\">Ansammlung und \u00dcbertragung von Stunden:<\/span><\/strong><\/p><p><span style=\"font-weight: 400; color: #212529;\">Nicht genutzte Entwicklungsstunden eines Monats verfallen und werden nicht auf den folgenden Monat \u00fcbertragen.<\/span><\/p><p>\u00a0<\/p><p><strong><span style=\"color: #212529;\">WordPress-Theme- und Plugin-Updates:<\/span><\/strong><\/p><p><span style=\"font-weight: 400; color: #212529;\">Die Wartungspl\u00e4ne &#8220;Middle&#8221; und &#8220;Professional&#8221; beinhalten grundlegende Updates f\u00fcr Plugins, Themes und den Kern. Sie decken jedoch nicht die Entwicklungsstunden ab, die erforderlich sind, um vorherige Anpassungen, Plugins oder unerwartete Probleme aufgrund von Updates zu beheben. Zeitaufwand f\u00fcr diese Aufgaben wird separat berechnet.<\/span><\/p><p>\u00a0<\/p><p><strong><span style=\"color: #212529;\">Optimierung der Website-Geschwindigkeit:<\/span><\/strong><\/p><p><span style=\"font-weight: 400; color: #212529;\">Alle Pl\u00e4ne beinhalten eine grundlegende Optimierung, die sich auf die Softwarekonfiguration konzentriert. Anpassungen, die eine Serverkonfiguration, Limit-Erh\u00f6hungen oder Hardware-Upgrades erfordern, fallen jedoch nicht in den Verantwortungsbereich von CodiCo zur Optimierung der Website-Geschwindigkeit.<\/span><\/p><p>\u00a0<\/p><h3><span style=\"color: #212529;\"><b>10. Automatische Verl\u00e4ngerung<\/b><\/span><\/h3><p><span style=\"font-weight: 400; color: #212529;\">Sofern nicht \u00fcber Ihr pers\u00f6nliches Kontopanels gek\u00fcndigt, wird Ihr Abonnement automatisch verl\u00e4ngert. Mit der Verl\u00e4ngerung erm\u00e4chtigen Sie uns, die anfallende j\u00e4hrliche oder viertelj\u00e4hrliche Abonnementgeb\u00fchr (einschlie\u00dflich etwaiger Steuern) mit einer Kreditkarte oder Zahlungsmethode zu erheben, die wir in unseren Unterlagen haben.<\/span><\/p><p>\u00a0<\/p><p><span style=\"font-weight: 400; color: #212529;\">Wenn sich Ihr Abonnement automatisch verl\u00e4ngert, sind R\u00fcckerstattungen f\u00fcr das laufende Quartal ab dem Verl\u00e4ngerungsdatum nicht verf\u00fcgbar. Sie behalten jedoch bis zum Ende des aktuellen Abrechnungszeitraums Zugang zu den Vorteilen Ihres Abonnements.<\/span><\/p><p>\u00a0<\/p><h3><span style=\"color: #212529;\"><b>11. K\u00fcndigungsrichtlinie f\u00fcr Abonnements<\/b><\/span><\/h3><p><span style=\"font-weight: 400; color: #212529;\">Wenn Sie sich entscheiden, ein monatliches Abonnement zu k\u00fcndigen, beachten Sie bitte die folgenden Bedingungen:<\/span><\/p><p>\u00a0<\/p><ul class=\"custom-li\"><li><span style=\"color: #212529;\"><span style=\"color: #212529;\"><b>K\u00fcndigungsprozess:<\/b><span style=\"font-weight: 400;\"> Sie m\u00fcssen die K\u00fcndigung \u00fcber Ihr pers\u00f6nliches Kontopanel einleiten. Unsere Manager oder Support-Mitarbeiter k\u00f6nnen die K\u00fcndigung nicht in Ihrem Namen einleiten. <\/span><\/span><\/span><\/li><li><span style=\"color: #212529;\"><span style=\"color: #212529;\"><b>Letzte Aktualisierung:<\/b><span style=\"font-weight: 400;\"> Ihre K\u00fcndigung tritt am Ende des aktuellen Abrechnungszeitraums des Monats in Kraft.<\/span><\/span><\/span><\/li><li style=\"font-weight: 400;\" aria-level=\"1\"><span style=\"color: #212529;\"><b>R\u00fcckerstattungen:<\/b><span style=\"font-weight: 400;\"> Wir gew\u00e4hren keine R\u00fcckerstattungen f\u00fcr verbleibende Zeitr\u00e4ume des aktuellen Monats. Sie behalten jedoch bis zum Ende des Monats Zugang zu den Vorteilen Ihres Abonnements. <\/span><\/span><\/li><li style=\"font-weight: 400;\" aria-level=\"1\"><span style=\"color: #212529;\"><b>Entwicklungsstunden:<\/b><span style=\"font-weight: 400;\"> Nicht genutzte Monatsstunden verfallen am Ende des Monats.<\/span><\/span><\/li><\/ul><p>\u00a0<\/p><p><strong><span style=\"color: #212529;\">F\u00fcr Jahresabonnements beachten Sie bitte die folgenden Details:<\/span><\/strong><\/p><p>\u00a0<\/p><ul class=\"custom-li\"><li style=\"font-weight: 400;\" aria-level=\"1\"><span style=\"color: #212529;\"><b>Berechnung der R\u00fcckerstattung:<\/b><span style=\"font-weight: 400;\"> Wenn Sie ein Jahresabonnement k\u00fcndigen, erhalten Sie eine R\u00fcckerstattung f\u00fcr nicht genutzte Monate. Die Berechnung der R\u00fcckerstattung zieht den Wert der bereits genutzten Monate vom Gesamtbetrag des Jahresabonnements zum Monatsrate ab. <\/span><\/span><\/li><li style=\"font-weight: 400;\" aria-level=\"1\"><span style=\"color: #212529;\"><b>Entwicklungsstunden:<\/b><span style=\"font-weight: 400;\"> Wenn Sie ein Jahresabonnement nach Nutzung der enthaltenen Entwicklungsstunden k\u00fcndigen, erfolgt keine R\u00fcckerstattung f\u00fcr diese Stunden.<\/span><\/span><\/li><\/ul><p>\u00a0<\/p><p><span style=\"font-weight: 400; color: #212529;\">F\u00fcr weitere Klarstellungen oder Unterst\u00fctzung zu Ihrem Abonnement, kontaktieren Sie uns bitte \u00fcber das [<span style=\"color: #0000ff;\"><a style=\"color: #0000ff;\" href=\"https:\/\/codico.io\/de\/angebot-einholen\/\" target=\"_blank\" rel=\"noopener\">Kontaktformular<\/a><\/span>].<\/span><\/p><p>\u00a0<\/p><h3><strong><span style=\"color: #212529;\">12. Entwicklungs- und Anpassungsservice<\/span><\/strong><\/h3><p><strong><span style=\"color: #212529;\">Stabilit\u00e4t unserer Anpassungen:<\/span><\/strong><\/p><p><span style=\"font-weight: 400; color: #212529;\">Wir k\u00f6nnen die Kompatibilit\u00e4t der von uns vorgenommenen Anpassungen nicht garantieren, wenn eine der folgenden Ma\u00dfnahmen ergriffen wird:<\/span><\/p><p>\u00a0<\/p><ul class=\"custom-li\"><li style=\"font-weight: 400;\" aria-level=\"1\"><span style=\"font-weight: 400; color: #212529;\">Aktualisierung von Themen<\/span><\/li><li style=\"font-weight: 400;\" aria-level=\"1\"><span style=\"font-weight: 400; color: #212529;\">Aktualisierung von Plugins<\/span><\/li><li style=\"font-weight: 400;\" aria-level=\"1\"><span style=\"font-weight: 400; color: #212529;\">Aktualisierung von WordPress<\/span><\/li><li style=\"font-weight: 400;\" aria-level=\"1\"><span style=\"font-weight: 400; color: #212529;\">Jegliche \u00c4nderungen oder Anpassungen, die vom Kunden direkt vorgenommen werden<\/span><\/li><li style=\"font-weight: 400;\" aria-level=\"1\"><span style=\"font-weight: 400; color: #212529;\">Migration auf einen anderen Webhosting- oder Server-Umgebungsanbieter<\/span><\/li><\/ul><p>\u00a0<\/p><p><span style=\"font-weight: 400; color: #212529;\">Die Durchf\u00fchrung einer der oben genannten Ma\u00dfnahmen kann dazu f\u00fchren, dass bestimmte Aspekte unserer Anpassungen fehlerhaft oder instabil werden, trotz unserer Bem\u00fchungen, Anpassungen innerhalb von Child-Themes vorzunehmen, die normalerweise vor solchen Problemen sch\u00fctzen.<\/span><\/p><p>\u00a0<\/p><p><strong><span style=\"color: #212529;\">Garantiezeitraum:<\/span><\/strong><\/p><p><span style=\"font-weight: 400; color: #212529;\">Wir gew\u00e4hren eine Garantiezeit von einem Monat f\u00fcr Anpassungen, die von unserem Team durchgef\u00fchrt wurden. Innerhalb dieses Zeitraums werden wir alle Fehler oder Probleme, die mit den von uns vorgenommenen Anpassungen zusammenh\u00e4ngen, kostenlos beheben. Dieser Garantiezeitraum beginnt mit dem Lieferdatum des Projekts.<\/span><\/p><p>\u00a0<\/p><p><strong><span style=\"color: #212529;\">Support nach der Garantie:<\/span><\/strong><\/p><p><span style=\"font-weight: 400; color: #212529;\">Fehler oder Probleme, die nach Ablauf des einmonatigen Garantiezeitraums gemeldet werden, werden als neue Projekte behandelt. F\u00fcr die Behebung dieser Probleme werden die Kunden entsprechend berechnet.<br \/><\/span><\/p><p>\u00a0<\/p><h3><span style=\"color: #212529;\"><b>13. Links zu Websites Dritter<\/b><\/span><\/h3><p><span style=\"font-weight: 400; color: #212529;\">CodiCo-Websites und\/oder die darauf dargestellten Dienste k\u00f6nnen Links zu Websites Dritter, Werbung, Dienstleistungen, Sonderangeboten oder anderen kommerziellen oder marktf\u00e4higen Entit\u00e4ten im Internet (zusammen als \u201eWebsites Dritter\u201c bezeichnet) enthalten, die weder im Besitz von CodiCo noch unter der Kontrolle von CodiCo oder seinen Tochtergesellschaften stehen. Durch den Zugriff auf oder die Nutzung dieser Websites Dritter erkennen Sie an und stimmen zu, dass CodiCo und seine Tochtergesellschaften keine Verantwortung f\u00fcr die Inhalte, Produkte, Dienstleistungen oder Aktivit\u00e4ten \u00fcbernehmen, die von diesen Websites Dritter angeboten werden.<\/span><\/p><p>\u00a0<\/p><p><span style=\"font-weight: 400; color: #212529;\">Sie verstehen und stimmen zu, dass Ihre Entscheidung, Websites Dritter zu besuchen oder zu nutzen, auf eigenes Risiko erfolgt. CodiCo haftet nicht f\u00fcr direkte oder indirekte Sch\u00e4den oder Verluste, die sich aus der Nutzung von Websites Dritter ergeben, einschlie\u00dflich, aber nicht beschr\u00e4nkt auf, zuf\u00e4llige oder Folgesch\u00e4den. Dieser Haftungsausschluss gilt f\u00fcr gelegentliche oder laufende Sponsoren, die CodiCo von Zeit zu Zeit unterst\u00fctzen kann.<\/span><\/p><p>\u00a0<\/p><p><span style=\"font-weight: 400; color: #212529;\">Wir empfehlen allen Nutzern dringend, die Allgemeinen Gesch\u00e4ftsbedingungen, Nutzungsbedingungen sowie die Datenschutz- und Cookie-Richtlinien der Websites Dritter, die sie besuchen m\u00f6chten, zu \u00fcberpr\u00fcfen.<\/span><\/p><p>\u00a0<\/p><h3><span style=\"color: #212529;\"><b>14. Abschnitts\u00fcberschriften<\/b><\/span><\/h3><p><span style=\"font-weight: 400; color: #212529;\">Die Abschnitts\u00fcberschriften in dieser Vereinbarung dienen nur der \u00dcbersichtlichkeit und beeinflussen nicht die Bedeutung oder Auslegung irgendeiner Bestimmung dieser Vereinbarung.<\/span><\/p><p>\u00a0<\/p><h3><span style=\"color: #212529;\"><b>15. Abtretung<\/b><\/span><\/h3><p><span style=\"font-weight: 400; color: #212529;\">Diese Vereinbarung, einschlie\u00dflich aller hierin gew\u00e4hrten Rechte und Lizenzen, darf von den Nutzern ohne vorherige schriftliche Zustimmung von CodiCo nicht an Dritte \u00fcbertragen werden. Sie erkennen an und stimmen zu, dass CodiCo diese Bedingungen an seine Tochtergesellschaften, verbundenen Unternehmen oder eventuelle Nachfolger \u00fcbertragen und abtreten kann, ohne Sie vorher zu benachrichtigen. Eine solche Abtretung wird mit Abschluss wirksam.<\/span><\/p><p>\u00a0<\/p><h3><span style=\"color: #212529;\"><b>16. \u00dcbersetzte Versionen<\/b><\/span><\/h3><p><span style=\"font-weight: 400; color: #212529;\">Wenn Sie diese Vereinbarung in einer anderen Sprache als der Originalsprache (US-Englisch) lesen, hat die originale US-Englische Version im Falle von Unterschieden oder Diskrepanzen in der Auslegung Vorrang.<\/span><\/p><p>\u00a0<\/p><h3><span style=\"color: #212529;\"><b>17. K\u00fcndigung<\/b><\/span><\/h3><p><span style=\"font-weight: 400; color: #212529;\">CodiCo beh\u00e4lt sich das Recht vor, Ihren Zugang zur Website und zu den Diensten ohne Angabe von Gr\u00fcnden und ohne Vorank\u00fcndigung zu k\u00fcndigen, was zum Verlust und zur Zerst\u00f6rung aller mit Ihnen verbundenen Informationen f\u00fchren kann. Alle Bestimmungen dieser Bedingungen, die nach ihrer Natur nach der K\u00fcndigung bestehen bleiben sollten, bleiben nach der K\u00fcndigung bestehen, einschlie\u00dflich, aber nicht beschr\u00e4nkt auf, Eigentumsbestimmungen, Haftungsausschl\u00fcsse, Entsch\u00e4digungen und Haftungsbeschr\u00e4nkungen.<\/span><\/p><p>\u00a0<\/p><h3><span style=\"color: #212529;\"><b>18. Haftungsbeschr\u00e4nkung<\/b><\/span><\/h3><p><span style=\"font-weight: 400; color: #212529;\">In keinem Fall haftet CodiCo, noch dessen Direktoren, Mitarbeiter, Partner, Agenten, Lieferanten oder Tochtergesellschaften, f\u00fcr indirekte, zuf\u00e4llige, spezielle, Folgesch\u00e4den oder Strafsch\u00e4den, einschlie\u00dflich, aber nicht beschr\u00e4nkt auf, Verlust von Gewinnen, Daten, Nutzung, Ruf oder anderen immateriellen Verlusten, die aus (i) Ihrer Nutzung oder Unf\u00e4higkeit, die Dienste zu nutzen, (ii) unbefugtem Zugriff auf oder Nutzung unserer Server und\/oder personenbezogener Daten, die darin gespeichert sind, (iii) Unterbrechung oder Einstellung der \u00dcbertragung zu oder von den Diensten, (iv) Fehlern, Viren, Trojanischen Pferden oder \u00e4hnlichen, die von Dritten an oder durch unsere Dienste \u00fcbertragen werden k\u00f6nnten, (v) Fehlern oder Auslassungen in Inhalten oder f\u00fcr Verluste oder Sch\u00e4den, die durch die Nutzung von Inhalten entstehen, die \u00fcber die Dienste ver\u00f6ffentlicht, gesendet, \u00fcbertragen oder anderweitig zug\u00e4nglich gemacht werden; und\/oder (vi) der diffamierenden, anst\u00f6\u00dfigen oder illegalen Handlung eines Dritten. In keinem Fall \u00fcberschreitet die Haftung von CodiCo den Betrag, den Sie an CodiCo f\u00fcr die aktuelle Arbeit gezahlt haben.<\/span><\/p><p>\u00a0<\/p><h3><span style=\"color: #212529;\"><b>19. Entsch\u00e4digung<\/b><\/span><\/h3><p><span style=\"font-weight: 400; color: #212529;\">Sie erkl\u00e4ren sich damit einverstanden, CodiCo und dessen Tochtergesellschaften, Agenten, Lizenzgeber, Manager und andere verbundene Unternehmen sowie deren Mitarbeiter, Auftragnehmer, Agenten, leitende Angestellte und Direktoren von allen Anspr\u00fcchen, Sch\u00e4den, Verpflichtungen, Verlusten, Haftungen, Kosten oder Schulden und Ausgaben (einschlie\u00dflich, aber nicht beschr\u00e4nkt auf Anwaltsgeb\u00fchren) freizustellen und schadlos zu halten, die sich ergeben aus: (i) Ihrer Nutzung und dem Zugriff auf die Dienste; (ii) Ihrem Versto\u00df gegen eine Bestimmung dieser Allgemeinen Gesch\u00e4ftsbedingungen; (iii) Ihrem Versto\u00df gegen Rechte Dritter, einschlie\u00dflich, aber nicht beschr\u00e4nkt auf Datenschutzrechte oder geistige Eigentumsrechte; (iv) Ihrem Versto\u00df gegen Gesetze, Vorschriften oder Bestimmungen der Vereinigten Staaten oder eines anderen Landes; (v) jeglichen Anspr\u00fcchen oder Sch\u00e4den, die aufgrund Ihres Nutzerinhalts oder eines Inhalts, der \u00fcber Ihr Konto eingereicht wurde, entstehen; oder (vi) dem Zugriff und der Nutzung der Dienste durch eine andere Partei mit Ihrem einzigartigen Benutzernamen, Passwort oder einem anderen entsprechenden Sicherheitscode.<\/span><\/p><p>\u00a0<\/p><h3><span style=\"color: #212529;\"><b>20. Anwendbares Recht<\/b><\/span><\/h3><p><span style=\"font-weight: 400; color: #212529;\">Diese Bedingungen unterliegen den Gesetzen der Stadt, in der CodiCo t\u00e4tig ist, ohne R\u00fccksicht auf deren kollisionsrechtliche Bestimmungen.<\/span><\/p><p>\u00a0<\/p><h3><span style=\"color: #212529;\"><b>21. Streitbeilegung<\/b><\/span><\/h3><p><span style=\"font-weight: 400; color: #212529;\">Diese Allgemeinen Gesch\u00e4ftsbedingungen gelten nach der derzeitigen irischen Gesetzgebung.<\/span><\/p><p>\u00a0<\/p><p><span style=\"font-weight: 400; color: #212529;\">Der Vertrag, der zwischen dem Unternehmen und Ihnen als Kunden geschlossen wird, unterliegt der irischen Gesetzgebung und der anwendbaren internationalen Gesetzgebung.<\/span><\/p><p>\u00a0<\/p><p><span style=\"font-weight: 400; color: #212529;\">Jeder Streit f\u00e4llt unter die Zust\u00e4ndigkeit der irischen Gerichte und wird dort verhandelt.<\/span><\/p><p>\u00a0<\/p><p><span style=\"font-weight: 400; color: #212529;\">Die Ung\u00fcltigkeit oder Durchsetzbarkeit m\u00f6glicher Bestimmungen dieser Allgemeinen Gesch\u00e4ftsbedingungen hat keinen Einfluss auf die G\u00fcltigkeit oder Durchsetzbarkeit anderer Bestimmungen, die weiterhin g\u00fcltig bleiben.<\/span><\/p><p>\u00a0<\/p><h3><span style=\"color: #212529;\"><b>22. Gesamte Vereinbarung<\/b><\/span><\/h3><p><span style=\"font-weight: 400; color: #212529;\">Diese Bedingungen stellen die gesamte Vereinbarung zwischen Ihnen und CodiCo bez\u00fcglich der Nutzung der Dienste dar und ersetzen alle fr\u00fcheren Vereinbarungen, ob schriftlich oder m\u00fcndlich, zwischen Ihnen und CodiCo in Bezug auf die Dienste.<\/span><\/p><p>\u00a0<\/p><h3><span style=\"color: #212529;\"><b>23. Kontaktinformationen<\/b><\/span><\/h3><p><span style=\"font-weight: 400; color: #212529;\">Wenn Sie Fragen zu diesen Bedingungen haben, kontaktieren Sie uns bitte unter:<\/span><\/p><p>\u00a0<\/p><p><span style=\"color: #212529;\"><span style=\"font-weight: 400;\"><strong>BILTO GROUP LLC<\/strong><br \/>Conrad Business Center, 1004 B\u00fcro, 10. Etage, Sheikh Zayed Rd \u2013 Trade Centre \u2013 Trade Centre 1, Dubai, Vereinigte Arabische Emirate.<\/span><\/span><\/p><p>\u00a0<\/p><p><span style=\"color: #212529;\"><span style=\"color: #0000ff;\"><a style=\"color: #0000ff;\" href=\"mailto:info@codico.io\"><span style=\"font-weight: 400;\">info@codico.io<\/span><\/a><\/span><br \/><\/span><\/p><p>\u00a0<\/p><p><span style=\"font-weight: 400; color: #212529;\">Danke, dass Sie sich f\u00fcr CodiCo f\u00fcr Ihre Webentwicklungsbed\u00fcrfnisse entschieden haben.<\/span><\/p>\t\t\t\t\t\t<\/div>\n\t\t\t\t<\/div>\n\t\t\t\t\t<\/div>\n\t\t<\/div>\n\t\t\t\t<div class=\"elementor-column elementor-col-33 elementor-top-column elementor-element elementor-element-7f0c8da\" data-id=\"7f0c8da\" data-element_type=\"column\">\n\t\t\t<div class=\"elementor-widget-wrap\">\n\t\t\t\t\t\t\t<\/div>\n\t\t<\/div>\n\t\t\t\t\t<\/div>\n\t\t<\/section>\n\t\t\t\t<\/div>\n\t\t","protected":false},"excerpt":{"rendered":"<p>Zuletzt aktualisiert: [25.06.2024] Willkommen bei CodiCo! Diese Allgemeinen Gesch\u00e4ftsbedingungen (&#8220;AGB&#8221;) regeln die Nutzung unserer Website und Dienste. Durch den Zugriff auf oder die Nutzung der CodiCo.io-Website (die &#8220;Website&#8221;) und unserer Webentwicklungsdienste (zusammen die &#8220;Dienste&#8221;) stimmen Sie zu, diese AGB zu befolgen und sich daran zu halten. Bitte lesen Sie diese sorgf\u00e4ltig. \u00a0 1. Annahme der [&hellip;]<\/p>\n","protected":false},"author":1,"featured_media":0,"parent":0,"menu_order":0,"comment_status":"closed","ping_status":"closed","template":"","meta":{"footnotes":""},"class_list":["post-7555","page","type-page","status-publish","hentry"],"aioseo_notices":[],"_links":{"self":[{"href":"https:\/\/codico.io\/de\/wp-json\/wp\/v2\/pages\/7555","targetHints":{"allow":["GET"]}}],"collection":[{"href":"https:\/\/codico.io\/de\/wp-json\/wp\/v2\/pages"}],"about":[{"href":"https:\/\/codico.io\/de\/wp-json\/wp\/v2\/types\/page"}],"author":[{"embeddable":true,"href":"https:\/\/codico.io\/de\/wp-json\/wp\/v2\/users\/1"}],"replies":[{"embeddable":true,"href":"https:\/\/codico.io\/de\/wp-json\/wp\/v2\/comments?post=7555"}],"version-history":[{"count":0,"href":"https:\/\/codico.io\/de\/wp-json\/wp\/v2\/pages\/7555\/revisions"}],"wp:attachment":[{"href":"https:\/\/codico.io\/de\/wp-json\/wp\/v2\/media?parent=7555"}],"curies":[{"name":"wp","href":"https:\/\/api.w.org\/{rel}","templated":true}]}}