{"id":11026,"date":"2021-03-04T10:42:18","date_gmt":"2021-03-04T10:42:18","guid":{"rendered":"https:\/\/codico.io\/obten-cotizacion-gratis\/"},"modified":"2025-10-06T06:53:46","modified_gmt":"2025-10-06T06:53:46","slug":"obten-cotizacion-gratis","status":"publish","type":"page","link":"https:\/\/codico.io\/es\/obten-cotizacion-gratis\/","title":{"rendered":"Contacto"},"content":{"rendered":"\t\t<div data-elementor-type=\"wp-page\" data-elementor-id=\"11026\" class=\"elementor elementor-11026 elementor-1069\">\n\t\t\t\t\t\t<section class=\"elementor-section elementor-top-section elementor-element elementor-element-33e6553 elementor-section-boxed elementor-section-height-default elementor-section-height-default false\" data-id=\"33e6553\" data-element_type=\"section\" data-settings=\"{&quot;background_background&quot;:&quot;classic&quot;}\">\n\t\t\t\t\t\t<div class=\"elementor-container elementor-column-gap-default\">\n\t\t\t\t\t<div class=\"elementor-column elementor-col-50 elementor-top-column elementor-element elementor-element-03cbe99\" data-id=\"03cbe99\" data-element_type=\"column\">\n\t\t\t<div class=\"elementor-widget-wrap elementor-element-populated\">\n\t\t\t\t\r\n\t\t<div class=\"elementor-element elementor-element-29c3654 false elementor-widget elementor-widget-heading\" data-id=\"29c3654\" data-element_type=\"widget\" data-widget_type=\"heading.default\">\n\t\t\t\t<div class=\"elementor-widget-container\">\n\t\t\t<h2 class=\"elementor-heading-title elementor-size-default\">Obt\u00e9n una Estimaci\u00f3n Gratuita.<\/h2>\t\t<\/div>\n\t\t\t\t<\/div>\n\t\t\t\t<div class=\"elementor-element elementor-element-a210290 elementor-widget elementor-widget-text-editor\" data-id=\"a210290\" data-element_type=\"widget\" data-widget_type=\"text-editor.default\">\n\t\t\t\t<div class=\"elementor-widget-container\">\n\t\t\t\t\t\t\t<p>Selecciona el m\u00e9todo de comunicaci\u00f3n que sea m\u00e1s conveniente para ti.<\/p>\t\t\t\t\t\t<\/div>\n\t\t\t\t<\/div>\n\t\t\t\t<div class=\"elementor-element elementor-element-bec216a none none false false none-data-animation false elementor-widget elementor-widget-image\" data-id=\"bec216a\" data-element_type=\"widget\" data-widget_type=\"image.default\">\n\t\t\t\t<div class=\"elementor-widget-container\">\n\t\t\t\t\t\t\t\t\t\t\t\t\t<img fetchpriority=\"high\" decoding=\"async\" width=\"941\" height=\"403\" src=\"https:\/\/codico.io\/wp-content\/uploads\/2024\/07\/get-free-quote.png\" class=\"attachment-full size-full wp-image-5005\" alt=\"Get Free Quote\" srcset=\"https:\/\/codico.io\/wp-content\/uploads\/2024\/07\/get-free-quote.png 941w, https:\/\/codico.io\/wp-content\/uploads\/2024\/07\/get-free-quote-300x128.png 300w, https:\/\/codico.io\/wp-content\/uploads\/2024\/07\/get-free-quote-768x329.png 768w, https:\/\/codico.io\/wp-content\/uploads\/2024\/07\/get-free-quote-600x257.png 600w\" sizes=\"(max-width: 941px) 100vw, 941px\" \/>\t\t\t\t\t\t\t\t\t\t\t\t\t<\/div>\n\t\t\t\t<\/div>\n\t\t\t\t<div class=\"elementor-element elementor-element-7ba27c9 hide-mobile elementor-widget elementor-widget-text-editor\" data-id=\"7ba27c9\" data-element_type=\"widget\" data-widget_type=\"text-editor.default\">\n\t\t\t\t<div class=\"elementor-widget-container\">\n\t\t\t\t\t\t\t<p class=\"\" data-start=\"0\" data-end=\"66\">\u00bfTe gustar\u00eda discutir tu proyecto cara a cara con nuestro experto?<\/p><p data-start=\"0\" data-end=\"66\">\u00a0<\/p><p class=\"\" data-start=\"68\" data-end=\"129\">\u00a1No hay problema! Programa una llamada <a href=\"https:\/\/codico.io\/es\/reserva-una-reunion-de-15-minutos\/\"><span style=\"text-decoration: underline;\"><span style=\"color: #d162f0; text-decoration: underline;\">de Zoom de 15 minutos.<\/span><\/span><\/a><\/p>\t\t\t\t\t\t<\/div>\n\t\t\t\t<\/div>\n\t\t\t\t\t<\/div>\n\t\t<\/div>\n\t\t\t\t<div class=\"elementor-column elementor-col-50 elementor-top-column elementor-element elementor-element-c5de27e\" data-id=\"c5de27e\" data-element_type=\"column\">\n\t\t\t<div class=\"elementor-widget-wrap elementor-element-populated\">\n\t\t\t\t\t\t<div class=\"elementor-element elementor-element-672b958 false elementor-widget elementor-widget-heading\" data-id=\"672b958\" data-element_type=\"widget\" data-widget_type=\"heading.default\">\n\t\t\t\t<div class=\"elementor-widget-container\">\n\t\t\t<h2 class=\"elementor-heading-title elementor-size-default\">Por favor, completa este formulario para que nuestros expertos puedan asistirte.<\/h2>\t\t<\/div>\n\t\t\t\t<\/div>\n\t\t\t\t<div class=\"elementor-element elementor-element-a7ecd19 elementor-widget elementor-widget-shortcode\" data-id=\"a7ecd19\" data-element_type=\"widget\" data-widget_type=\"shortcode.default\">\n\t\t\t\t<div class=\"elementor-widget-container\">\n\t\t\t\t\t<div class=\"elementor-shortcode\">\n<div class=\"wpcf7 no-js\" id=\"wpcf7-f1103-o1\" lang=\"en-US\" dir=\"ltr\" data-wpcf7-id=\"1103\">\n<div class=\"screen-reader-response\"><p role=\"status\" aria-live=\"polite\" aria-atomic=\"true\"><\/p> <ul><\/ul><\/div>\n<form action=\"\/es\/wp-json\/wp\/v2\/pages\/11026#wpcf7-f1103-o1\" method=\"post\" class=\"wpcf7-form init\" aria-label=\"Contact form\" novalidate=\"novalidate\" data-status=\"init\">\n<fieldset class=\"hidden-fields-container\"><input type=\"hidden\" name=\"_wpcf7\" value=\"1103\" \/><input type=\"hidden\" name=\"_wpcf7_version\" value=\"6.1.5\" \/><input type=\"hidden\" name=\"_wpcf7_locale\" value=\"en_US\" \/><input type=\"hidden\" name=\"_wpcf7_unit_tag\" value=\"wpcf7-f1103-o1\" \/><input type=\"hidden\" name=\"_wpcf7_container_post\" value=\"0\" \/><input type=\"hidden\" name=\"_wpcf7_posted_data_hash\" value=\"\" \/><input type=\"hidden\" name=\"_wpcf7_recaptcha_response\" value=\"\" \/>\n<\/fieldset>\n<div class=\"contact-form-19\">\n\t<p><span class=\"wpcf7-form-control-wrap\" data-name=\"name-886\"><input size=\"40\" maxlength=\"400\" class=\"wpcf7-form-control wpcf7-text wpcf7-validates-as-required\" aria-required=\"true\" aria-invalid=\"false\" placeholder=\"Your Name*\" value=\"\" type=\"text\" name=\"name-886\" \/><\/span>\n\t<\/p>\n\t<p><span class=\"wpcf7-form-control-wrap\" data-name=\"email-831\"><input size=\"40\" maxlength=\"400\" class=\"wpcf7-form-control wpcf7-email wpcf7-validates-as-required wpcf7-text wpcf7-validates-as-email\" aria-required=\"true\" aria-invalid=\"false\" placeholder=\"Your Email*\" value=\"\" type=\"email\" name=\"email-831\" \/><\/span>\n\t<\/p>\n\t<p><span class=\"wpcf7-form-control-wrap\" data-name=\"tel-225\"><input size=\"40\" maxlength=\"400\" class=\"wpcf7-form-control wpcf7-tel wpcf7-text wpcf7-validates-as-tel get-quote-fields\" aria-invalid=\"false\" placeholder=\"Your Phone\" value=\"\" type=\"tel\" name=\"tel-225\" \/><\/span>\n\t<\/p>\n\t<p><span class=\"wpcf7-form-control-wrap\" data-name=\"service-list-menu-468\"><select class=\"wpcf7-form-control wpcf7-select wpcf7-validates-as-required get-quote-fields\" aria-required=\"true\" aria-invalid=\"false\" name=\"service-list-menu-468\"><option value=\"Taxi Dispatch Software\">Taxi Dispatch Software<\/option><option value=\"Website Development\">Website Development<\/option><option value=\"WordPress Customization\">WordPress Customization<\/option><option value=\"Website Care\">Website Care<\/option><option value=\"UI\/UX Design\">UI\/UX Design<\/option><option value=\"Mobile App\">Mobile App<\/option><option value=\"CRM System Development\">CRM System Development<\/option><option value=\"AI Integration\">AI Integration<\/option><option value=\"Google Ads\">Google Ads<\/option><option value=\"Pre-Sale Questions\">Pre-Sale Questions<\/option><option value=\"Other\">Other<\/option><\/select><\/span>\n\t<\/p>\n\t<p><span class=\"wpcf7-form-control-wrap\" data-name=\"description-textarea-16\"><textarea cols=\"40\" rows=\"10\" maxlength=\"2000\" class=\"wpcf7-form-control wpcf7-textarea get-quote-area-fields\" aria-invalid=\"false\" placeholder=\"Description\" name=\"description-textarea-16\"><\/textarea><\/span>\n\t<\/p>\n\t<p><span class=\"wpcf7-form-control-wrap\" data-name=\"website-url-107\"><input size=\"40\" maxlength=\"400\" class=\"wpcf7-form-control wpcf7-url wpcf7-text wpcf7-validates-as-url get-quote-fields\" aria-invalid=\"false\" placeholder=\"Website URL\" value=\"\" type=\"url\" name=\"website-url-107\" \/><\/span>\n\t<\/p>\n\t<p><span class=\"wpcf7-form-control-wrap\" data-name=\"coupon-code-text-309\"><input size=\"40\" maxlength=\"400\" class=\"wpcf7-form-control wpcf7-text get-quote-fields\" aria-invalid=\"false\" placeholder=\"Coupon Code\" value=\"\" type=\"text\" name=\"coupon-code-text-309\" \/><\/span>\n\t<\/p>\n\t<p><span class=\"get-estimate-form\">By clicking the \"Send Request\" button below, you confirm that you agree with all our <a href=\"\/terms-and-conditions\/\" target=\"_blank\" style=\"color: #9358fe;\">Terms & Conditions<\/a>, <a href=\"\/privacy-policy\/\" target=\"_blank\" style=\"color: #9358fe;\">Privacy Policy<\/a> and <a href=\"\/refund-and-returns-policy\/\" target=\"_blank\" style=\"color: #9358fe;\">Refund Policy<\/a>.<\/span>\n\t<\/p>\n\t<p><span class=\"contact-submit-19\"><input class=\"wpcf7-form-control wpcf7-submit has-spinner\" type=\"submit\" value=\"Send Request\" \/><\/span>\n\t<\/p>\n<\/div><div class=\"wpcf7-response-output\" aria-hidden=\"true\"><\/div>\n<\/form>\n<\/div>\n<\/div>\n\t\t\t\t<\/div>\n\t\t\t\t<\/div>\n\t\t\t\t<div class=\"elementor-element elementor-element-f449b5b show-mobile elementor-widget elementor-widget-text-editor\" data-id=\"f449b5b\" data-element_type=\"widget\" data-widget_type=\"text-editor.default\">\n\t\t\t\t<div class=\"elementor-widget-container\">\n\t\t\t\t\t\t\t<p>Would you like to discuss your project face to face with our expert?<\/p>\n<\/p>\n<p>No problem! Schedule a <a title=\"Book 15-min Zoom meeting\" href=\"https:\/\/codico.io\/nl\/book-15-minute-meeting\/\" target=\"_blank\" rel=\"noopener\"><span style=\"color: #9358fe;\">15-minute Zoom call<\/span><\/a> <\/p><\/p>\n\t\t\t\t\t\t<\/div>\n\t\t\t\t<\/div>\n\t\t\t\t\t<\/div>\n\t\t<\/div>\n\t\t\t\t\t<\/div>\n\t\t<\/section>\n\t\t\t\t<\/div>\n\t\t","protected":false},"excerpt":{"rendered":"<p>Obt\u00e9n una Estimaci\u00f3n Gratuita. Selecciona el m\u00e9todo de comunicaci\u00f3n que sea m\u00e1s conveniente para ti. \u00bfTe gustar\u00eda discutir tu proyecto cara a cara con nuestro experto? \u00a0 \u00a1No hay problema! Programa una llamada de Zoom de 15 minutos. Por favor, completa este formulario para que nuestros expertos puedan asistirte. Would you like to discuss your [&hellip;]<\/p>\n","protected":false},"author":1,"featured_media":0,"parent":0,"menu_order":0,"comment_status":"closed","ping_status":"closed","template":"","meta":{"footnotes":""},"class_list":["post-11026","page","type-page","status-publish","hentry"],"aioseo_notices":[],"_links":{"self":[{"href":"https:\/\/codico.io\/es\/wp-json\/wp\/v2\/pages\/11026","targetHints":{"allow":["GET"]}}],"collection":[{"href":"https:\/\/codico.io\/es\/wp-json\/wp\/v2\/pages"}],"about":[{"href":"https:\/\/codico.io\/es\/wp-json\/wp\/v2\/types\/page"}],"author":[{"embeddable":true,"href":"https:\/\/codico.io\/es\/wp-json\/wp\/v2\/users\/1"}],"replies":[{"embeddable":true,"href":"https:\/\/codico.io\/es\/wp-json\/wp\/v2\/comments?post=11026"}],"version-history":[{"count":0,"href":"https:\/\/codico.io\/es\/wp-json\/wp\/v2\/pages\/11026\/revisions"}],"wp:attachment":[{"href":"https:\/\/codico.io\/es\/wp-json\/wp\/v2\/media?parent=11026"}],"curies":[{"name":"wp","href":"https:\/\/api.w.org\/{rel}","templated":true}]}}