{"id":11210,"date":"2023-01-22T17:21:00","date_gmt":"2023-01-22T17:21:00","guid":{"rendered":"https:\/\/codico.io\/politica-de-privacidad\/"},"modified":"2025-04-16T03:27:00","modified_gmt":"2025-04-16T03:27:00","slug":"politica-de-privacidad","status":"publish","type":"page","link":"https:\/\/codico.io\/es\/politica-de-privacidad\/","title":{"rendered":"Pol\u00edtica de Privacidad"},"content":{"rendered":"\t\t<div data-elementor-type=\"wp-page\" data-elementor-id=\"11210\" class=\"elementor elementor-11210 elementor-3\">\n\t\t\t\t\t\t<section class=\"elementor-section elementor-top-section elementor-element elementor-element-56b1599c elementor-section-boxed elementor-section-height-default elementor-section-height-default false\" data-id=\"56b1599c\" data-element_type=\"section\">\n\t\t\t\t\t\t<div class=\"elementor-container elementor-column-gap-default\">\n\t\t\t\t\t<div class=\"elementor-column elementor-col-100 elementor-top-column elementor-element elementor-element-3a797e68\" data-id=\"3a797e68\" data-element_type=\"column\">\n\t\t\t<div class=\"elementor-widget-wrap elementor-element-populated\">\n\t\t\t\t\r\n\t\t<div class=\"elementor-element elementor-element-5f03b5f1 elementor-widget elementor-widget-text-editor\" data-id=\"5f03b5f1\" data-element_type=\"widget\" data-widget_type=\"text-editor.default\">\n\t\t\t\t<div class=\"elementor-widget-container\">\n\t\t\t\t\t\t\t<p><em><strong><span style=\"color: #212529;\">\u00daltima Actualizaci\u00f3n: [25.06.2024]<\/span><\/strong><\/em><\/p>\n<p>&nbsp;<\/p>\n<p><span style=\"color: #212529;\"><strong>CodiCo<\/strong> respeta tu privacidad y se compromete a proteger la informaci\u00f3n personal que compartes con nosotros. Esta Pol\u00edtica de Privacidad detalla c\u00f3mo recopilamos, usamos, divulgamos y protegemos tu informaci\u00f3n cuando visitas nuestro sitio web o utilizas nuestros servicios de desarrollo web (colectivamente, los &#8220;Servicios&#8221;).<\/span><\/p>\n<p>&nbsp;<\/p>\n<p>&nbsp;<\/p>\n<h3><span style=\"color: #212529;\">1. Informaci\u00f3n que Recopilamos<\/span><\/h3>\n<p><span style=\"color: #212529;\">Podemos recopilar y procesar la siguiente informaci\u00f3n sobre ti:<\/span><\/p>\n<p>&nbsp;<\/p>\n<ul class=\"custom-li\">\n<li><span style=\"color: #212529;\"><strong>Informaci\u00f3n Personal:<\/strong> Nombre, direcci\u00f3n de correo electr\u00f3nico, n\u00famero de tel\u00e9fono, direcci\u00f3n postal y otra informaci\u00f3n de contacto.<\/span><\/li>\n<li><span style=\"color: #212529;\"><strong>Datos T\u00e9cnicos:<\/strong> Direcci\u00f3n IP, tipo y versi\u00f3n del navegador, configuraci\u00f3n de zona horaria, tipos y versiones de complementos del navegador, sistema operativo y plataforma.<\/span><\/li>\n<li><span style=\"color: #212529;\"><strong>Datos de Uso:<\/strong> Informaci\u00f3n sobre c\u00f3mo usas nuestro sitio web y servicios.<\/span><\/li>\n<li><span style=\"color: #212529;\"><strong>Datos de Marketing y Comunicaciones:<\/strong> Tus preferencias para recibir comunicaciones de marketing de nuestra parte y tus preferencias de comunicaci\u00f3n.<\/span><\/li>\n<\/ul>\n<p>&nbsp;<\/p>\n<h3><span style=\"color: #212529;\">2. C\u00f3mo Usamos Tu Informaci\u00f3n<\/span><\/h3>\n<p><span style=\"color: #212529;\">Utilizamos la informaci\u00f3n que recopilamos para los siguientes fines:<\/span><\/p>\n<p>&nbsp;<\/p>\n<ul class=\"custom-li\">\n<li><span style=\"color: #212529;\">Para proporcionar, operar y mantener nuestros Servicios.<\/span><\/li>\n<li><span style=\"color: #212529;\">Para comunicarnos contigo, incluyendo responder a tus consultas y proporcionar soporte al cliente.<\/span><\/li>\n<li><span style=\"color: #212529;\">Para personalizar tu experiencia y ofrecerte contenido y productos relevantes para tus intereses.<\/span><\/li>\n<li><span style=\"color: #212529;\">Para mejorar nuestro sitio web y servicios, y desarrollar nuevos productos y caracter\u00edsticas.<\/span><\/li>\n<li><span style=\"color: #212529;\">Para cumplir con las obligaciones legales y hacer cumplir nuestros t\u00e9rminos y condiciones.<\/span><\/li>\n<\/ul>\n\n<p>&nbsp;<\/p>\n<h3><span style=\"color: #212529;\">3. Compartir Tu Informaci\u00f3n<\/span><\/h3>\n<p><span style=\"color: #212529;\">No vendemos, intercambiamos ni transferimos tu informaci\u00f3n personal a terceros, a menos que te notifiquemos con antelaci\u00f3n. Esto no incluye a los socios de alojamiento web y otras partes que nos ayudan a operar nuestro sitio web, realizar nuestra actividad comercial o servir a nuestros usuarios, siempre que dichas partes se comprometan a mantener esta informaci\u00f3n confidencial.<\/span><\/p>\n<p>&nbsp;<\/p>\n<p>&nbsp;<\/p>\n<h3><span style=\"color: #212529;\">4. Seguridad de Tu Informaci\u00f3n<\/span><\/h3>\n<p><span style=\"color: #212529;\">Implementamos una variedad de medidas de seguridad para mantener la seguridad de tu informaci\u00f3n personal cuando ingresas, env\u00edas o accedes a tu informaci\u00f3n personal.<\/span><\/p>\n<p>&nbsp;<\/p>\n<p>&nbsp;<\/p>\n<h3><span style=\"color: #212529;\">5. Tus Derechos<\/span><\/h3>\n<p><span style=\"color: #212529;\">Tienes el derecho de:<\/span><\/p>\n<p>&nbsp;<\/p>\n<ul class=\"custom-li\">\n<li><span style=\"color: #212529;\">Acceder a la informaci\u00f3n personal que tenemos sobre ti.<\/span><\/li>\n<li><span style=\"color: #212529;\">Solicitar la correcci\u00f3n de la informaci\u00f3n personal que tenemos sobre ti.<\/span><\/li>\n<li><span style=\"color: #212529;\">Solicitar la eliminaci\u00f3n de tu informaci\u00f3n personal.<\/span><\/li>\n<li><span style=\"color: #212529;\">Oponerte al procesamiento de tu informaci\u00f3n personal.<\/span><\/li>\n<li><span style=\"color: #212529;\">Solicitar la restricci\u00f3n del procesamiento de tu informaci\u00f3n personal.<\/span><\/li>\n<li><span style=\"color: #212529;\">Solicitar la transferencia de tu informaci\u00f3n personal.<\/span><\/li>\n<\/ul>\n\n<p>&nbsp;<\/p>\n<h3><span style=\"color: #212529;\">6. Cambios en esta Pol\u00edtica de Privacidad<\/span><\/h3>\n<p><span style=\"color: #212529;\">CodiCo se reserva el derecho de actualizar o cambiar esta Pol\u00edtica de Privacidad en cualquier momento. Publicaremos la pol\u00edtica actualizada en esta p\u00e1gina con una nueva fecha de \u00faltima actualizaci\u00f3n.<\/span><\/p>\n<p>&nbsp;<\/p>\n<p>&nbsp;<\/p>\n<h3><span style=\"color: #212529;\">7. Cont\u00e1ctanos<\/span><\/h3>\n<p><span style=\"color: #212529;\">Si tienes alguna pregunta sobre esta Pol\u00edtica de Privacidad, por favor cont\u00e1ctanos en:<\/span><\/p>\n<p>&nbsp;<\/p>\n<p><span style=\"color: #212529;\"><strong>BILTO GROUP LLC<\/strong><br \/>Conrad Business Center, oficina 1004, nivel 10, Sheikh Zayed Rd \u2013 Trade Centre \u2013 Trade Centre 1, Dub\u00e1i, Emiratos \u00c1rabes Unidos.<br \/><br \/><\/span><span style=\"color: #0000ff;\"><a style=\"color: #0000ff;\" href=\"mailto:info@codico.io\">info@codico.io<\/a><\/span><\/p>\n<p>&nbsp;<\/p>\n<p><span style=\"color: #212529;\">Al utilizar nuestro sitio web y servicios, consientes nuestra Pol\u00edtica de Privacidad.<\/span><\/p>\n<p>&nbsp;<\/p>\n<p><span style=\"color: #212529;\">Gracias por elegir CodiCo para tus necesidades de desarrollo web.<\/span><\/p>\n\t\t\t\t\t\t<\/div>\n\t\t\t\t<\/div>\n\t\t\t\t\t<\/div>\n\t\t<\/div>\n\t\t\t\t\t<\/div>\n\t\t<\/section>\n\t\t\t\t<\/div>\n\t\t","protected":false},"excerpt":{"rendered":"<p>\u00daltima Actualizaci\u00f3n: [25.06.2024] &nbsp; CodiCo respeta tu privacidad y se compromete a proteger la informaci\u00f3n personal que compartes con nosotros. Esta Pol\u00edtica de Privacidad detalla c\u00f3mo recopilamos, usamos, divulgamos y protegemos tu informaci\u00f3n cuando visitas nuestro sitio web o utilizas nuestros servicios de desarrollo web (colectivamente, los &#8220;Servicios&#8221;). &nbsp; &nbsp; 1. Informaci\u00f3n que Recopilamos Podemos [&hellip;]<\/p>\n","protected":false},"author":1,"featured_media":0,"parent":0,"menu_order":0,"comment_status":"closed","ping_status":"open","template":"","meta":{"footnotes":""},"class_list":["post-11210","page","type-page","status-publish","hentry"],"aioseo_notices":[],"_links":{"self":[{"href":"https:\/\/codico.io\/es\/wp-json\/wp\/v2\/pages\/11210","targetHints":{"allow":["GET"]}}],"collection":[{"href":"https:\/\/codico.io\/es\/wp-json\/wp\/v2\/pages"}],"about":[{"href":"https:\/\/codico.io\/es\/wp-json\/wp\/v2\/types\/page"}],"author":[{"embeddable":true,"href":"https:\/\/codico.io\/es\/wp-json\/wp\/v2\/users\/1"}],"replies":[{"embeddable":true,"href":"https:\/\/codico.io\/es\/wp-json\/wp\/v2\/comments?post=11210"}],"version-history":[{"count":0,"href":"https:\/\/codico.io\/es\/wp-json\/wp\/v2\/pages\/11210\/revisions"}],"wp:attachment":[{"href":"https:\/\/codico.io\/es\/wp-json\/wp\/v2\/media?parent=11210"}],"curies":[{"name":"wp","href":"https:\/\/api.w.org\/{rel}","templated":true}]}}