{"id":11214,"date":"2024-07-05T06:25:11","date_gmt":"2024-07-05T06:25:11","guid":{"rendered":"https:\/\/codico.io\/politica-de-reembolsos-y-devoluciones\/"},"modified":"2025-04-16T03:31:06","modified_gmt":"2025-04-16T03:31:06","slug":"politica-de-reembolsos-y-devoluciones","status":"publish","type":"page","link":"https:\/\/codico.io\/es\/politica-de-reembolsos-y-devoluciones\/","title":{"rendered":"Pol\u00edtica de Reembolsos y Devoluciones"},"content":{"rendered":"\t\t<div data-elementor-type=\"wp-page\" data-elementor-id=\"11214\" class=\"elementor elementor-11214 elementor-3422\">\n\t\t\t\t\t\t<section class=\"elementor-section elementor-top-section elementor-element elementor-element-7db2cf0 elementor-section-boxed elementor-section-height-default elementor-section-height-default false\" data-id=\"7db2cf0\" data-element_type=\"section\">\n\t\t\t\t\t\t<div class=\"elementor-container elementor-column-gap-default\">\n\t\t\t\t\t<div class=\"elementor-column elementor-col-33 elementor-top-column elementor-element elementor-element-9dcde4b\" data-id=\"9dcde4b\" data-element_type=\"column\">\n\t\t\t<div class=\"elementor-widget-wrap\">\n\t\t\t\t\t\t\t<\/div>\n\t\t<\/div>\n\t\t\t\t<div class=\"elementor-column elementor-col-33 elementor-top-column elementor-element elementor-element-40dfdb4\" data-id=\"40dfdb4\" data-element_type=\"column\">\n\t\t\t<div class=\"elementor-widget-wrap elementor-element-populated\">\n\t\t\t\t\r\n\t\t<div class=\"elementor-element elementor-element-cb039c7 elementor-widget elementor-widget-text-editor\" data-id=\"cb039c7\" data-element_type=\"widget\" data-widget_type=\"text-editor.default\">\n\t\t\t\t<div class=\"elementor-widget-container\">\n\t\t\t\t\t\t\t<h6><strong><span style=\"color: #212529;\"><em>\u00daltima Actualizaci\u00f3n: [25.06.2024]<\/em><\/span><\/strong><\/h6>\n<p>\u00a0<\/p>\n<p><span style=\"color: #212529;\">En <strong>CodiCo<\/strong>, nos esforzamos por ofrecer los mejores servicios de desarrollo web a nuestros clientes. Sin embargo, entendemos que a veces las cosas no salen como se planean. Esta Pol\u00edtica de Reembolsos y Devoluciones detalla los t\u00e9rminos y condiciones bajo los cuales se proporcionan reembolsos y devoluciones para nuestros servicios.<\/span><\/p>\n<p>\u00a0<\/p>\n<h3><span style=\"color: #212529;\"><strong>Elegibilidad para Reembolsos<\/strong><\/span><\/h3>\n<p><span style=\"color: #212529;\">Los reembolsos se otorgan en las siguientes circunstancias:<\/span><\/p>\n<h6>\u00a0<\/h6>\n<ul class=\"custom-li\">\n<li><span style=\"color: #212529;\"><strong>Servicio No Entregado:<\/strong> Si los servicios acordados no se entregaron dentro del plazo especificado y no se han hecho arreglos alternativos.<\/span><\/li>\n<li><span style=\"color: #212529;\"><strong>Cancelaci\u00f3n del Proyecto:<\/strong> Si CodiCo cancela el proyecto antes de completar los hitos acordados.<\/span><\/li>\n<li><span style=\"color: #212529;\"><strong>Servicio Insatisfactorio:<\/strong> Si los servicios entregados son considerados insatisfactorios, se podr\u00e1 considerar un reembolso despu\u00e9s de una revisi\u00f3n exhaustiva.<\/span><\/li>\n<\/ul>\n<h3><span style=\"color: #212529;\"><strong>Situaciones No Reembolsables<\/strong><\/span><\/h3>\n<p><span style=\"color: #212529;\">No se proporcionan reembolsos en las siguientes situaciones:<\/span><\/p>\n<ul class=\"custom-li\">\n<li><span style=\"color: #212529;\"><strong>Cambio de Opini\u00f3n:<\/strong> Si decides no usar los servicios despu\u00e9s de que se hayan iniciado o completado.<\/span><\/li>\n<li><span style=\"color: #212529;\"><strong>Cambios en el Alcance:<\/strong> Si hay cambios en el alcance o los requisitos del proyecto despu\u00e9s de que se haya comenzado el proyecto.<\/span><\/li>\n<li><span style=\"color: #212529;\"><span style=\"color: #212529;\"><strong>Problemas de Terceros:<\/strong> Si los problemas son causados por servicios o productos de terceros integrados en el proyecto.<\/span><\/span>\n<p>\u00a0<\/p>\n<\/li>\n<\/ul>\n<h3><span style=\"color: #212529;\"><strong>Solicitud de Reembolso<\/strong><\/span><\/h3>\n<p><span style=\"color: #212529;\">Para solicitar un reembolso, por favor sigue estos pasos:<\/span><\/p>\n<ul class=\"custom-li\">\n<li><span style=\"color: #212529;\"><strong>Cont\u00e1ctanos:<\/strong> Env\u00edanos un correo electr\u00f3nico a <span style=\"color: #0000ff;\"><a style=\"color: #0000ff;\" href=\"mailto:info@codico.io\">info@codico.io<\/a><\/span> dentro de los 14 d\u00edas posteriores a la fecha de entrega del servicio, proporcionando los detalles de tu proyecto y el motivo de tu solicitud de reembolso.<\/span><\/li>\n<li><span style=\"color: #212529;\"><strong>Proceso de Revisi\u00f3n:<\/strong> Nuestro equipo revisar\u00e1 tu solicitud y puede pedir informaci\u00f3n adicional o aclaraciones.<\/span><\/li>\n<li><span style=\"color: #212529;\"><span style=\"color: #212529;\"><strong>Decisi\u00f3n:<\/strong> Ser\u00e1s notificado de la decisi\u00f3n dentro de los 7 d\u00edas h\u00e1biles. Si se aprueba, el reembolso se procesar\u00e1 dentro de los 14 d\u00edas h\u00e1biles.<\/span><\/span>\n<p>\u00a0<\/p>\n<\/li>\n<\/ul>\n<h3><span style=\"color: #212529;\"><strong>Reembolsos Parciales<\/strong><\/span><\/h3>\n<p><span style=\"color: #212529;\">En algunos casos, se puede otorgar un reembolso parcial si parte del servicio se ha entregado de manera satisfactoria. El monto se determinar\u00e1 seg\u00fan el trabajo completado y las razones de la solicitud de reembolso.<\/span><\/p>\n<p>\u00a0<\/p>\n<h3><span style=\"color: #212529;\"><strong>Pol\u00edtica de Devoluciones para Productos Digitales<\/strong><\/span><\/h3>\n<p><span style=\"color: #212529;\">Como CodiCo ofrece principalmente servicios, el concepto de devoluciones no se aplica. Sin embargo, para cualquier producto digital como plantillas, complementos o software comprados en CodiCo, las devoluciones o cambios pueden ser considerados de forma individual si existen defectos o problemas que impiden que el producto funcione como se esperaba.<\/span><\/p>\n<p>\u00a0<\/p>\n<h3><span style=\"color: #212529;\"><strong>Cont\u00e1ctanos<\/strong><\/span><\/h3>\n<p><span style=\"color: #212529;\">Si tienes alguna pregunta o necesitas m\u00e1s ayuda con nuestra Pol\u00edtica de Reembolsos y Devoluciones, por favor cont\u00e1ctanos en <a href=\"mailto:info@codico.io\"><span style=\"color: #0000ff;\">info@codico.io<\/span><\/a>. Estamos aqu\u00ed para ayudarte y asegurarnos de que tengas una experiencia positiva con CodiCo.<\/span><\/p>\n<p>\u00a0<\/p>\n<h3><span style=\"color: #212529;\"><strong>Cambios en Esta Pol\u00edtica<\/strong><\/span><\/h3>\n<p><span style=\"color: #212529;\">CodiCo se reserva el derecho de modificar esta Pol\u00edtica de Reembolsos y Devoluciones en cualquier momento. Cualquier cambio ser\u00e1 efectivo inmediatamente al ser publicado en nuestro sitio web. Te recomendamos revisar esta pol\u00edtica peri\u00f3dicamente para mantenerte informado sobre nuestros procedimientos de reembolsos y devoluciones.<\/span><\/p>\n<p>\u00a0<\/p>\n<h3><span style=\"color: #212529;\"><strong>Conclusi\u00f3n<\/strong><\/span><\/h3>\n<p><span style=\"color: #212529;\">Gracias por elegir CodiCo para tus necesidades de desarrollo web. Valoramos tu negocio y estamos comprometidos a ofrecer servicios y soporte de calidad. Si tienes alguna inquietud o necesitas asistencia, no dudes en ponerte en contacto con nuestro equipo.<\/span><\/p>\t\t\t\t\t\t<\/div>\n\t\t\t\t<\/div>\n\t\t\t\t\t<\/div>\n\t\t<\/div>\n\t\t\t\t<div class=\"elementor-column elementor-col-33 elementor-top-column elementor-element elementor-element-7f0c8da\" data-id=\"7f0c8da\" data-element_type=\"column\">\n\t\t\t<div class=\"elementor-widget-wrap\">\n\t\t\t\t\t\t\t<\/div>\n\t\t<\/div>\n\t\t\t\t\t<\/div>\n\t\t<\/section>\n\t\t\t\t<\/div>\n\t\t","protected":false},"excerpt":{"rendered":"<p>\u00daltima Actualizaci\u00f3n: [25.06.2024] \u00a0 En CodiCo, nos esforzamos por ofrecer los mejores servicios de desarrollo web a nuestros clientes. Sin embargo, entendemos que a veces las cosas no salen como se planean. Esta Pol\u00edtica de Reembolsos y Devoluciones detalla los t\u00e9rminos y condiciones bajo los cuales se proporcionan reembolsos y devoluciones para nuestros servicios. \u00a0 [&hellip;]<\/p>\n","protected":false},"author":1,"featured_media":0,"parent":0,"menu_order":0,"comment_status":"closed","ping_status":"closed","template":"","meta":{"footnotes":""},"class_list":["post-11214","page","type-page","status-publish","hentry"],"aioseo_notices":[],"_links":{"self":[{"href":"https:\/\/codico.io\/es\/wp-json\/wp\/v2\/pages\/11214","targetHints":{"allow":["GET"]}}],"collection":[{"href":"https:\/\/codico.io\/es\/wp-json\/wp\/v2\/pages"}],"about":[{"href":"https:\/\/codico.io\/es\/wp-json\/wp\/v2\/types\/page"}],"author":[{"embeddable":true,"href":"https:\/\/codico.io\/es\/wp-json\/wp\/v2\/users\/1"}],"replies":[{"embeddable":true,"href":"https:\/\/codico.io\/es\/wp-json\/wp\/v2\/comments?post=11214"}],"version-history":[{"count":0,"href":"https:\/\/codico.io\/es\/wp-json\/wp\/v2\/pages\/11214\/revisions"}],"wp:attachment":[{"href":"https:\/\/codico.io\/es\/wp-json\/wp\/v2\/media?parent=11214"}],"curies":[{"name":"wp","href":"https:\/\/api.w.org\/{rel}","templated":true}]}}