{"id":11251,"date":"2021-02-28T12:19:33","date_gmt":"2021-02-28T12:19:33","guid":{"rendered":"https:\/\/codico.io\/terminos-y-condiciones\/"},"modified":"2025-04-21T06:17:55","modified_gmt":"2025-04-21T06:17:55","slug":"terminos-y-condiciones","status":"publish","type":"page","link":"https:\/\/codico.io\/es\/terminos-y-condiciones\/","title":{"rendered":"T\u00e9rminos y Condiciones"},"content":{"rendered":"\t\t<div data-elementor-type=\"wp-page\" data-elementor-id=\"11251\" class=\"elementor elementor-11251 elementor-930\">\n\t\t\t\t\t\t<section class=\"elementor-section elementor-top-section elementor-element elementor-element-7db2cf0 elementor-section-boxed elementor-section-height-default elementor-section-height-default false\" data-id=\"7db2cf0\" data-element_type=\"section\">\n\t\t\t\t\t\t<div class=\"elementor-container elementor-column-gap-default\">\n\t\t\t\t\t<div class=\"elementor-column elementor-col-33 elementor-top-column elementor-element elementor-element-9dcde4b\" data-id=\"9dcde4b\" data-element_type=\"column\">\n\t\t\t<div class=\"elementor-widget-wrap\">\n\t\t\t\t\t\t\t<\/div>\n\t\t<\/div>\n\t\t\t\t<div class=\"elementor-column elementor-col-33 elementor-top-column elementor-element elementor-element-40dfdb4\" data-id=\"40dfdb4\" data-element_type=\"column\">\n\t\t\t<div class=\"elementor-widget-wrap elementor-element-populated\">\n\t\t\t\t\r\n\t\t<div class=\"elementor-element elementor-element-cb039c7 elementor-widget elementor-widget-text-editor\" data-id=\"cb039c7\" data-element_type=\"widget\" data-widget_type=\"text-editor.default\">\n\t\t\t\t<div class=\"elementor-widget-container\">\n\t\t\t\t\t\t\t<h6><span style=\"color: #212529;\"><em><b>\u00daltima Actualizaci\u00f3n: [25.06.2024]<\/b><\/em><\/span><\/h6><p>\u00a0<\/p><p><span style=\"font-weight: 400; color: #212529;\">Bienvenido a <strong>CodiCo<\/strong>. Estos T\u00e9rminos y Condiciones (&#8220;T\u00e9rminos&#8221;) regulan el uso de nuestro sitio web y servicios. Al acceder o usar el sitio web de CodiCo.io (el &#8220;Sitio&#8221;) y nuestros servicios de desarrollo web (en conjunto, los &#8220;Servicios&#8221;), aceptas cumplir con estos T\u00e9rminos. Por favor, l\u00e9elos con atenci\u00f3n.<\/span><\/p><p>\u00a0<\/p><h3><span style=\"color: #212529;\"><b>1. Aceptaci\u00f3n de los T\u00e9rminos<\/b><\/span><\/h3><p><span style=\"font-weight: 400; color: #212529;\">Al acceder y usar nuestros Servicios, reconoces que has le\u00eddo, entendido y aceptas estos T\u00e9rminos y todas las leyes y normas aplicables. Si no est\u00e1s de acuerdo con alguna parte de estos T\u00e9rminos, no debes usar nuestros Servicios.<\/span><\/p><p>\u00a0<\/p><h3><span style=\"color: #212529;\"><b>2. Cambios en los T\u00e9rminos<\/b><\/span><\/h3><p><span style=\"font-weight: 400; color: #212529;\">CodiCo se reserva el derecho de modificar o actualizar estos T\u00e9rminos en cualquier momento sin previo aviso. Si sigues usando los Servicios despu\u00e9s de los cambios, eso significa que los aceptas. Es tu responsabilidad revisar estos T\u00e9rminos de vez en cuando.<\/span><\/p><p>\u00a0<\/p><h3><span style=\"color: #212529;\"><b>3. Servicios<\/b><\/span><\/h3><p><span style=\"font-weight: 400; color: #212529;\">CodiCo ofrece servicios de desarrollo web como dise\u00f1o de sitios web, desarrollo web, desarrollo m\u00f3vil, mantenimiento de sitios y hosting. Puede haber condiciones especiales para algunos servicios, que se explicar\u00e1n en un acuerdo separado si es necesario.<\/span><\/p><p>\u00a0<\/p><h3><span style=\"color: #212529;\"><b>4. Uso del Sitio<\/b><\/span><\/h3><p><span style=\"font-weight: 400; color: #212529;\">Aceptas usar el Sitio solo para fines legales y de una forma que no afecte los derechos o el uso del Sitio por parte de otros. Est\u00e1 prohibido molestar o causar molestias a otros usuarios, enviar contenido ofensivo u obsceno o interrumpir el uso normal del Sitio.<\/span><\/p><p>\u00a0<\/p><h3><span style=\"color: #212529;\"><b>5. Propiedad Intelectual<\/b><\/span><\/h3><p><span style=\"font-weight: 400; color: #212529;\">Todo el contenido, dise\u00f1o, gr\u00e1ficos, logotipos y otros materiales en el Sitio son propiedad intelectual de CodiCo o de sus licenciantes y est\u00e1n protegidos por leyes de derechos de autor, marcas registradas y otras leyes de propiedad intelectual. No puedes reproducir, distribuir ni crear trabajos derivados del contenido del Sitio sin el permiso escrito de CodiCo.<\/span><\/p><p>\u00a0<\/p><h3><span style=\"color: #212529;\"><b>6. Contenido del Usuario<\/b><\/span><\/h3><p><span style=\"font-weight: 400; color: #212529;\">Cualquier contenido que env\u00edes a CodiCo, incluyendo comentarios, opiniones o sugerencias, se considerar\u00e1 no confidencial y sin propiedad exclusiva. Al enviar ese contenido, otorgas a CodiCo una licencia gratuita, permanente, irrevocable y mundial para usar, reproducir, modificar, adaptar, publicar, traducir, crear trabajos derivados, distribuir y mostrar ese contenido.<\/span><\/p><p>\u00a0<\/p><h3><span style=\"color: #212529;\"><b>7. Privacidad<\/b><\/span><\/h3><p><span style=\"font-weight: 400; color: #212529;\">Tu privacidad es importante para nosotros. Por favor, revisa nuestra Pol\u00edtica de Privacidad, donde explicamos c\u00f3mo recopilamos, usamos y compartimos la informaci\u00f3n relacionada con tu privacidad. Al usar nuestros Servicios, aceptas la recopilaci\u00f3n y uso de tus datos personales seg\u00fan lo descrito en la Pol\u00edtica de Privacidad.<\/span><\/p><p>\u00a0<\/p><h3><span style=\"color: #212529;\"><b>8. T\u00e9rminos de Pago<\/b><\/span><\/h3><p><span style=\"font-weight: 400; color: #212529;\">Todas las tarifas por los Servicios deben pagarse seg\u00fan lo indicado en el acuerdo de servicio o la factura correspondiente. Los pagos deben hacerse completos y a tiempo. CodiCo se reserva el derecho de suspender o cancelar los Servicios si el pago no se recibe puntualmente.<\/span><\/p><p>\u00a0<\/p><h3><span style=\"color: #212529;\"><b>9. Servicio de Mantenimiento<\/b><\/span><\/h3><p>\u00a0<\/p><p><strong><span style=\"color: #212529;\">Horas de Desarrollo en el Plan de Mantenimiento:<\/span><\/strong><\/p><p><span style=\"font-weight: 400; color: #212529;\">Las horas de desarrollo incluidas en el plan de mantenimiento se asignan mensualmente.<\/span><\/p><p>\u00a0<\/p><p><strong><span style=\"color: #212529;\">Acumulaci\u00f3n y Transferencia de Horas:<\/span><\/strong><\/p><p><span style=\"font-weight: 400; color: #212529;\">Las horas de desarrollo no usadas durante un mes no se acumulan ni se transfieren a los meses siguientes.<\/span><\/p><p>\u00a0<\/p><p><strong><span style=\"color: #212529;\">Actualizaci\u00f3n de Tema y Plugins de WordPress:<\/span><\/strong><\/p><p><span style=\"font-weight: 400; color: #212529;\">Los planes de mantenimiento &#8220;Middle&#8221; y &#8220;Professional&#8221; incluyen actualizaciones b\u00e1sicas de plugins, temas y del n\u00facleo. Sin embargo, no cubren las horas de desarrollo necesarias para ajustar personalizaciones anteriores, plugins o problemas imprevistos causados por las actualizaciones. El tiempo dedicado a estas tareas se factura por separado.<\/span><\/p><p>\u00a0<\/p><p><strong><span style=\"color: #212529;\">Optimizaci\u00f3n de Velocidad del Sitio Web:<\/span><\/strong><\/p><p><span style=\"font-weight: 400; color: #212529;\">Todos los planes incluyen una optimizaci\u00f3n b\u00e1sica, centrada en la configuraci\u00f3n del software. Sin embargo, los ajustes que requieren configuraci\u00f3n del servidor, aumento de l\u00edmites o mejoras de hardware no son responsabilidad de CodiCo para optimizar el rendimiento de velocidad del sitio web.<\/span><\/p><p>\u00a0<\/p><h3><span style=\"color: #212529;\"><b>10. Renovaci\u00f3n Autom\u00e1tica<\/b><\/span><\/h3><p><span style=\"font-weight: 400; color: #212529;\">A menos que canceles a trav\u00e9s de tu panel personal, tu suscripci\u00f3n se renovar\u00e1 autom\u00e1ticamente. Al renovarse, nos autorizas a cobrar la tarifa anual o trimestral aplicable (incluyendo impuestos) utilizando cualquier tarjeta de cr\u00e9dito o m\u00e9todo de pago guardado.<\/span><\/p><p>\u00a0<\/p><p><span style=\"font-weight: 400; color: #212529;\">Si tu suscripci\u00f3n se renueva autom\u00e1ticamente, no se ofrecer\u00e1n reembolsos del trimestre actual a partir de la fecha de renovaci\u00f3n. Sin embargo, seguir\u00e1s teniendo acceso a los beneficios de la suscripci\u00f3n hasta el final del per\u00edodo de facturaci\u00f3n actual.<\/span><\/p><p>\u00a0<\/p><h3><span style=\"color: #212529;\"><b>11. Pol\u00edtica de Cancelaci\u00f3n de Suscripci\u00f3n<\/b><\/span><\/h3><p><span style=\"font-weight: 400; color: #212529;\">Si decides cancelar una suscripci\u00f3n mensual, ten en cuenta los siguientes t\u00e9rminos:<\/span><\/p><p>\u00a0<\/p><ul class=\"custom-li\"><li><span style=\"color: #212529;\"><b>Proceso de Cancelaci\u00f3n:<\/b><span style=\"font-weight: 400;\"> Debes iniciar la cancelaci\u00f3n desde tu panel personal. Nuestros gestores o personal de soporte no pueden cancelarla por ti.<\/span><\/span><\/li><li><span style=\"color: #212529;\"><b>\u00daltima Actualizaci\u00f3n:<\/b><span style=\"font-weight: 400;\"> La cancelaci\u00f3n se har\u00e1 efectiva al final del per\u00edodo de facturaci\u00f3n del mes en curso.<\/span><\/span><\/li><li style=\"font-weight: 400;\" aria-level=\"1\"><span style=\"color: #212529;\"><b>Reembolsos:<\/b><span style=\"font-weight: 400;\"> No ofrecemos reembolsos por el tiempo restante del mes actual. Sin embargo, seguir\u00e1s teniendo acceso a los beneficios de tu suscripci\u00f3n hasta que finalice el mes.<\/span><\/span><\/li><li style=\"font-weight: 400;\" aria-level=\"1\"><span style=\"color: #212529;\"><b>Horas de Desarrollo:<\/b><span style=\"font-weight: 400;\"> Las horas mensuales no usadas expirar\u00e1n al final de cada mes.<\/span><\/span><\/li><\/ul><p>\u00a0<\/p><p><strong><span style=\"color: #212529;\">Para suscripciones anuales, ten en cuenta lo siguiente:<\/span><\/strong><\/p><p>\u00a0<\/p><ul class=\"custom-li\"><li style=\"font-weight: 400;\" aria-level=\"1\"><span style=\"color: #212529;\"><b>C\u00e1lculo de Reembolso:<\/b> <span style=\"font-weight: 400;\"> Si cancelas una suscripci\u00f3n anual, recibir\u00e1s un reembolso por los meses no usados. El c\u00e1lculo del reembolso deduce el valor de los meses ya utilizados del total de la suscripci\u00f3n anual al precio mensual.<\/span> <\/span><\/li><li style=\"font-weight: 400;\" aria-level=\"1\"><span style=\"color: #212529;\"><b>Horas de Desarrollo:<\/b> <span style=\"font-weight: 400;\"> Si cancelas una suscripci\u00f3n anual despu\u00e9s de usar las horas de desarrollo incluidas, no se otorgar\u00e1 reembolso por esas horas.<\/span> <\/span><\/li><\/ul><p>\u00a0<\/p><p><span style=\"font-weight: 400; color: #212529;\">Para m\u00e1s ayuda o aclaraciones sobre tu suscripci\u00f3n, cont\u00e1ctanos en [<span style=\"color: #0000ff;\"><a style=\"color: #0000ff;\" href=\"https:\/\/codico.io\/es\/obten-cotizacion-gratis\/\" target=\"_blank\" rel=\"noopener\">Formulario de Contacto<\/a><\/span>].<\/span><\/p><p>\u00a0<\/p><h3><strong><span style=\"color: #212529;\">12. Servicio de Desarrollo y Personalizaci\u00f3n<\/span><\/strong><\/h3><p><strong><span style=\"color: #212529;\">Estabilidad de Nuestras Personalizaciones:<\/span><\/strong><\/p><p>\u00a0<\/p><p><span style=\"font-weight: 400; color: #212529;\">No podemos garantizar la compatibilidad de las personalizaciones que hemos implementado si se realiza alguna de las siguientes acciones:<\/span><\/p><p>\u00a0<\/p><ul class=\"custom-li\"><li style=\"font-weight: 400;\" aria-level=\"1\"><span style=\"font-weight: 400; color: #212529;\">Actualizar temas<\/span><\/li><li style=\"font-weight: 400;\" aria-level=\"1\"><span style=\"font-weight: 400; color: #212529;\">Actualizar plugins<\/span><\/li><li style=\"font-weight: 400;\" aria-level=\"1\"><span style=\"font-weight: 400; color: #212529;\">Actualizar WordPress<\/span><\/li><li style=\"font-weight: 400;\" aria-level=\"1\"><span style=\"font-weight: 400; color: #212529;\">Cualquier modificaci\u00f3n o personalizaci\u00f3n realizada directamente por el cliente<\/span><\/li><li style=\"font-weight: 400;\" aria-level=\"1\"><span style=\"font-weight: 400; color: #212529;\">Migraci\u00f3n a otro hosting o servidor<\/span><\/li><\/ul><p>\u00a0<\/p><p><span style=\"font-weight: 400; color: #212529;\">Realizar cualquiera de las acciones mencionadas arriba puede causar que algunas partes de nuestras personalizaciones se rompan o pierdan estabilidad, a pesar de que hacemos todo lo posible por implementar las personalizaciones dentro de temas hijos, los cuales normalmente protegen contra estos problemas.<\/span><\/p><p>\u00a0<\/p><p><strong><span style=\"color: #212529;\">Per\u00edodo de Garant\u00eda:<\/span><\/strong><\/p><p><span style=\"font-weight: 400; color: #212529;\">Ofrecemos un per\u00edodo de garant\u00eda de un mes para las personalizaciones realizadas por nuestro equipo. Durante este tiempo, si aparecen errores o problemas relacionados con nuestras personalizaciones, los corregiremos sin costo. Este per\u00edodo de garant\u00eda comienza desde la fecha de entrega del proyecto.<\/span><\/p><p>\u00a0<\/p><p><strong><span style=\"color: #212529;\">Soporte Despu\u00e9s de la Garant\u00eda:<\/span><\/strong><\/p><p><span style=\"font-weight: 400; color: #212529;\">Cualquier error o problema reportado despu\u00e9s de que expire el mes de garant\u00eda se tratar\u00e1 como un nuevo proyecto. Se aplicar\u00e1n cargos para resolver dichos problemas.<\/span><\/p><p>\u00a0<\/p><h3><span style=\"color: #212529;\"><b>13. Enlaces a Sitios de Terceros<\/b><\/span><\/h3><p><span style=\"font-weight: 400; color: #212529;\">Los sitios web de CodiCo y\/o los Servicios mostrados all\u00ed pueden contener enlaces destacados a sitios web de terceros, anuncios, servicios, ofertas especiales u otras entidades comerciales en internet (en conjunto llamados \u201cSitios de Terceros\u201d), que no son propiedad ni est\u00e1n controlados por CodiCo ni sus afiliados. Al acceder o usar estos Sitios de Terceros, reconoces y aceptas que CodiCo y sus afiliados no respaldan ni asumen responsabilidad alguna por el contenido, productos, servicios o actividades ofrecidas por estos sitios.<\/span><\/p><p>\u00a0<\/p><p><span style=\"font-weight: 400; color: #212529;\">Entiendes y aceptas que tu decisi\u00f3n de acceder o usar cualquier Sitio de Terceros es bajo tu propio riesgo. CodiCo no ser\u00e1 responsable por da\u00f1os directos o indirectos derivados del uso de estos sitios, incluyendo pero no limitado a da\u00f1os incidentales o consecuentes. Esta renuncia aplica tambi\u00e9n a patrocinadores ocasionales o regulares que CodiCo pueda recomendar de vez en cuando.<\/span><\/p><p>\u00a0<\/p><p><span style=\"font-weight: 400; color: #212529;\">Aconsejamos firmemente a todos los usuarios revisar los t\u00e9rminos y condiciones, condiciones de uso, as\u00ed como las pol\u00edticas de privacidad y cookies de cualquier Sitio de Terceros que decidan visitar.<\/span><\/p><p>\u00a0<\/p><h3><span style=\"color: #212529;\"><b>14. T\u00edtulos de las Secciones<\/b><\/span><\/h3><p><span style=\"font-weight: 400; color: #212529;\">Los t\u00edtulos de las secciones en este Acuerdo son solo para facilitar la lectura y no afectan el significado o interpretaci\u00f3n de ninguna parte del mismo.<\/span><\/p><p>\u00a0<\/p><h3><span style=\"color: #212529;\"><b>15. Cesi\u00f3n<\/b><\/span><\/h3><p><span style=\"font-weight: 400; color: #212529;\">Este Acuerdo, incluidos todos los derechos y licencias aqu\u00ed otorgados, no puede ser transferido por ning\u00fan usuario a terceros sin la autorizaci\u00f3n y consentimiento previo por escrito de CodiCo. Reconoces y aceptas que CodiCo puede transferir y ceder estos T\u00e9rminos a sus afiliados, subsidiarias o futuros sucesores sin previo aviso, y dicha cesi\u00f3n ser\u00e1 v\u00e1lida una vez completada.<\/span><\/p><p>\u00a0<\/p><h3><span style=\"color: #212529;\"><b>16. Versiones Traducidas<\/b><\/span><\/h3><p><span style=\"font-weight: 400; color: #212529;\">Si est\u00e1s leyendo este Acuerdo en un idioma diferente al original (ingl\u00e9s de EE. UU.), la versi\u00f3n original en ingl\u00e9s de EE. UU. tendr\u00e1 prioridad en caso de discrepancias o diferencias en la interpretaci\u00f3n.<\/span><\/p><p>\u00a0<\/p><h3><span style=\"color: #212529;\"><b>17. Terminaci\u00f3n<\/b><\/span><\/h3><p><span style=\"font-weight: 400; color: #212529;\">CodiCo se reserva el derecho de terminar tu acceso al Sitio y a los Servicios, sin causa ni aviso previo, lo que puede resultar en la p\u00e9rdida y eliminaci\u00f3n de toda la informaci\u00f3n asociada contigo. Todas las disposiciones de estos T\u00e9rminos que por su naturaleza deban seguir vigentes tras la terminaci\u00f3n seguir\u00e1n vigentes, incluyendo, entre otras, las disposiciones de propiedad, exenciones de garant\u00eda, indemnizaci\u00f3n y limitaciones de responsabilidad.<\/span><\/p><p>\u00a0<\/p><h3><span style=\"color: #212529;\"><b>18. Limitaci\u00f3n de Responsabilidad<\/b><\/span><\/h3><p><span style=\"font-weight: 400; color: #212529;\">En ning\u00fan caso CodiCo, ni sus directores, empleados, socios, agentes, proveedores o afiliados, ser\u00e1n responsables por da\u00f1os indirectos, incidentales, especiales, consecuentes o punitivos, incluyendo sin limitaci\u00f3n, p\u00e9rdida de ganancias, datos, uso, reputaci\u00f3n o p\u00e9rdidas intangibles, que resulten de: (i) tu uso o incapacidad para usar los Servicios; (ii) cualquier acceso no autorizado o uso de nuestros servidores y\/o cualquier informaci\u00f3n personal almacenada en ellos; (iii) cualquier interrupci\u00f3n o suspensi\u00f3n en la transmisi\u00f3n desde o hacia los Servicios; (iv) cualquier error, virus, troyano u otros que puedan ser transmitidos a trav\u00e9s de nuestros Servicios por terceros; (v) cualquier error u omisi\u00f3n en cualquier contenido o por cualquier p\u00e9rdida o da\u00f1o derivado del uso de cualquier contenido publicado, enviado por correo electr\u00f3nico, transmitido o puesto a disposici\u00f3n a trav\u00e9s de los Servicios; y\/o (vi) conductas difamatorias, ofensivas o ilegales de terceros. En ning\u00fan caso la responsabilidad de CodiCo exceder\u00e1 los montos que t\u00fa hayas pagado a CodiCo por el trabajo en curso.<\/span><\/p><p>\u00a0<\/p><h3><span style=\"color: #212529;\"><b>19. Indemnizaci\u00f3n<\/b><\/span><\/h3><p><span style=\"font-weight: 400; color: #212529;\">Aceptas defender, indemnizar y eximir de responsabilidad a CodiCo y sus subsidiarias, agentes, licenciantes, administradores y otras empresas afiliadas, as\u00ed como a sus empleados, contratistas, agentes, oficiales y directores, frente a cualquier reclamo, da\u00f1o, obligaci\u00f3n, p\u00e9rdida, responsabilidad, costo o deuda, y gastos (incluidos pero no limitados a los honorarios legales) que surjan de: (i) tu uso y acceso a los Servicios; (ii) tu incumplimiento de cualquier t\u00e9rmino de estos T\u00e9rminos; (iii) tu violaci\u00f3n de los derechos de terceros, incluidos, entre otros, derechos de privacidad o propiedad intelectual; (iv) tu violaci\u00f3n de cualquier ley, norma o regulaci\u00f3n de Estados Unidos u otro pa\u00eds; (v) cualquier reclamo o da\u00f1o que surja como resultado del contenido que env\u00edes o que se env\u00ede desde tu cuenta; o (vi) el acceso y uso de los Servicios por parte de terceros con tu nombre de usuario, contrase\u00f1a u otro c\u00f3digo de seguridad \u00fanico.<\/span><\/p><p>\u00a0<\/p><h3><span style=\"color: #212529;\"><b>20. Ley Aplicable<\/b><\/span><\/h3><p><span style=\"font-weight: 400; color: #212529;\">Estos T\u00e9rminos se regir\u00e1n e interpretar\u00e1n de acuerdo con las leyes de la ciudad donde opera CodiCo, sin tener en cuenta sus disposiciones sobre conflictos de leyes.<\/span><\/p><p>\u00a0<\/p><h3><span style=\"color: #212529;\"><b>21. Resoluci\u00f3n de Disputas<\/b><\/span><\/h3><p><span style=\"font-weight: 400; color: #212529;\">Estos T\u00e9rminos y Condiciones Generales se aplican bajo la legislaci\u00f3n actual de Irlanda.<\/span><\/p><p>\u00a0<\/p><p><span style=\"font-weight: 400; color: #212529;\">El contrato celebrado entre la Compa\u00f1\u00eda y t\u00fa como Cliente se rige por la legislaci\u00f3n de Irlanda y por la legislaci\u00f3n internacional aplicable.<\/span><\/p><p>\u00a0<\/p><p><span style=\"font-weight: 400; color: #212529;\">Cualquier disputa ser\u00e1 competencia de los tribunales irlandeses y se resolver\u00e1 en ellos.<\/span><\/p><p><span style=\"font-weight: 400; color: #212529;\">La invalidez o inaplicabilidad de alguna disposici\u00f3n de estos T\u00e9rminos y Condiciones no afectar\u00e1 la validez o aplicabilidad del resto de las disposiciones, que seguir\u00e1n siendo v\u00e1lidas.<\/span><\/p><p>\u00a0<\/p><h3><span style=\"color: #212529;\"><b>22. Acuerdo Completo<\/b><\/span><\/h3><p><span style=\"font-weight: 400; color: #212529;\">Estos T\u00e9rminos constituyen el acuerdo completo entre t\u00fa y CodiCo en relaci\u00f3n con el uso de los Servicios y reemplazan cualquier acuerdo previo, ya sea escrito u oral, entre t\u00fa y CodiCo sobre los Servicios.<\/span><\/p><p>\u00a0<\/p><h3><span style=\"color: #212529;\"><b>23. Informaci\u00f3n de Contacto<\/b><\/span><\/h3><p><span style=\"font-weight: 400; color: #212529;\">Si tienes preguntas sobre estos T\u00e9rminos, por favor cont\u00e1ctanos en:<\/span><\/p><p>\u00a0<\/p><p><span style=\"color: #212529;\"><span style=\"font-weight: 400;\"><strong>BILTO GROUP LLC<\/strong><\/span><\/span><\/p><p><span style=\"color: #212529;\"><span style=\"font-weight: 400;\"><br \/>Conrad Business Center, oficina 1004, nivel 10, Sheikh Zayed Rd \u2013 Trade Centre \u2013 Trade Centre 1, Dub\u00e1i, Emiratos \u00c1rabes Unidos.<\/span><\/span><\/p><p>\u00a0<\/p><p><span style=\"color: #212529;\"><span style=\"color: #0000ff;\"><a style=\"color: #0000ff;\" href=\"mailto:info@codico.io\"><span style=\"font-weight: 400;\">info@codico.io<\/span><\/a><\/span><br \/><\/span><\/p><p>\u00a0<\/p><p><span style=\"font-weight: 400; color: #212529;\">Gracias por elegir CodiCo para tus necesidades de desarrollo web.<\/span><\/p>\t\t\t\t\t\t<\/div>\n\t\t\t\t<\/div>\n\t\t\t\t\t<\/div>\n\t\t<\/div>\n\t\t\t\t<div class=\"elementor-column elementor-col-33 elementor-top-column elementor-element elementor-element-7f0c8da\" data-id=\"7f0c8da\" data-element_type=\"column\">\n\t\t\t<div class=\"elementor-widget-wrap\">\n\t\t\t\t\t\t\t<\/div>\n\t\t<\/div>\n\t\t\t\t\t<\/div>\n\t\t<\/section>\n\t\t\t\t<\/div>\n\t\t","protected":false},"excerpt":{"rendered":"<p>\u00daltima Actualizaci\u00f3n: [25.06.2024] \u00a0 Bienvenido a CodiCo. Estos T\u00e9rminos y Condiciones (&#8220;T\u00e9rminos&#8221;) regulan el uso de nuestro sitio web y servicios. Al acceder o usar el sitio web de CodiCo.io (el &#8220;Sitio&#8221;) y nuestros servicios de desarrollo web (en conjunto, los &#8220;Servicios&#8221;), aceptas cumplir con estos T\u00e9rminos. Por favor, l\u00e9elos con atenci\u00f3n. \u00a0 1. Aceptaci\u00f3n [&hellip;]<\/p>\n","protected":false},"author":1,"featured_media":0,"parent":0,"menu_order":0,"comment_status":"closed","ping_status":"closed","template":"","meta":{"footnotes":""},"class_list":["post-11251","page","type-page","status-publish","hentry"],"aioseo_notices":[],"_links":{"self":[{"href":"https:\/\/codico.io\/es\/wp-json\/wp\/v2\/pages\/11251","targetHints":{"allow":["GET"]}}],"collection":[{"href":"https:\/\/codico.io\/es\/wp-json\/wp\/v2\/pages"}],"about":[{"href":"https:\/\/codico.io\/es\/wp-json\/wp\/v2\/types\/page"}],"author":[{"embeddable":true,"href":"https:\/\/codico.io\/es\/wp-json\/wp\/v2\/users\/1"}],"replies":[{"embeddable":true,"href":"https:\/\/codico.io\/es\/wp-json\/wp\/v2\/comments?post=11251"}],"version-history":[{"count":0,"href":"https:\/\/codico.io\/es\/wp-json\/wp\/v2\/pages\/11251\/revisions"}],"wp:attachment":[{"href":"https:\/\/codico.io\/es\/wp-json\/wp\/v2\/media?parent=11251"}],"curies":[{"name":"wp","href":"https:\/\/api.w.org\/{rel}","templated":true}]}}