{"id":21909,"date":"2026-02-25T10:34:40","date_gmt":"2026-02-25T10:34:40","guid":{"rendered":"https:\/\/codico.io\/sesion-de-bienvenida-de-30-minutos\/"},"modified":"2026-02-26T05:10:37","modified_gmt":"2026-02-26T05:10:37","slug":"sesion-de-bienvenida-de-30-minutos","status":"publish","type":"page","link":"https:\/\/codico.io\/es\/sesion-de-bienvenida-de-30-minutos\/","title":{"rendered":"Sesi\u00f3n de bienvenida de 30 minutos"},"content":{"rendered":"\t\t<div data-elementor-type=\"wp-page\" data-elementor-id=\"21909\" class=\"elementor elementor-21909 elementor-21892\">\n\t\t\t\t\t\t<section class=\"elementor-section elementor-top-section elementor-element elementor-element-219383b0 elementor-section-boxed elementor-section-height-default elementor-section-height-default false\" data-id=\"219383b0\" data-element_type=\"section\">\n\t\t\t\t\t\t<div class=\"elementor-container elementor-column-gap-default\">\n\t\t\t\t\t<div class=\"elementor-column elementor-col-100 elementor-top-column elementor-element elementor-element-2de3bc3a\" data-id=\"2de3bc3a\" data-element_type=\"column\">\n\t\t\t<div class=\"elementor-widget-wrap elementor-element-populated\">\n\t\t\t\t\r\n\t\t<div class=\"elementor-element elementor-element-e4bb113 elementor-widget elementor-widget-text-editor\" data-id=\"e4bb113\" data-element_type=\"widget\" data-widget_type=\"text-editor.default\">\n\t\t\t\t<div class=\"elementor-widget-container\">\n\t\t\t\t\t\t\t<h1 style=\"text-align: center; font-weight: bold; font-size: 32px !important; line-height: 40px !important; color: #273044; margin-bottom: 16px !important; margin-top: 32px !important;\">Sesi\u00f3n de bienvenida de 30 minutos<\/h1>\n<p style=\"text-align: center; font-weight: 400; font-size: 18px; line-height: 26px; color: #7d838f; margin-bottom: 28px;\">Aseg\u00farate de que tu sistema est\u00e9 bien configurado desde el primer d\u00eda. En esta sesi\u00f3n en vivo por Zoom, te ayudamos a adaptar las reservas, los precios y el funcionamiento a las necesidades reales de tu negocio. \u00a1Lanza tu servicio con total confianza! <\/p>\n\t\t\t\t\t\t<\/div>\n\t\t\t\t<\/div>\n\t\t\t\t<div class=\"elementor-element elementor-element-36209aea elementor-widget elementor-widget-text-editor\" data-id=\"36209aea\" data-element_type=\"widget\" data-widget_type=\"text-editor.default\">\n\t\t\t\t<div class=\"elementor-widget-container\">\n\t\t\t\t\t\t\t&nbsp;\n\n<div class=\"calendly-inline-widget\" data-url=\"https:\/\/calendly.com\/codico-taxi-dispatch-software\/30-minute-onboarding-session?hide_gdpr_banner=1\" style=\"min-width:320px;height:700px;\"><\/div>\n<script type=\"text\/javascript\" src=\"https:\/\/assets.calendly.com\/assets\/external\/widget.js\" async=\"\"><\/script>\n\t\t\t\t\t\t<\/div>\n\t\t\t\t<\/div>\n\t\t\t\t\t<\/div>\n\t\t<\/div>\n\t\t\t\t\t<\/div>\n\t\t<\/section>\n\t\t\t\t<\/div>\n\t\t","protected":false},"excerpt":{"rendered":"<p>Sesi\u00f3n de bienvenida de 30 minutos Aseg\u00farate de que tu sistema est\u00e9 bien configurado desde el primer d\u00eda. En esta sesi\u00f3n en vivo por Zoom, te ayudamos a adaptar las reservas, los precios y el funcionamiento a las necesidades reales de tu negocio. \u00a1Lanza tu servicio con total confianza! &nbsp;<\/p>\n","protected":false},"author":1,"featured_media":0,"parent":0,"menu_order":0,"comment_status":"closed","ping_status":"closed","template":"templates\/landing.php","meta":{"footnotes":""},"class_list":["post-21909","page","type-page","status-publish","hentry"],"aioseo_notices":[],"_links":{"self":[{"href":"https:\/\/codico.io\/es\/wp-json\/wp\/v2\/pages\/21909","targetHints":{"allow":["GET"]}}],"collection":[{"href":"https:\/\/codico.io\/es\/wp-json\/wp\/v2\/pages"}],"about":[{"href":"https:\/\/codico.io\/es\/wp-json\/wp\/v2\/types\/page"}],"author":[{"embeddable":true,"href":"https:\/\/codico.io\/es\/wp-json\/wp\/v2\/users\/1"}],"replies":[{"embeddable":true,"href":"https:\/\/codico.io\/es\/wp-json\/wp\/v2\/comments?post=21909"}],"version-history":[{"count":1,"href":"https:\/\/codico.io\/es\/wp-json\/wp\/v2\/pages\/21909\/revisions"}],"predecessor-version":[{"id":21910,"href":"https:\/\/codico.io\/es\/wp-json\/wp\/v2\/pages\/21909\/revisions\/21910"}],"wp:attachment":[{"href":"https:\/\/codico.io\/es\/wp-json\/wp\/v2\/media?parent=21909"}],"curies":[{"name":"wp","href":"https:\/\/api.w.org\/{rel}","templated":true}]}}