{"id":10197,"date":"2024-07-12T07:06:04","date_gmt":"2024-07-12T07:06:04","guid":{"rendered":"https:\/\/codico.io\/reservez-un-appel-zoom-de-15-minutes-avec-notre-expert\/"},"modified":"2025-12-09T09:34:47","modified_gmt":"2025-12-09T09:34:47","slug":"reservez-une-reunion-de-15-minutes","status":"publish","type":"page","link":"https:\/\/codico.io\/fr\/reservez-une-reunion-de-15-minutes\/","title":{"rendered":"R\u00e9servez un Appel Zoom de 15 Minutes avec Notre Expert"},"content":{"rendered":"\t\t<div data-elementor-type=\"wp-page\" data-elementor-id=\"10197\" class=\"elementor elementor-10197 elementor-4085\">\n\t\t\t\t\t\t<section class=\"elementor-section elementor-top-section elementor-element elementor-element-45b82d4a elementor-section-boxed elementor-section-height-default elementor-section-height-default false\" data-id=\"45b82d4a\" data-element_type=\"section\">\n\t\t\t\t\t\t<div class=\"elementor-container elementor-column-gap-default\">\n\t\t\t\t\t<div class=\"elementor-column elementor-col-100 elementor-top-column elementor-element elementor-element-47ae747a\" data-id=\"47ae747a\" data-element_type=\"column\">\n\t\t\t<div class=\"elementor-widget-wrap elementor-element-populated\">\n\t\t\t\t\r\n\t\t<div class=\"elementor-element elementor-element-a1ea0f3 elementor-widget elementor-widget-text-editor\" data-id=\"a1ea0f3\" data-element_type=\"widget\" data-widget_type=\"text-editor.default\">\n\t\t\t\t<div class=\"elementor-widget-container\">\n\t\t\t\t\t\t\t<h1 style=\"text-align: center; font-weight: bold; font-size: 32px !important; line-height: 40px !important; color: #273044; margin-bottom: 16px !important; margin-top: 32px !important;\">R\u00e9servez un appel Zoom de quinze minutes avec notre expert<\/h1>\n<p style=\"text-align: center; font-weight: 400; font-size: 18px; line-height: 26px; color: #7d838f; margin-bottom: 28px;\">R\u00e9servez une d\u00e9monstration en direct de CodiCo Dispatch Software et d\u00e9couvrez comment notre solution peut vous aider \u00e0 g\u00e9rer les trajets, les r\u00e9servations, la flotte, les chauffeurs, les clients et les paiements dans un seul syst\u00e8me simple con\u00e7u pour les services de transfert a\u00e9roport et les taxis.<\/p>\n\t\t\t\t\t\t<\/div>\n\t\t\t\t<\/div>\n\t\t\t\t<div class=\"elementor-element elementor-element-17411ca0 elementor-widget elementor-widget-text-editor\" data-id=\"17411ca0\" data-element_type=\"widget\" data-widget_type=\"text-editor.default\">\n\t\t\t\t<div class=\"elementor-widget-container\">\n\t\t\t\t\t\t\t\n\n<div class=\"calendly-inline-widget\" data-url=\"https:\/\/calendly.com\/codico\/15min\" style=\"min-width:320px;height:700px;\"><\/div>\n<script type=\"text\/javascript\" src=\"https:\/\/assets.calendly.com\/assets\/external\/widget.js\" async=\"\"><\/script>\n\n\n\n\n<p><\/p>\n\t\t\t\t\t\t<\/div>\n\t\t\t\t<\/div>\n\t\t\t\t\t<\/div>\n\t\t<\/div>\n\t\t\t\t\t<\/div>\n\t\t<\/section>\n\t\t\t\t<\/div>\n\t\t","protected":false},"excerpt":{"rendered":"<p>R\u00e9servez un appel Zoom de quinze minutes avec notre expert R\u00e9servez une d\u00e9monstration en direct de CodiCo Dispatch Software et d\u00e9couvrez comment notre solution peut vous aider \u00e0 g\u00e9rer les trajets, les r\u00e9servations, la flotte, les chauffeurs, les clients et les paiements dans un seul syst\u00e8me simple con\u00e7u pour les services de transfert a\u00e9roport et [&hellip;]<\/p>\n","protected":false},"author":1,"featured_media":0,"parent":0,"menu_order":0,"comment_status":"closed","ping_status":"closed","template":"templates\/landing.php","meta":{"footnotes":""},"class_list":["post-10197","page","type-page","status-publish","hentry"],"aioseo_notices":[],"_links":{"self":[{"href":"https:\/\/codico.io\/fr\/wp-json\/wp\/v2\/pages\/10197","targetHints":{"allow":["GET"]}}],"collection":[{"href":"https:\/\/codico.io\/fr\/wp-json\/wp\/v2\/pages"}],"about":[{"href":"https:\/\/codico.io\/fr\/wp-json\/wp\/v2\/types\/page"}],"author":[{"embeddable":true,"href":"https:\/\/codico.io\/fr\/wp-json\/wp\/v2\/users\/1"}],"replies":[{"embeddable":true,"href":"https:\/\/codico.io\/fr\/wp-json\/wp\/v2\/comments?post=10197"}],"version-history":[{"count":0,"href":"https:\/\/codico.io\/fr\/wp-json\/wp\/v2\/pages\/10197\/revisions"}],"wp:attachment":[{"href":"https:\/\/codico.io\/fr\/wp-json\/wp\/v2\/media?parent=10197"}],"curies":[{"name":"wp","href":"https:\/\/api.w.org\/{rel}","templated":true}]}}