{"id":10208,"date":"2023-01-22T17:21:00","date_gmt":"2023-01-22T17:21:00","guid":{"rendered":"https:\/\/codico.io\/politique-de-confidentialite\/"},"modified":"2025-04-03T13:39:56","modified_gmt":"2025-04-03T13:39:56","slug":"politique-de-confidentialite","status":"publish","type":"page","link":"https:\/\/codico.io\/fr\/politique-de-confidentialite\/","title":{"rendered":"Politique de Confidentialit\u00e9"},"content":{"rendered":"\t\t<div data-elementor-type=\"wp-page\" data-elementor-id=\"10208\" class=\"elementor elementor-10208 elementor-3\">\n\t\t\t\t\t\t<section class=\"elementor-section elementor-top-section elementor-element elementor-element-56b1599c elementor-section-boxed elementor-section-height-default elementor-section-height-default false\" data-id=\"56b1599c\" data-element_type=\"section\">\n\t\t\t\t\t\t<div class=\"elementor-container elementor-column-gap-default\">\n\t\t\t\t\t<div class=\"elementor-column elementor-col-100 elementor-top-column elementor-element elementor-element-3a797e68\" data-id=\"3a797e68\" data-element_type=\"column\">\n\t\t\t<div class=\"elementor-widget-wrap elementor-element-populated\">\n\t\t\t\t\r\n\t\t<div class=\"elementor-element elementor-element-5f03b5f1 elementor-widget elementor-widget-text-editor\" data-id=\"5f03b5f1\" data-element_type=\"widget\" data-widget_type=\"text-editor.default\">\n\t\t\t\t<div class=\"elementor-widget-container\">\n\t\t\t\t\t\t\t<p><em><strong><span style=\"color: #212529;\">Derni\u00e8re mise \u00e0 jour : [25.06.2024]<\/span><\/strong><\/em><\/p><p>\u00a0<\/p><p><span style=\"color: #212529;\"><strong>CodiCo<\/strong> respecte votre vie priv\u00e9e et s&#8217;engage \u00e0 prot\u00e9ger les informations personnelles que vous partagez avec nous. Cette politique de confidentialit\u00e9 d\u00e9crit comment nous collectons, utilisons, divulguons et prot\u00e9geons vos informations lorsque vous visitez notre site Web ou utilisez nos services de d\u00e9veloppement Web (collectivement, les &#8220;Services&#8221;).<\/span><\/p><p>\u00a0<\/p><h3><span style=\"color: #212529;\">1. Informations que nous collectons<\/span><\/h3><p><span style=\"color: #212529;\">Nous pouvons collecter et traiter les informations suivantes vous concernant :<\/span><\/p><p>\u00a0<\/p><ul class=\"custom-li\"><li><span style=\"color: #212529;\"><strong>Informations personnelles :<\/strong> Nom, adresse e-mail, num\u00e9ro de t\u00e9l\u00e9phone, adresse postale et autres informations de contact.<\/span><\/li><li><span style=\"color: #212529;\"><strong>Donn\u00e9es techniques :<\/strong> Adresse IP, type et version du navigateur, r\u00e9glage du fuseau horaire, types et versions des modules de navigateur, syst\u00e8me d&#8217;exploitation et plateforme.<\/span><\/li><li><span style=\"color: #212529;\"><strong>Donn\u00e9es d&#8217;utilisation :<\/strong> Informations sur la fa\u00e7on dont vous utilisez notre site Web et nos services.<\/span><\/li><li><span style=\"color: #212529;\"><strong>Donn\u00e9es de marketing et de communication :<\/strong> Vos pr\u00e9f\u00e9rences pour recevoir des communications marketing de notre part et vos pr\u00e9f\u00e9rences en mati\u00e8re de communication.<\/span><\/li><\/ul><p>\u00a0<\/p><h3><span style=\"color: #212529;\">2. Comment nous utilisons vos informations<\/span><\/h3><p><span style=\"color: #212529;\">Nous utilisons les informations que nous collectons pour les finalit\u00e9s suivantes :<\/span><\/p><p>\u00a0<\/p><ul class=\"custom-li\"><li><span style=\"color: #212529;\">Fournir, exploiter et maintenir nos Services.<\/span><\/li><li><span style=\"color: #212529;\">Communiquer avec vous, y compris r\u00e9pondre \u00e0 vos demandes et fournir un support client.<\/span><\/li><li><span style=\"color: #212529;\">Personnaliser votre exp\u00e9rience et fournir du contenu et des offres de produits pertinents pour vos int\u00e9r\u00eats.<\/span><\/li><li><span style=\"color: #212529;\">Am\u00e9liorer notre site Web et nos services et d\u00e9velopper de nouveaux produits et fonctionnalit\u00e9s.<\/span><\/li><li><span style=\"color: #212529;\">Respecter nos obligations l\u00e9gales et faire respecter nos conditions d&#8217;utilisation.<\/span><\/li><\/ul><p>\u00a0<\/p><h3><span style=\"color: #212529;\">3. Partage de vos informations<\/span><\/h3><p><span style=\"color: #212529;\">Nous ne vendons, n&#8217;\u00e9changeons, ni ne transf\u00e9rons vos informations personnelles \u00e0 des parties ext\u00e9rieures, sauf si nous vous en informons \u00e0 l&#8217;avance. Cela n&#8217;inclut pas les partenaires d&#8217;h\u00e9bergement de sites Web et d&#8217;autres parties qui nous aident \u00e0 exploiter notre site Web, \u00e0 mener nos affaires ou \u00e0 servir nos utilisateurs, tant que ces parties acceptent de garder ces informations confidentielles.<\/span><\/p><p>\u00a0<\/p><h3><span style=\"color: #212529;\">4. S\u00e9curit\u00e9 de vos informations<\/span><\/h3><p><span style=\"color: #212529;\">Nous mettons en \u0153uvre diverses mesures de s\u00e9curit\u00e9 pour assurer la s\u00e9curit\u00e9 de vos informations personnelles lorsque vous entrez, soumettez ou acc\u00e9dez \u00e0 vos informations personnelles.<\/span><\/p><p>\u00a0<\/p><h3><span style=\"color: #212529;\">5. Vos droits<\/span><\/h3><p><span style=\"color: #212529;\">Vous avez le droit de :<\/span><\/p><p>\u00a0<\/p><ul class=\"custom-li\"><li><span style=\"color: #212529;\">Acc\u00e9der aux informations personnelles que nous d\u00e9tenons \u00e0 votre sujet.<\/span><\/li><li><span style=\"color: #212529;\">Demander la correction des informations personnelles que nous d\u00e9tenons \u00e0 votre sujet.<\/span><\/li><li><span style=\"color: #212529;\">Demander l&#8217;effacement de vos informations personnelles.<\/span><\/li><li><span style=\"color: #212529;\">Vous opposer au traitement de vos informations personnelles.<\/span><\/li><li><span style=\"color: #212529;\">Demander la restriction du traitement de vos informations personnelles.<\/span><\/li><li><span style=\"color: #212529;\">Demander le transfert de vos informations personnelles.<\/span><\/li><\/ul><p>\u00a0<\/p><h3><span style=\"color: #212529;\">6. Modifications de cette politique de confidentialit\u00e9<\/span><\/h3><p><span style=\"color: #212529;\">CodiCo se r\u00e9serve le droit de mettre \u00e0 jour ou de modifier cette politique de confidentialit\u00e9 \u00e0 tout moment. Nous publierons la politique mise \u00e0 jour sur cette page avec une date de mise \u00e0 jour actualis\u00e9e.<\/span><\/p><p>\u00a0<\/p><h3><span style=\"color: #212529;\">7. Contactez-nous<\/span><\/h3><p><span style=\"color: #212529;\">Si vous avez des questions concernant cette politique de confidentialit\u00e9, veuillez nous contacter \u00e0 :<\/span><\/p><p>\u00a0<\/p><p><span style=\"color: #212529;\"><strong>BILTO GROUP LLC<\/strong><br \/>Conrad Business Center, 1004 bureau, 10e \u00e9tage, Sheikh Zayed Rd \u2013 Trade Centre \u2013 Trade Centre 1, Duba\u00ef, \u00c9mirats Arabes Unis.<\/span><\/p><p><span style=\"color: #212529;\"><br \/><\/span><span style=\"color: #0000ff;\"><a style=\"color: #0000ff;\" href=\"mailto:info@codico.io\">info@codico.io<\/a><\/span><\/p><p>\u00a0<\/p><p><span style=\"color: #212529;\">En utilisant notre site Web et nos services, vous consentez \u00e0 notre politique de confidentialit\u00e9.<\/span><\/p><p>\u00a0<\/p><p><span style=\"color: #212529;\">Merci d&#8217;avoir choisi CodiCo pour vos besoins en d\u00e9veloppement web.<\/span><\/p>\t\t\t\t\t\t<\/div>\n\t\t\t\t<\/div>\n\t\t\t\t\t<\/div>\n\t\t<\/div>\n\t\t\t\t\t<\/div>\n\t\t<\/section>\n\t\t\t\t<\/div>\n\t\t","protected":false},"excerpt":{"rendered":"<p>Derni\u00e8re mise \u00e0 jour : [25.06.2024] \u00a0 CodiCo respecte votre vie priv\u00e9e et s&#8217;engage \u00e0 prot\u00e9ger les informations personnelles que vous partagez avec nous. Cette politique de confidentialit\u00e9 d\u00e9crit comment nous collectons, utilisons, divulguons et prot\u00e9geons vos informations lorsque vous visitez notre site Web ou utilisez nos services de d\u00e9veloppement Web (collectivement, les &#8220;Services&#8221;). \u00a0 [&hellip;]<\/p>\n","protected":false},"author":1,"featured_media":0,"parent":0,"menu_order":0,"comment_status":"closed","ping_status":"open","template":"","meta":{"footnotes":""},"class_list":["post-10208","page","type-page","status-publish","hentry"],"aioseo_notices":[],"_links":{"self":[{"href":"https:\/\/codico.io\/fr\/wp-json\/wp\/v2\/pages\/10208","targetHints":{"allow":["GET"]}}],"collection":[{"href":"https:\/\/codico.io\/fr\/wp-json\/wp\/v2\/pages"}],"about":[{"href":"https:\/\/codico.io\/fr\/wp-json\/wp\/v2\/types\/page"}],"author":[{"embeddable":true,"href":"https:\/\/codico.io\/fr\/wp-json\/wp\/v2\/users\/1"}],"replies":[{"embeddable":true,"href":"https:\/\/codico.io\/fr\/wp-json\/wp\/v2\/comments?post=10208"}],"version-history":[{"count":0,"href":"https:\/\/codico.io\/fr\/wp-json\/wp\/v2\/pages\/10208\/revisions"}],"wp:attachment":[{"href":"https:\/\/codico.io\/fr\/wp-json\/wp\/v2\/media?parent=10208"}],"curies":[{"name":"wp","href":"https:\/\/api.w.org\/{rel}","templated":true}]}}