{"id":10229,"date":"2024-07-05T06:25:11","date_gmt":"2024-07-05T06:25:11","guid":{"rendered":"https:\/\/codico.io\/politique-de-remboursement-et-de-retour\/"},"modified":"2025-04-09T07:07:39","modified_gmt":"2025-04-09T07:07:39","slug":"politique-de-remboursement-et-de-retour","status":"publish","type":"page","link":"https:\/\/codico.io\/fr\/politique-de-remboursement-et-de-retour\/","title":{"rendered":"Politique de Remboursement et de Retour"},"content":{"rendered":"\t\t<div data-elementor-type=\"wp-page\" data-elementor-id=\"10229\" class=\"elementor elementor-10229 elementor-3422\">\n\t\t\t\t\t\t<section class=\"elementor-section elementor-top-section elementor-element elementor-element-7db2cf0 elementor-section-boxed elementor-section-height-default elementor-section-height-default false\" data-id=\"7db2cf0\" data-element_type=\"section\">\n\t\t\t\t\t\t<div class=\"elementor-container elementor-column-gap-default\">\n\t\t\t\t\t<div class=\"elementor-column elementor-col-33 elementor-top-column elementor-element elementor-element-9dcde4b\" data-id=\"9dcde4b\" data-element_type=\"column\">\n\t\t\t<div class=\"elementor-widget-wrap\">\n\t\t\t\t\t\t\t<\/div>\n\t\t<\/div>\n\t\t\t\t<div class=\"elementor-column elementor-col-33 elementor-top-column elementor-element elementor-element-40dfdb4\" data-id=\"40dfdb4\" data-element_type=\"column\">\n\t\t\t<div class=\"elementor-widget-wrap elementor-element-populated\">\n\t\t\t\t\r\n\t\t<div class=\"elementor-element elementor-element-cb039c7 elementor-widget elementor-widget-text-editor\" data-id=\"cb039c7\" data-element_type=\"widget\" data-widget_type=\"text-editor.default\">\n\t\t\t\t<div class=\"elementor-widget-container\">\n\t\t\t\t\t\t\t<h6><strong><span style=\"color: #212529;\"><em>Derni\u00e8re mise \u00e0 jour : [25.06.2024]<\/em><\/span><\/strong><\/h6><p>\u00a0<\/p><p><span style=\"color: #212529;\">Chez <strong>CodiCo<\/strong>, nous nous effor\u00e7ons de fournir les meilleurs services de d\u00e9veloppement web \u00e0 nos clients. Cependant, nous comprenons que parfois, les choses ne se passent pas comme pr\u00e9vu. Cette politique de remboursement et de retour d\u00e9crit les conditions dans lesquelles des remboursements et des retours sont possibles pour nos services.<\/span><\/p><p>\u00a0<\/p><h3><span style=\"color: #212529;\"><strong>\u00c9ligibilit\u00e9 pour les remboursements<\/strong><\/span><\/h3><p><span style=\"color: #212529;\">Les remboursements sont accord\u00e9s dans les circonstances suivantes :<\/span><\/p><h6>\u00a0<\/h6><ul class=\"custom-li\"><li><span style=\"color: #212529;\"><strong>Service non livr\u00e9 :<\/strong> Si les services convenus n&#8217;ont pas \u00e9t\u00e9 livr\u00e9s dans le d\u00e9lai sp\u00e9cifi\u00e9 et qu&#8217;aucune alternative n&#8217;a \u00e9t\u00e9 propos\u00e9e.<\/span><\/li><li><span style=\"color: #212529;\"><strong>Annulation du projet :<\/strong> Si CodiCo annule le projet avant la r\u00e9alisation des \u00e9tapes convenues.<\/span><\/li><li><span style=\"color: #212529;\"><strong>Service insatisfaisant :<\/strong> Si les services livr\u00e9s sont jug\u00e9s insatisfaisants, un remboursement peut \u00eatre envisag\u00e9 apr\u00e8s un examen approfondi.<\/span><\/li><\/ul><p>\u00a0<\/p><h3><span style=\"color: #212529;\"><strong>Situations non remboursables<\/strong><\/span><\/h3><p><span style=\"color: #212529;\">Les remboursements ne sont pas accord\u00e9s dans les situations suivantes :<\/span><\/p><ul class=\"custom-li\"><li><span style=\"color: #212529;\"><strong>Changement d&#8217;avis :<\/strong> Si vous d\u00e9cidez de ne pas utiliser les services apr\u00e8s leur lancement ou leur ach\u00e8vement.<\/span><\/li><li><span style=\"color: #212529;\"><strong>Changements de port\u00e9e :<\/strong> Si des modifications sont apport\u00e9es \u00e0 la port\u00e9e ou aux exigences du projet apr\u00e8s le d\u00e9but du projet.<\/span><\/li><li><span style=\"color: #212529;\"><strong>Probl\u00e8mes li\u00e9s \u00e0 des tiers :<\/strong> Si les probl\u00e8mes sont caus\u00e9s par des services ou produits tiers int\u00e9gr\u00e9s au projet.<\/span><\/li><\/ul><p>\u00a0<\/p><h3><span style=\"color: #212529;\"><strong>Demander un remboursement<\/strong><\/span><\/h3><p><span style=\"color: #212529;\">Pour demander un remboursement, suivez ces \u00e9tapes :<\/span><\/p><ul class=\"custom-li\"><li><span style=\"color: #212529;\"><strong>Contactez-nous :<\/strong> Envoyez-nous un e-mail \u00e0 <span style=\"color: #0000ff;\"><a style=\"color: #0000ff;\" href=\"mailto:info@codico.io\">info@codico.io<\/a><\/span> dans les 14 jours suivant la livraison du service, en fournissant les d\u00e9tails de votre projet et la raison de votre demande de remboursement.<\/span><\/li><li><span style=\"color: #212529;\"><strong>Processus d&#8217;examen :<\/strong> Notre \u00e9quipe examinera votre demande et pourra demander des informations suppl\u00e9mentaires ou des clarifications.<\/span><\/li><li><span style=\"color: #212529;\"><strong>D\u00e9cision :<\/strong> Vous serez inform\u00e9 de la d\u00e9cision dans un d\u00e9lai de 7 jours ouvrables. Si elle est approuv\u00e9e, le remboursement sera effectu\u00e9 dans les 14 jours ouvrables suivants.<\/span><\/li><\/ul><p>\u00a0<\/p><h3><span style=\"color: #212529;\"><strong>Remboursements partiels<\/strong><\/span><\/h3><p><span style=\"color: #212529;\">Dans certains cas, un remboursement partiel peut \u00eatre accord\u00e9 si une partie du service a \u00e9t\u00e9 livr\u00e9e de mani\u00e8re satisfaisante. Le montant sera d\u00e9termin\u00e9 en fonction du travail effectu\u00e9 et des raisons de la demande de remboursement.<\/span><\/p><p>\u00a0<\/p><h3><span style=\"color: #212529;\"><strong>Politique de retour pour les produits num\u00e9riques<\/strong><\/span><\/h3><p><span style=\"color: #212529;\">Comme CodiCo propose principalement des services, le concept de retour ne s&#8217;applique pas. Cependant, pour tout produit num\u00e9rique tel que des mod\u00e8les, des plugins ou des logiciels achet\u00e9s aupr\u00e8s de CodiCo, des retours ou des \u00e9changes peuvent \u00eatre envisag\u00e9s au cas par cas s&#8217;il y a des d\u00e9fauts ou des probl\u00e8mes emp\u00eachant le produit de fonctionner comme pr\u00e9vu.<\/span><\/p><p>\u00a0<\/p><h3><span style=\"color: #212529;\"><strong>Contactez-nous<\/strong><\/span><\/h3><p><span style=\"color: #212529;\">Si vous avez des questions ou besoin d&#8217;une assistance suppl\u00e9mentaire concernant notre politique de remboursement et de retour, veuillez nous contacter \u00e0 <a href=\"mailto:info@codico.io\"><span style=\"color: #0000ff;\">info@codico.io<\/span><\/a>. Nous sommes l\u00e0 pour vous aider et nous assurer que vous avez une exp\u00e9rience positive avec CodiCo.<\/span><\/p><p>\u00a0<\/p><h3><span style=\"color: #212529;\"><strong>Modifications de cette politique<\/strong><\/span><\/h3><p><span style=\"color: #212529;\">CodiCo se r\u00e9serve le droit de modifier cette politique de remboursement et de retour \u00e0 tout moment. Toute modification prendra effet imm\u00e9diatement apr\u00e8s sa publication sur notre site web. Nous vous encourageons \u00e0 consulter cette politique p\u00e9riodiquement pour rester inform\u00e9 sur nos proc\u00e9dures de remboursement et de retour.<\/span><\/p><p>\u00a0<\/p><h3><span style=\"color: #212529;\"><strong>Conclusion<\/strong><\/span><\/h3><p><span style=\"color: #212529;\">Merci d&#8217;avoir choisi CodiCo pour vos besoins en d\u00e9veloppement web. Nous appr\u00e9cions votre confiance et nous engageons \u00e0 fournir des services de qualit\u00e9 et un support adapt\u00e9. Si vous avez des pr\u00e9occupations ou si vous avez besoin d&#8217;aide, n&#8217;h\u00e9sitez pas \u00e0 contacter notre \u00e9quipe.<\/span><\/p>\t\t\t\t\t\t<\/div>\n\t\t\t\t<\/div>\n\t\t\t\t\t<\/div>\n\t\t<\/div>\n\t\t\t\t<div class=\"elementor-column elementor-col-33 elementor-top-column elementor-element elementor-element-7f0c8da\" data-id=\"7f0c8da\" data-element_type=\"column\">\n\t\t\t<div class=\"elementor-widget-wrap\">\n\t\t\t\t\t\t\t<\/div>\n\t\t<\/div>\n\t\t\t\t\t<\/div>\n\t\t<\/section>\n\t\t\t\t<\/div>\n\t\t","protected":false},"excerpt":{"rendered":"<p>Derni\u00e8re mise \u00e0 jour : [25.06.2024] \u00a0 Chez CodiCo, nous nous effor\u00e7ons de fournir les meilleurs services de d\u00e9veloppement web \u00e0 nos clients. Cependant, nous comprenons que parfois, les choses ne se passent pas comme pr\u00e9vu. Cette politique de remboursement et de retour d\u00e9crit les conditions dans lesquelles des remboursements et des retours sont possibles [&hellip;]<\/p>\n","protected":false},"author":1,"featured_media":0,"parent":0,"menu_order":0,"comment_status":"closed","ping_status":"closed","template":"","meta":{"footnotes":""},"class_list":["post-10229","page","type-page","status-publish","hentry"],"aioseo_notices":[],"_links":{"self":[{"href":"https:\/\/codico.io\/fr\/wp-json\/wp\/v2\/pages\/10229","targetHints":{"allow":["GET"]}}],"collection":[{"href":"https:\/\/codico.io\/fr\/wp-json\/wp\/v2\/pages"}],"about":[{"href":"https:\/\/codico.io\/fr\/wp-json\/wp\/v2\/types\/page"}],"author":[{"embeddable":true,"href":"https:\/\/codico.io\/fr\/wp-json\/wp\/v2\/users\/1"}],"replies":[{"embeddable":true,"href":"https:\/\/codico.io\/fr\/wp-json\/wp\/v2\/comments?post=10229"}],"version-history":[{"count":0,"href":"https:\/\/codico.io\/fr\/wp-json\/wp\/v2\/pages\/10229\/revisions"}],"wp:attachment":[{"href":"https:\/\/codico.io\/fr\/wp-json\/wp\/v2\/media?parent=10229"}],"curies":[{"name":"wp","href":"https:\/\/api.w.org\/{rel}","templated":true}]}}