{"id":10251,"date":"2021-02-28T12:19:33","date_gmt":"2021-02-28T12:19:33","guid":{"rendered":"https:\/\/codico.io\/conditions-generales\/"},"modified":"2025-04-03T19:02:17","modified_gmt":"2025-04-03T19:02:17","slug":"conditions-generales","status":"publish","type":"page","link":"https:\/\/codico.io\/fr\/conditions-generales\/","title":{"rendered":"Conditions G\u00e9n\u00e9rales"},"content":{"rendered":"\t\t<div data-elementor-type=\"wp-page\" data-elementor-id=\"10251\" class=\"elementor elementor-10251 elementor-930\">\n\t\t\t\t\t\t<section class=\"elementor-section elementor-top-section elementor-element elementor-element-7db2cf0 elementor-section-boxed elementor-section-height-default elementor-section-height-default false\" data-id=\"7db2cf0\" data-element_type=\"section\">\n\t\t\t\t\t\t<div class=\"elementor-container elementor-column-gap-default\">\n\t\t\t\t\t<div class=\"elementor-column elementor-col-33 elementor-top-column elementor-element elementor-element-9dcde4b\" data-id=\"9dcde4b\" data-element_type=\"column\">\n\t\t\t<div class=\"elementor-widget-wrap\">\n\t\t\t\t\t\t\t<\/div>\n\t\t<\/div>\n\t\t\t\t<div class=\"elementor-column elementor-col-33 elementor-top-column elementor-element elementor-element-40dfdb4\" data-id=\"40dfdb4\" data-element_type=\"column\">\n\t\t\t<div class=\"elementor-widget-wrap elementor-element-populated\">\n\t\t\t\t\r\n\t\t<div class=\"elementor-element elementor-element-cb039c7 elementor-widget elementor-widget-text-editor\" data-id=\"cb039c7\" data-element_type=\"widget\" data-widget_type=\"text-editor.default\">\n\t\t\t\t<div class=\"elementor-widget-container\">\n\t\t\t\t\t\t\t<h6><span style=\"color: #212529;\"><em><b>Derni\u00e8re mise \u00e0 jour : [25.06.2024]<\/b><\/em><\/span><\/h6><p>\u00a0<\/p><p><span style=\"font-weight: 400; color: #212529;\">Bienvenue sur <strong>CodiCo<\/strong> ! Ces conditions g\u00e9n\u00e9rales (&#8220;Conditions&#8221;) r\u00e9gissent votre utilisation de notre site Web et de nos services. En acc\u00e9dant ou en utilisant le site CodiCo.io (le &#8220;Site&#8221;) et nos services de d\u00e9veloppement web (collectivement, les &#8220;Services&#8221;), vous acceptez de vous conformer \u00e0 ces Conditions et d&#8217;\u00eatre li\u00e9 par elles. Veuillez les lire attentivement.<\/span><\/p><p>\u00a0<\/p><h3><span style=\"color: #212529;\"><b>1. Acceptation des Conditions<\/b><\/span><\/h3><p><span style=\"font-weight: 400; color: #212529;\">En acc\u00e9dant et en utilisant nos Services, vous reconnaissez avoir lu, compris et accept\u00e9 d&#8217;\u00eatre li\u00e9 par ces Conditions ainsi que toutes les lois et r\u00e9glementations applicables. Si vous n&#8217;\u00eates pas d&#8217;accord avec une partie de ces Conditions, vous ne devez pas utiliser nos Services.<\/span><\/p><p>\u00a0<\/p><h3><span style=\"color: #212529;\"><b>2. Modifications des Con<\/b><\/span><span style=\"color: #212529;\"><b>ditions<\/b><\/span><\/h3><p><span style=\"font-weight: 400; color: #212529;\">CodiCo se r\u00e9serve le droit de modifier ou de mettre \u00e0 jour ces Conditions \u00e0 tout moment sans pr\u00e9avis. Votre utilisation continue des Services apr\u00e8s toute modification constitue l&#8217;acceptation de ces modifications. Il est de votre responsabilit\u00e9 de consulter ces Conditions p\u00e9riodiquement.<\/span><\/p><p>\u00a0<\/p><h3><span style=\"color: #212529;\"><b>3. Services<\/b><\/span><\/h3><p><span style=\"font-weight: 400; color: #212529;\">CodiCo propose des services de d\u00e9veloppement web, y compris, mais sans s&#8217;y limiter, la conception de sites web, le d\u00e9veloppement web, le d\u00e9veloppement mobile, la maintenance de sites web et l&#8217;h\u00e9bergement. Des conditions sp\u00e9cifiques peuvent s&#8217;appliquer \u00e0 certains services, qui seront d\u00e9taill\u00e9es dans un accord distinct si n\u00e9cessaire.<\/span><\/p><p>\u00a0<\/p><h3><span style=\"color: #212529;\"><b>4. Utilisation du Site<\/b><\/span><\/h3><p><span style=\"font-weight: 400; color: #212529;\">Vous acceptez d&#8217;utiliser le Site uniquement \u00e0 des fins l\u00e9gales et de mani\u00e8re \u00e0 ne pas enfreindre les droits d&#8217;autrui, restreindre ou inhiber l&#8217;utilisation et le plaisir de toute autre personne sur le Site. Les comportements interdits incluent le harc\u00e8lement ou le fait de causer des d\u00e9sagr\u00e9ments \u00e0 tout autre utilisateur, la transmission de contenu obsc\u00e8ne ou offensant, ou la perturbation du flux normal de dialogue sur le Site.<\/span><\/p><p>\u00a0<\/p><h3><span style=\"color: #212529;\"><b>5. Propri\u00e9t\u00e9 Intellectuelle<\/b><\/span><\/h3><p><span style=\"font-weight: 400; color: #212529;\">Tout le contenu, la conception, les graphiques, les logos et autres mat\u00e9riaux pr\u00e9sents sur le Site sont la propri\u00e9t\u00e9 intellectuelle de CodiCo ou de ses conc\u00e9dants et sont prot\u00e9g\u00e9s par des lois sur le droit d&#8217;auteur, les marques commerciales et d&#8217;autres lois sur la propri\u00e9t\u00e9 intellectuelle. Vous ne pouvez pas reproduire, distribuer ou cr\u00e9er des \u0153uvres d\u00e9riv\u00e9es de tout contenu pr\u00e9sent sur le Site sans l&#8217;autorisation \u00e9crite expresse de CodiCo.<\/span><\/p><p>\u00a0<\/p><h3><span style=\"color: #212529;\"><b>6. Contenu Utilisateur<\/b><\/span><\/h3><p><span style=\"font-weight: 400; color: #212529;\">Tout contenu que vous soumettez \u00e0 CodiCo, y compris, mais sans s&#8217;y limiter, les retours, commentaires et suggestions, sera consid\u00e9r\u00e9 comme non confidentiel et non exclusif. En soumettant ce contenu, vous accordez \u00e0 CodiCo une licence mondiale, gratuite, perp\u00e9tuelle, irr\u00e9vocable et pouvant \u00eatre c\u00e9d\u00e9e pour utiliser, reproduire, modifier, adapter, publier, traduire, cr\u00e9er des \u0153uvres d\u00e9riv\u00e9es, distribuer et afficher ce contenu.<\/span><\/p><p>\u00a0<\/p><h3><span style=\"color: #212529;\"><b>7. Confidentialit\u00e9<\/b><\/span><\/h3><p><span style=\"font-weight: 400; color: #212529;\">Votre vie priv\u00e9e est importante pour nous. Veuillez consulter notre politique de confidentialit\u00e9, qui explique comment nous collectons, utilisons et divulguons les informations relatives \u00e0 votre vie priv\u00e9e. En utilisant nos Services, vous consentez \u00e0 la collecte et \u00e0 l&#8217;utilisation de vos donn\u00e9es personnelles comme indiqu\u00e9 dans la politique de confidentialit\u00e9.<\/span><\/p><p>\u00a0<\/p><h3><span style=\"color: #212529;\"><b>8. Conditions de Paiement<\/b><\/span><\/h3><p><span style=\"font-weight: 400; color: #212529;\">Tous les frais pour les Services sont dus conform\u00e9ment aux termes d\u00e9finis dans l&#8217;accord de service ou la facture sp\u00e9cifique. Les paiements doivent \u00eatre effectu\u00e9s rapidement et int\u00e9gralement. CodiCo se r\u00e9serve le droit de suspendre ou de r\u00e9silier les Services si le paiement n&#8217;est pas re\u00e7u \u00e0 temps.<\/span><\/p><p>\u00a0<\/p><h3><span style=\"color: #212529;\"><b>9. Service de Maintenance<\/b><\/span><\/h3><p>\u00a0<\/p><p><strong><span style=\"color: #212529;\">Heures de d\u00e9veloppement dans le plan de maintenance :<\/span><\/strong><\/p><p><span style=\"font-weight: 400; color: #212529;\">Les heures de d\u00e9veloppement incluses dans le plan de maintenance sont allou\u00e9es sur une base mensuelle.<\/span><\/p><p>\u00a0<\/p><p><strong><span style=\"color: #212529;\">Accumulation et transfert des heures\u00a0:<\/span><\/strong><\/p><p><span style=\"font-weight: 400; color: #212529;\">Les heures de d\u00e9veloppement non utilis\u00e9es dans un mois ne sont pas report\u00e9es ni transf\u00e9r\u00e9es aux mois suivants.<\/span><\/p><p>\u00a0<\/p><p><strong><span style=\"color: #212529;\">Mise \u00e0 jour du th\u00e8me et des plugins WordPress\u00a0:<\/span><\/strong><\/p><p><span style=\"font-weight: 400; color: #212529;\">Les plans de maintenance &#8220;Middle&#8221; et &#8220;Professional&#8221; incluent les mises \u00e0 jour de base des plugins, des th\u00e8mes et du c\u0153ur. Cependant, ils ne couvrent pas les heures de d\u00e9veloppement n\u00e9cessaires pour ajuster les personnalisations pr\u00e9c\u00e9dentes, les plugins, ou r\u00e9soudre les probl\u00e8mes impr\u00e9vus r\u00e9sultant des mises \u00e0 jour. Les frais li\u00e9s au temps pour ces t\u00e2ches sont factur\u00e9s s\u00e9par\u00e9ment.<\/span><\/p><p>\u00a0<\/p><p><strong><span style=\"color: #212529;\">Optimisation de la vitesse du site web\u00a0:<\/span><\/strong><\/p><p><span style=\"font-weight: 400; color: #212529;\">Tous les plans incluent une optimisation de base, ax\u00e9e sur la configuration du logiciel. Cependant, les ajustements n\u00e9cessitant la configuration du serveur, l&#8217;augmentation des limites ou des mises \u00e0 niveau mat\u00e9rielles ne rel\u00e8vent pas de la responsabilit\u00e9 de CodiCo pour optimiser les performances de la vitesse du site.<\/span><\/p><p>\u00a0<\/p><h3><span style=\"color: #212529;\"><b>10. Renouvellement Automatique<\/b><\/span><\/h3><p><span style=\"font-weight: 400; color: #212529;\">Sauf annulation via votre panneau de compte personnel, votre abonnement sera renouvel\u00e9 automatiquement. En renouvelant, vous nous autorisez \u00e0 pr\u00e9lever la redevance d&#8217;abonnement annuelle ou trimestrielle applicable (y compris toutes taxes) en utilisant toute carte de cr\u00e9dit ou m\u00e9thode de paiement que nous avons dans nos dossiers.<\/span><\/p><p>\u00a0<\/p><p><span style=\"font-weight: 400; color: #212529;\">Si votre abonnement se renouvelle automatiquement, les remboursements pour le trimestre en cours ne seront pas disponibles \u00e0 partir de la date de renouvellement. Cependant, vous conserverez l&#8217;acc\u00e8s aux avantages de votre abonnement jusqu&#8217;\u00e0 la fin de la p\u00e9riode de facturation du trimestre actuel.<\/span><\/p><p>\u00a0<\/p><h3><span style=\"color: #212529;\"><b>11. Politique d&#8217;Annulation d&#8217;Abonnement<\/b><\/span><\/h3><p><span style=\"font-weight: 400; color: #212529;\">Lorsque vous d\u00e9cidez d&#8217;annuler un abonnement mensuel, veuillez prendre en compte les termes suivants\u00a0:<\/span><\/p><p>\u00a0<\/p><ul class=\"custom-li\"><li><span style=\"color: #212529;\"><span style=\"color: #212529;\"><b>Processus d&#8217;annulation\u00a0:<\/b><span style=\"font-weight: 400;\"> Vous devez initier l&#8217;annulation via votre panneau de compte personnel. Nos gestionnaires ou le personnel de support ne peuvent pas initier l&#8217;annulation en votre nom.<\/span><\/span><\/span><\/li><li><span style=\"color: #212529;\"><span style=\"color: #212529;\"><b>Derni\u00e8re mise \u00e0 jour\u00a0:<\/b><span style=\"font-weight: 400;\"> Votre annulation prendra effet \u00e0 la fin de la p\u00e9riode de facturation du mois en cours.<\/span><\/span><\/span><\/li><li style=\"font-weight: 400;\" aria-level=\"1\"><span style=\"color: #212529;\"><b>Remboursements\u00a0:<\/b><span style=\"font-weight: 400;\"> Nous ne fournissons pas de remboursements pour toute p\u00e9riode restante de la facturation du mois en cours. Cependant, vous conserverez l&#8217;acc\u00e8s aux avantages de votre abonnement jusqu&#8217;\u00e0 la fin du mois en cours.<\/span><\/span><\/li><li style=\"font-weight: 400;\" aria-level=\"1\"><span style=\"color: #212529;\"><b>Heures de d\u00e9veloppement\u00a0:<\/b><span style=\"font-weight: 400;\"> Les heures mensuelles non utilis\u00e9es expireront \u00e0 la fin de chaque mois.<\/span><\/span><\/li><\/ul><p>\u00a0<\/p><p><strong><span style=\"color: #212529;\">Pour les abonnements annuels, veuillez noter les sp\u00e9cificit\u00e9s suivantes\u00a0:<\/span><\/strong><\/p><p>\u00a0<\/p><ul class=\"custom-li\"><li style=\"font-weight: 400;\" aria-level=\"1\"><span style=\"color: #212529;\"><b>Calcul du remboursement\u00a0:<\/b><span style=\"font-weight: 400;\"> Si vous annulez un abonnement annuel, vous recevrez un remboursement pour les mois non utilis\u00e9s. Le calcul du remboursement d\u00e9duit la valeur des mois d\u00e9j\u00e0 utilis\u00e9s du montant total de l&#8217;abonnement annuel au tarif mensuel.<\/span><\/span><\/li><li style=\"font-weight: 400;\" aria-level=\"1\"><span style=\"color: #212529;\"><b>Heures de d\u00e9veloppement\u00a0:<\/b><span style=\"font-weight: 400;\"> Si vous annulez un abonnement annuel apr\u00e8s avoir utilis\u00e9 les heures de d\u00e9veloppement incluses, aucun remboursement ne sera effectu\u00e9 pour ces heures.<\/span><\/span><\/li><\/ul><p>\u00a0<\/p><p><span style=\"font-weight: 400; color: #212529;\">Pour toute clarification ou assistance concernant votre abonnement, veuillez nous contacter \u00e0 [<span style=\"color: #0000ff;\"><a style=\"color: #0000ff;\" href=\"https:\/\/codico.io\/fr\/demandez-un-devis-gratuit\/\" target=\"_blank\" rel=\"noopener\">Formulaire de Contact<\/a><\/span>].<\/span><\/p><p>\u00a0<\/p><h3><strong><span style=\"color: #212529;\">12. Service de D\u00e9veloppement et de Personnalisation<\/span><\/strong><\/h3><p><strong><span style=\"color: #212529;\">Stabilit\u00e9 de nos personnalisations\u00a0:<\/span><\/strong><\/p><p><span style=\"font-weight: 400; color: #212529;\">Nous ne pouvons pas garantir la compatibilit\u00e9 des personnalisations que nous avons mises en place si l&#8217;une des actions suivantes est effectu\u00e9e\u00a0:<\/span><\/p><p>\u00a0<\/p><ul class=\"custom-li\"><li style=\"font-weight: 400;\" aria-level=\"1\"><span style=\"font-weight: 400; color: #212529;\">Mise \u00e0 jour des th\u00e8mes<\/span><\/li><li style=\"font-weight: 400;\" aria-level=\"1\"><span style=\"font-weight: 400; color: #212529;\">Mise \u00e0 jour des plugins<\/span><\/li><li style=\"font-weight: 400;\" aria-level=\"1\"><span style=\"font-weight: 400; color: #212529;\">Mise \u00e0 jour de WordPress<\/span><\/li><li style=\"font-weight: 400;\" aria-level=\"1\"><span style=\"font-weight: 400; color: #212529;\">Toute modification ou personnalisation effectu\u00e9e directement par le client<\/span><\/li><li style=\"font-weight: 400;\" aria-level=\"1\"><span style=\"font-weight: 400; color: #212529;\">Migration vers un h\u00e9bergement web ou des environnements de serveur diff\u00e9rents<\/span><\/li><\/ul><p>\u00a0<\/p><p><span style=\"font-weight: 400; color: #212529;\">L&#8217;impl\u00e9mentation de l&#8217;une des actions ci-dessus pourrait potentiellement entra\u00eener des probl\u00e8mes de stabilit\u00e9 ou de fonctionnement de certaines parties de nos personnalisations, malgr\u00e9 nos efforts pour les impl\u00e9menter au sein des th\u00e8mes enfants, qui offrent g\u00e9n\u00e9ralement une protection contre de tels probl\u00e8mes.<\/span><\/p><p>\u00a0<\/p><p><strong><span style=\"color: #212529;\">P\u00e9riode de garantie\u00a0:<\/span><\/strong><\/p><p><span style=\"font-weight: 400; color: #212529;\">Nous offrons une p\u00e9riode de garantie d&#8217;un mois pour les personnalisations effectu\u00e9es par notre \u00e9quipe. Pendant cette p\u00e9riode, si des bogues ou des probl\u00e8mes surviennent li\u00e9s aux personnalisations que nous avons mises en \u0153uvre, nous les corrigerons gratuitement. Cette p\u00e9riode de garantie commence \u00e0 partir de la date de livraison du projet.<\/span><\/p><p>\u00a0<\/p><p><strong><span style=\"color: #212529;\">Support apr\u00e8s la p\u00e9riode de garantie\u00a0:<\/span><\/strong><\/p><p><span style=\"font-weight: 400; color: #212529;\">Tout bogue ou probl\u00e8me signal\u00e9 apr\u00e8s la fin de la p\u00e9riode de garantie d&#8217;un mois sera trait\u00e9 comme un nouveau projet. Les clients seront factur\u00e9s en cons\u00e9quence pour la r\u00e9solution de ces probl\u00e8mes.<\/span><\/p><p>\u00a0<\/p><h3><span style=\"color: #212529;\"><b>13. Liens vers des sites tiers<\/b><\/span><\/h3><p><span style=\"font-weight: 400; color: #212529;\">Les sites Web de CodiCo et\/ou les services pr\u00e9sent\u00e9s sur ceux-ci peuvent contenir des liens vers des sites Web tiers, des publicit\u00e9s, des services, des offres sp\u00e9ciales ou d&#8217;autres entit\u00e9s commerciales ou commerciales sur Internet (collectivement appel\u00e9s &#8220;Sites tiers&#8221;), qui ne sont ni d\u00e9tenus ni contr\u00f4l\u00e9s par CodiCo ou ses affili\u00e9s. En acc\u00e9dant ou en utilisant ces Sites tiers, vous reconnaissez et acceptez que CodiCo et ses affili\u00e9s ne cautionnent ni n&#8217;assument la responsabilit\u00e9 du contenu, des produits, des services ou des activit\u00e9s propos\u00e9es par ces Sites tiers.<\/span><\/p><p>\u00a0<\/p><p><span style=\"font-weight: 400; color: #212529;\">Vous comprenez et acceptez que votre d\u00e9cision d&#8217;acc\u00e9der ou d&#8217;utiliser les Sites tiers se fait \u00e0 vos risques et p\u00e9rils. CodiCo ne pourra \u00eatre tenu responsable des dommages directs ou indirects ou des pertes d\u00e9coulant de votre utilisation des Sites tiers, y compris, mais sans s&#8217;y limiter, les dommages accessoires ou cons\u00e9cutifs. Cette exclusion de responsabilit\u00e9 s&#8217;applique \u00e0 tout sponsor occasionnel ou permanent que CodiCo pourrait approuver de temps en temps.<\/span><\/p><p>\u00a0<\/p><p><span style=\"font-weight: 400; color: #212529;\">Nous vous conseillons vivement de consulter les conditions g\u00e9n\u00e9rales, les conditions d&#8217;utilisation ainsi que les politiques de confidentialit\u00e9 et de cookies de tout Site tiers que vous choisissez d&#8217;acc\u00e9der.<\/span><\/p><p>\u00a0<\/p><h3><span style=\"color: #212529;\"><b>14. Titres des sections<\/b><\/span><\/h3><p><span style=\"font-weight: 400; color: #212529;\">Les titres des sections de cet accord sont fournis \u00e0 titre de commodit\u00e9 uniquement et n&#8217;affectent pas le sens ou l&#8217;interpr\u00e9tation de toute disposition de cet accord.<\/span><\/p><p>\u00a0<\/p><h3><span style=\"color: #212529;\"><b>15. Cession<\/b><\/span><\/h3><p><span style=\"font-weight: 400; color: #212529;\">Cet accord, y compris tous les droits et licences qui y sont accord\u00e9s, ne peut \u00eatre transf\u00e9r\u00e9 par aucun utilisateur \u00e0 des tiers sans l&#8217;autorisation \u00e9crite pr\u00e9alable de CodiCo. Vous reconnaissez et acceptez que CodiCo puisse transf\u00e9rer et c\u00e9der ces Conditions \u00e0 ses affili\u00e9s, filiales ou successeurs \u00e9ventuels sans pr\u00e9avis, et cette cession sera effective d\u00e8s son ach\u00e8vement.<\/span><\/p><p>\u00a0<\/p><h3><span style=\"color: #212529;\"><b>16. Versions traduites<\/b><\/span><\/h3><p><span style=\"font-weight: 400; color: #212529;\">Si vous lisez cet accord dans une langue autre que sa langue originale (anglais am\u00e9ricain), la version originale en anglais am\u00e9ricain pr\u00e9vaudra en cas de divergences ou de diff\u00e9rences d&#8217;interpr\u00e9tation.<\/span><\/p><p>\u00a0<\/p><h3><span style=\"color: #212529;\"><b>17. R\u00e9siliation<\/b><\/span><\/h3><p><span style=\"font-weight: 400; color: #212529;\">CodiCo se r\u00e9serve le droit de r\u00e9silier votre acc\u00e8s au site et aux services, sans motif ni pr\u00e9avis, ce qui pourrait entra\u00eener la perte et la destruction de toutes les informations associ\u00e9es \u00e0 vous. Toutes les dispositions de ces Conditions qui, de par leur nature, doivent survivre \u00e0 la r\u00e9siliation survivront \u00e0 la r\u00e9siliation, y compris, mais sans s&#8217;y limiter, les dispositions sur la propri\u00e9t\u00e9, les exclusions de garantie, l&#8217;indemnisation et les limitations de responsabilit\u00e9.<\/span><\/p><p>\u00a0<\/p><h3><span style=\"color: #212529;\"><b>18. Limitation de responsabilit\u00e9<\/b><\/span><\/h3><p><span style=\"font-weight: 400; color: #212529;\">En aucun cas, CodiCo, ni ses directeurs, employ\u00e9s, partenaires, agents, fournisseurs ou affili\u00e9s, ne pourra \u00eatre tenu responsable des dommages indirects, accessoires, sp\u00e9ciaux, cons\u00e9cutifs ou punitifs, y compris, sans limitation, la perte de profits, de donn\u00e9es, d&#8217;utilisation, de goodwill ou d&#8217;autres pertes immat\u00e9rielles, r\u00e9sultant de (i) votre utilisation ou votre incapacit\u00e9 \u00e0 utiliser les Services ; (ii) tout acc\u00e8s non autoris\u00e9 \u00e0 ou utilisation de nos serveurs et\/ou de toute information personnelle stock\u00e9e dans ceux-ci ; (iii) toute interruption ou cessation de transmission vers ou depuis les Services ; (iv) tout bogue, virus, cheval de Troie, ou autre, pouvant \u00eatre transmis \u00e0 ou par nos Services par un tiers ; (v) toute erreur ou omission dans le contenu ou pour toute perte ou dommage encouru \u00e0 la suite de l&#8217;utilisation de tout contenu publi\u00e9, envoy\u00e9 par e-mail, transmis ou autrement mis \u00e0 disposition via les Services ; et\/ou (vi) la conduite diffamatoire, offensante ou ill\u00e9gale de tout tiers. En aucun cas, la responsabilit\u00e9 de CodiCo ne pourra exc\u00e9der les montants pay\u00e9s par vous \u00e0 CodiCo pour le travail en cours.<\/span><\/p><p>\u00a0<\/p><h3><span style=\"color: #212529;\"><b>19. Indemnisation<\/b><\/span><\/h3><p><span style=\"font-weight: 400; color: #212529;\">Vous acceptez de d\u00e9fendre, indemniser et d\u00e9gager de toute responsabilit\u00e9 CodiCo et ses filiales, agents, conc\u00e9dants de licence, gestionnaires, et autres soci\u00e9t\u00e9s affili\u00e9es, ainsi que leurs employ\u00e9s, sous-traitants, agents, dirigeants et administrateurs, contre toutes r\u00e9clamations, dommages, obligations, pertes, responsabilit\u00e9s, co\u00fbts ou dettes, et d\u00e9penses (y compris, mais sans s&#8217;y limiter, les honoraires d&#8217;avocat) d\u00e9coulant de : (i) votre utilisation et votre acc\u00e8s aux Services ; (ii) votre violation de toute condition de ces Conditions ; (iii) votre violation de tout droit de tiers, y compris, mais sans s&#8217;y limiter, tout droit \u00e0 la vie priv\u00e9e ou droit de propri\u00e9t\u00e9 intellectuelle ; (iv) votre violation de toute loi, r\u00e8gle ou r\u00e9glementation des \u00c9tats-Unis ou de tout autre pays ; (v) toute r\u00e9clamation ou dommage r\u00e9sultant de tout contenu utilisateur soumis via votre compte ; ou (vi) tout autre acc\u00e8s et utilisation des Services par une autre partie avec votre nom d&#8217;utilisateur, mot de passe ou autre code de s\u00e9curit\u00e9 appropri\u00e9.<\/span><\/p><p>\u00a0<\/p><h3><span style=\"color: #212529;\"><b>20. Droit applicable<\/b><\/span><\/h3><p><span style=\"font-weight: 400; color: #212529;\">Ces Conditions seront r\u00e9gies et interpr\u00e9t\u00e9es conform\u00e9ment aux lois de la ville o\u00f9 CodiCo op\u00e8re, sans tenir compte de ses dispositions sur les conflits de lois.<\/span><\/p><p>\u00a0<\/p><h3><span style=\"color: #212529;\"><b>21. R\u00e9solution des conflits<\/b><\/span><\/h3><p>\u00a0<\/p><p><span style=\"font-weight: 400; color: #212529;\">Ces Conditions G\u00e9n\u00e9rales s&#8217;appliquent conform\u00e9ment \u00e0 la l\u00e9gislation en vigueur en Irlande.<\/span><\/p><p>\u00a0<\/p><p><span style=\"font-weight: 400; color: #212529;\">Le contrat conclu entre la Soci\u00e9t\u00e9 et vous en tant que Client est r\u00e9gi par la l\u00e9gislation IR et la l\u00e9gislation internationale applicable.<\/span><\/p><p>\u00a0<\/p><p><span style=\"font-weight: 400; color: #212529;\">Tout litige rel\u00e8ve de la comp\u00e9tence des tribunaux irlandais et sera soumis \u00e0 ces tribunaux.<\/span><\/p><p>\u00a0<\/p><p><span style=\"font-weight: 400; color: #212529;\">L&#8217;invalidit\u00e9 ou l&#8217;inapplicabilit\u00e9 de certaines dispositions dans ces Conditions G\u00e9n\u00e9rales n&#8217;affecte pas la validit\u00e9 ou l&#8217;applicabilit\u00e9 des autres dispositions, qui resteront valables.<\/span><\/p><p>\u00a0<\/p><h3><span style=\"color: #212529;\"><b>22. Accord complet<\/b><\/span><\/h3><p><span style=\"font-weight: 400; color: #212529;\">Ces Conditions constituent l&#8217;int\u00e9gralit\u00e9 de l&#8217;accord entre vous et CodiCo concernant l&#8217;utilisation des Services et remplacent tous les accords ant\u00e9rieurs, qu&#8217;ils soient \u00e9crits ou verbaux, entre vous et CodiCo concernant les Services.<\/span><\/p><p>\u00a0<\/p><h3><span style=\"color: #212529;\"><b>23. Informations de contact<\/b><\/span><\/h3><p><span style=\"font-weight: 400; color: #212529;\">Si vous avez des questions concernant ces Conditions, veuillez nous contacter \u00e0 :<\/span><\/p><p>\u00a0<\/p><p><span style=\"color: #212529;\"><span style=\"font-weight: 400;\"><strong>BILTO GROUP LLC<\/strong><\/span><\/span><span style=\"color: #212529;\"><span style=\"font-weight: 400;\">Conrad Business Center, bureau 1004, 10e \u00e9tage, Sheikh Zayed Rd \u2013 Trade Centre \u2013 Trade Centre 1, Duba\u00ef, \u00c9mirats Arabes Unis.<\/span><\/span><\/p><p>\u00a0<\/p><p><span style=\"color: #212529;\"><span style=\"color: #0000ff;\"><a style=\"color: #0000ff;\" href=\"mailto:info@codico.io\"><span style=\"font-weight: 400;\">info@codico.io<\/span><\/a><\/span><br \/><\/span><\/p><p>\u00a0<\/p><p><span style=\"font-weight: 400; color: #212529;\">Merci d&#8217;avoir choisi CodiCo pour vos besoins en d\u00e9veloppement web.<\/span><\/p>\t\t\t\t\t\t<\/div>\n\t\t\t\t<\/div>\n\t\t\t\t\t<\/div>\n\t\t<\/div>\n\t\t\t\t<div class=\"elementor-column elementor-col-33 elementor-top-column elementor-element elementor-element-7f0c8da\" data-id=\"7f0c8da\" data-element_type=\"column\">\n\t\t\t<div class=\"elementor-widget-wrap\">\n\t\t\t\t\t\t\t<\/div>\n\t\t<\/div>\n\t\t\t\t\t<\/div>\n\t\t<\/section>\n\t\t\t\t<\/div>\n\t\t","protected":false},"excerpt":{"rendered":"<p>Derni\u00e8re mise \u00e0 jour : [25.06.2024] \u00a0 Bienvenue sur CodiCo ! Ces conditions g\u00e9n\u00e9rales (&#8220;Conditions&#8221;) r\u00e9gissent votre utilisation de notre site Web et de nos services. En acc\u00e9dant ou en utilisant le site CodiCo.io (le &#8220;Site&#8221;) et nos services de d\u00e9veloppement web (collectivement, les &#8220;Services&#8221;), vous acceptez de vous conformer \u00e0 ces Conditions et d&#8217;\u00eatre [&hellip;]<\/p>\n","protected":false},"author":1,"featured_media":0,"parent":0,"menu_order":0,"comment_status":"closed","ping_status":"closed","template":"","meta":{"footnotes":""},"class_list":["post-10251","page","type-page","status-publish","hentry"],"aioseo_notices":[],"_links":{"self":[{"href":"https:\/\/codico.io\/fr\/wp-json\/wp\/v2\/pages\/10251","targetHints":{"allow":["GET"]}}],"collection":[{"href":"https:\/\/codico.io\/fr\/wp-json\/wp\/v2\/pages"}],"about":[{"href":"https:\/\/codico.io\/fr\/wp-json\/wp\/v2\/types\/page"}],"author":[{"embeddable":true,"href":"https:\/\/codico.io\/fr\/wp-json\/wp\/v2\/users\/1"}],"replies":[{"embeddable":true,"href":"https:\/\/codico.io\/fr\/wp-json\/wp\/v2\/comments?post=10251"}],"version-history":[{"count":0,"href":"https:\/\/codico.io\/fr\/wp-json\/wp\/v2\/pages\/10251\/revisions"}],"wp:attachment":[{"href":"https:\/\/codico.io\/fr\/wp-json\/wp\/v2\/media?parent=10251"}],"curies":[{"name":"wp","href":"https:\/\/api.w.org\/{rel}","templated":true}]}}