{"id":13653,"date":"2025-02-21T09:08:45","date_gmt":"2025-02-21T09:08:45","guid":{"rendered":"https:\/\/codico.io\/demo-du-formulaire-de-reservation-sur-le-site-web\/"},"modified":"2025-04-29T10:46:48","modified_gmt":"2025-04-29T10:46:48","slug":"demo-du-formulaire-de-reservation-sur-le-site-web","status":"publish","type":"page","link":"https:\/\/codico.io\/fr\/demo-du-formulaire-de-reservation-sur-le-site-web\/","title":{"rendered":"D\u00e9mo du formulaire de r\u00e9servation sur le site web"},"content":{"rendered":"<p class=\"has-text-align-left\">Veuillez utiliser ces adresses pour tester le formulaire de r\u00e9servation.<br> Comme il s&#8217;agit d&#8217;un widget de d\u00e9monstration, ces adresses ont \u00e9t\u00e9 test\u00e9es et fonctionnent parfaitement.<\/p><p class=\"has-text-align-left\"><br>\n<p class=\"has-text-align-left\"><strong>De : <\/strong> A\u00e9roport de Bruxelles (BRU), Leopoldlaan, Zaventem, Belgique<br> <strong>\u00c0 :<\/strong> Bruxelles, Belgique<\/p>\n<br><br><\/p><script src=\"https:\/\/demo.codico.io\/widget\/main.js\"><\/script>\n<at-widget-booking locale=\"fr\" tab=\"cityTaxi\" last-books=\"no\" hide-ride-types=\"transfer, delivery\"><\/at-widget-booking><p><\/p>","protected":false},"excerpt":{"rendered":"<p>Veuillez utiliser ces adresses pour tester le formulaire de r\u00e9servation. Comme il s&#8217;agit d&#8217;un widget de d\u00e9monstration, ces adresses ont \u00e9t\u00e9 test\u00e9es et fonctionnent parfaitement. De : A\u00e9roport de Bruxelles (BRU), Leopoldlaan, Zaventem, Belgique \u00c0 : Bruxelles, Belgique<\/p>\n","protected":false},"author":1,"featured_media":0,"parent":0,"menu_order":0,"comment_status":"closed","ping_status":"closed","template":"","meta":{"footnotes":""},"class_list":["post-13653","page","type-page","status-publish","hentry"],"aioseo_notices":[],"_links":{"self":[{"href":"https:\/\/codico.io\/fr\/wp-json\/wp\/v2\/pages\/13653","targetHints":{"allow":["GET"]}}],"collection":[{"href":"https:\/\/codico.io\/fr\/wp-json\/wp\/v2\/pages"}],"about":[{"href":"https:\/\/codico.io\/fr\/wp-json\/wp\/v2\/types\/page"}],"author":[{"embeddable":true,"href":"https:\/\/codico.io\/fr\/wp-json\/wp\/v2\/users\/1"}],"replies":[{"embeddable":true,"href":"https:\/\/codico.io\/fr\/wp-json\/wp\/v2\/comments?post=13653"}],"version-history":[{"count":0,"href":"https:\/\/codico.io\/fr\/wp-json\/wp\/v2\/pages\/13653\/revisions"}],"wp:attachment":[{"href":"https:\/\/codico.io\/fr\/wp-json\/wp\/v2\/media?parent=13653"}],"curies":[{"name":"wp","href":"https:\/\/api.w.org\/{rel}","templated":true}]}}