{"id":21903,"date":"2026-02-25T10:34:40","date_gmt":"2026-02-25T10:34:40","guid":{"rendered":"https:\/\/codico.io\/session-de-mise-en-route-de-30-minutes\/"},"modified":"2026-02-26T05:06:12","modified_gmt":"2026-02-26T05:06:12","slug":"session-de-mise-en-route-de-30-minutes","status":"publish","type":"page","link":"https:\/\/codico.io\/fr\/session-de-mise-en-route-de-30-minutes\/","title":{"rendered":"Session de mise en route de 30 minutes"},"content":{"rendered":"\t\t<div data-elementor-type=\"wp-page\" data-elementor-id=\"21903\" class=\"elementor elementor-21903 elementor-21892\">\n\t\t\t\t\t\t<section class=\"elementor-section elementor-top-section elementor-element elementor-element-219383b0 elementor-section-boxed elementor-section-height-default elementor-section-height-default false\" data-id=\"219383b0\" data-element_type=\"section\">\n\t\t\t\t\t\t<div class=\"elementor-container elementor-column-gap-default\">\n\t\t\t\t\t<div class=\"elementor-column elementor-col-100 elementor-top-column elementor-element elementor-element-2de3bc3a\" data-id=\"2de3bc3a\" data-element_type=\"column\">\n\t\t\t<div class=\"elementor-widget-wrap elementor-element-populated\">\n\t\t\t\t\r\n\t\t<div class=\"elementor-element elementor-element-e4bb113 elementor-widget elementor-widget-text-editor\" data-id=\"e4bb113\" data-element_type=\"widget\" data-widget_type=\"text-editor.default\">\n\t\t\t\t<div class=\"elementor-widget-container\">\n\t\t\t\t\t\t\t<h1 style=\"text-align: center; font-weight: bold; font-size: 32px !important; line-height: 40px !important; color: #273044; margin-bottom: 16px !important; margin-top: 32px !important;\">Session de mise en route de 30 minutes<\/h1>\n<p style=\"text-align: center; font-weight: 400; font-size: 18px; line-height: 26px; color: #7d838f; margin-bottom: 28px;\">Assurez-vous que votre syst\u00e8me est bien param\u00e9tr\u00e9 d\u00e8s le premier jour. Cette session en direct sur Zoom vous aide \u00e0 adapter les r\u00e9servations, les prix et les r\u00e9glages op\u00e9rationnels aux besoins r\u00e9els de votre entreprise. Lancez votre activit\u00e9 en toute confiance ! <\/p>\n\t\t\t\t\t\t<\/div>\n\t\t\t\t<\/div>\n\t\t\t\t<div class=\"elementor-element elementor-element-36209aea elementor-widget elementor-widget-text-editor\" data-id=\"36209aea\" data-element_type=\"widget\" data-widget_type=\"text-editor.default\">\n\t\t\t\t<div class=\"elementor-widget-container\">\n\t\t\t\t\t\t\t&nbsp;\n\n<div class=\"calendly-inline-widget\" data-url=\"https:\/\/calendly.com\/codico-taxi-dispatch-software\/30-minute-onboarding-session?hide_gdpr_banner=1\" style=\"min-width:320px;height:700px;\"><\/div>\n<script type=\"text\/javascript\" src=\"https:\/\/assets.calendly.com\/assets\/external\/widget.js\" async=\"\"><\/script>\n\t\t\t\t\t\t<\/div>\n\t\t\t\t<\/div>\n\t\t\t\t\t<\/div>\n\t\t<\/div>\n\t\t\t\t\t<\/div>\n\t\t<\/section>\n\t\t\t\t<\/div>\n\t\t","protected":false},"excerpt":{"rendered":"<p>Session de mise en route de 30 minutes Assurez-vous que votre syst\u00e8me est bien param\u00e9tr\u00e9 d\u00e8s le premier jour. Cette session en direct sur Zoom vous aide \u00e0 adapter les r\u00e9servations, les prix et les r\u00e9glages op\u00e9rationnels aux besoins r\u00e9els de votre entreprise. Lancez votre activit\u00e9 en toute confiance ! &nbsp;<\/p>\n","protected":false},"author":1,"featured_media":0,"parent":0,"menu_order":0,"comment_status":"closed","ping_status":"closed","template":"templates\/landing.php","meta":{"footnotes":""},"class_list":["post-21903","page","type-page","status-publish","hentry"],"aioseo_notices":[],"_links":{"self":[{"href":"https:\/\/codico.io\/fr\/wp-json\/wp\/v2\/pages\/21903","targetHints":{"allow":["GET"]}}],"collection":[{"href":"https:\/\/codico.io\/fr\/wp-json\/wp\/v2\/pages"}],"about":[{"href":"https:\/\/codico.io\/fr\/wp-json\/wp\/v2\/types\/page"}],"author":[{"embeddable":true,"href":"https:\/\/codico.io\/fr\/wp-json\/wp\/v2\/users\/1"}],"replies":[{"embeddable":true,"href":"https:\/\/codico.io\/fr\/wp-json\/wp\/v2\/comments?post=21903"}],"version-history":[{"count":1,"href":"https:\/\/codico.io\/fr\/wp-json\/wp\/v2\/pages\/21903\/revisions"}],"predecessor-version":[{"id":21904,"href":"https:\/\/codico.io\/fr\/wp-json\/wp\/v2\/pages\/21903\/revisions\/21904"}],"wp:attachment":[{"href":"https:\/\/codico.io\/fr\/wp-json\/wp\/v2\/media?parent=21903"}],"curies":[{"name":"wp","href":"https:\/\/api.w.org\/{rel}","templated":true}]}}